{"id":9809,"date":"2025-08-04T12:20:18","date_gmt":"2025-08-04T09:20:18","guid":{"rendered":"https:\/\/vtm.group\/product\/bvi-03-88\/"},"modified":"2026-02-20T15:44:04","modified_gmt":"2026-02-20T13:44:04","slug":"bvi-03-88","status":"publish","type":"product","link":"https:\/\/vtm.group\/fr\/product\/bvi-03-88\/","title":{"rendered":"BVI-03-88"},"content":{"rendered":"","protected":false},"featured_media":9810,"parent":0,"template":"","meta":{"_acf_changed":false,"_kb_optimizer_status":0,"_kad_blocks_custom_css":"","_kad_blocks_head_custom_js":"","_kad_blocks_body_custom_js":"","_kad_blocks_footer_custom_js":"","_kadence_starter_templates_imported_post":false,"_kad_post_transparent":"","_kad_post_title":"","_kad_post_layout":"","_kad_post_sidebar_id":"","_kad_post_content_style":"","_kad_post_vertical_padding":"","_kad_post_feature":"","_kad_post_feature_position":"","_kad_post_header":false,"_kad_post_footer":false,"_kad_post_classname":""},"tags":[],"product-category":[238],"class_list":["post-9809","product","type-product","status-publish","has-post-thumbnail","hentry","product-category-machine-dequilibrage-de-cardans"],"acf":[],"yoast_head":"<!-- This site is optimized with the Yoast SEO plugin v27.4 - https:\/\/yoast.com\/product\/yoast-seo-wordpress\/ -->\n<title>Machine \u00e0 \u00e9quilibrer les arbres de transmission %%title% - VTM Group.<\/title>\n<meta name=\"description\" content=\"La machine \u00e0 \u00e9quilibrer les arbres de transmission VTM88 est tr\u00e8s performante et est utilis\u00e9e pour \u00e9quilibrer les cardans et les arbres de transmission des voitures et des camions dont la masse est inf\u00e9rieure \u00e0 150 kg.\" \/>\n<meta name=\"robots\" content=\"index, follow, max-snippet:-1, max-image-preview:large, max-video-preview:-1\" \/>\n<link rel=\"canonical\" href=\"https:\/\/vtm.group\/fr\/product\/bvi-03-88\/\" \/>\n<meta property=\"og:locale\" content=\"fr_FR\" \/>\n<meta property=\"og:type\" content=\"article\" \/>\n<meta property=\"og:title\" content=\"Machine \u00e0 \u00e9quilibrer les arbres de transmission %%title% - VTM Group.\" \/>\n<meta property=\"og:description\" content=\"La machine \u00e0 \u00e9quilibrer les arbres de transmission VTM88 est tr\u00e8s performante et est utilis\u00e9e pour \u00e9quilibrer les cardans et les arbres de transmission des voitures et des camions dont la masse est inf\u00e9rieure \u00e0 150 kg.\" \/>\n<meta property=\"og:url\" content=\"https:\/\/vtm.group\/fr\/product\/bvi-03-88\/\" \/>\n<meta property=\"og:site_name\" content=\"VTM Group\" \/>\n<meta property=\"article:publisher\" content=\"https:\/\/www.facebook.com\/vtmgroup1\/\" \/>\n<meta property=\"article:modified_time\" content=\"2026-02-20T13:44:04+00:00\" \/>\n<meta property=\"og:image\" content=\"https:\/\/vtm.group\/wp-content\/uploads\/2025\/08\/bvi-03-88.jpg\" \/>\n\t<meta property=\"og:image:width\" content=\"1500\" \/>\n\t<meta property=\"og:image:height\" content=\"1125\" \/>\n\t<meta property=\"og:image:type\" content=\"image\/jpeg\" \/>\n<meta name=\"twitter:card\" content=\"summary_large_image\" \/>\n<script type=\"application\/ld+json\" class=\"yoast-schema-graph\">{\"@context\":\"https:\\\/\\\/schema.org\",\"@graph\":[{\"@type\":[\"WebPage\",\"ItemPage\"],\"@id\":\"https:\\\/\\\/vtm.group\\\/fr\\\/product\\\/bvi-03-88\\\/\",\"url\":\"https:\\\/\\\/vtm.group\\\/fr\\\/product\\\/bvi-03-88\\\/\",\"name\":\"Machine \u00e0 \u00e9quilibrer les arbres de transmission %%title% - VTM Group.\",\"isPartOf\":{\"@id\":\"https:\\\/\\\/vtm.group\\\/fr\\\/#website\"},\"primaryImageOfPage\":{\"@id\":\"https:\\\/\\\/vtm.group\\\/fr\\\/product\\\/bvi-03-88\\\/#primaryimage\"},\"image\":{\"@id\":\"https:\\\/\\\/vtm.group\\\/fr\\\/product\\\/bvi-03-88\\\/#primaryimage\"},\"thumbnailUrl\":\"https:\\\/\\\/vtm.group\\\/wp-content\\\/uploads\\\/2025\\\/08\\\/bvi-03-88.jpg\",\"datePublished\":\"2025-08-04T09:20:18+00:00\",\"dateModified\":\"2026-02-20T13:44:04+00:00\",\"description\":\"La machine \u00e0 \u00e9quilibrer les arbres de transmission VTM88 est tr\u00e8s performante et est utilis\u00e9e pour \u00e9quilibrer les cardans et les arbres de transmission des voitures et des camions dont la masse est inf\u00e9rieure \u00e0 150 kg.\",\"breadcrumb\":{\"@id\":\"https:\\\/\\\/vtm.group\\\/fr\\\/product\\\/bvi-03-88\\\/#breadcrumb\"},\"inLanguage\":\"fr-FR\",\"potentialAction\":[{\"@type\":\"ReadAction\",\"target\":[\"https:\\\/\\\/vtm.group\\\/fr\\\/product\\\/bvi-03-88\\\/\"]}]},{\"@type\":\"ImageObject\",\"inLanguage\":\"fr-FR\",\"@id\":\"https:\\\/\\\/vtm.group\\\/fr\\\/product\\\/bvi-03-88\\\/#primaryimage\",\"url\":\"https:\\\/\\\/vtm.group\\\/wp-content\\\/uploads\\\/2025\\\/08\\\/bvi-03-88.jpg\",\"contentUrl\":\"https:\\\/\\\/vtm.group\\\/wp-content\\\/uploads\\\/2025\\\/08\\\/bvi-03-88.jpg\",\"width\":1500,\"height\":1125},{\"@type\":\"BreadcrumbList\",\"@id\":\"https:\\\/\\\/vtm.group\\\/fr\\\/product\\\/bvi-03-88\\\/#breadcrumb\",\"itemListElement\":[{\"@type\":\"ListItem\",\"position\":1,\"name\":\"Home\",\"item\":\"https:\\\/\\\/vtm.group\\\/fr\\\/\"},{\"@type\":\"ListItem\",\"position\":2,\"name\":\"Products\",\"item\":\"https:\\\/\\\/vtm.group\\\/fr\\\/product-category\\\/\"},{\"@type\":\"ListItem\",\"position\":3,\"name\":\"\u00c9quipement de garage\",\"item\":\"https:\\\/\\\/vtm.group\\\/fr\\\/product-category\\\/equipement-de-garage\\\/\"},{\"@type\":\"ListItem\",\"position\":4,\"name\":\"\u00c9quipement de r\u00e9paration de cardans\",\"item\":\"https:\\\/\\\/vtm.group\\\/fr\\\/product-category\\\/equipement-de-reparation-de-cardans\\\/\"},{\"@type\":\"ListItem\",\"position\":5,\"name\":\"Machine d\u2019\u00e9quilibrage de cardans\",\"item\":\"https:\\\/\\\/vtm.group\\\/fr\\\/product-category\\\/machine-dequilibrage-de-cardans\\\/\"},{\"@type\":\"ListItem\",\"position\":6,\"name\":\"BVI-03-88\"}]},{\"@type\":\"WebSite\",\"@id\":\"https:\\\/\\\/vtm.group\\\/fr\\\/#website\",\"url\":\"https:\\\/\\\/vtm.group\\\/fr\\\/\",\"name\":\"VTM Group\",\"description\":\"Fabrication de machines d&#039;\u00e9quilibrage depuis 1973\",\"publisher\":{\"@id\":\"https:\\\/\\\/vtm.group\\\/fr\\\/#organization\"},\"potentialAction\":[{\"@type\":\"SearchAction\",\"target\":{\"@type\":\"EntryPoint\",\"urlTemplate\":\"https:\\\/\\\/vtm.group\\\/fr\\\/?s={search_term_string}\"},\"query-input\":{\"@type\":\"PropertyValueSpecification\",\"valueRequired\":true,\"valueName\":\"search_term_string\"}}],\"inLanguage\":\"fr-FR\"},{\"@type\":\"Organization\",\"@id\":\"https:\\\/\\\/vtm.group\\\/fr\\\/#organization\",\"name\":\"VTM Group\",\"url\":\"https:\\\/\\\/vtm.group\\\/fr\\\/\",\"logo\":{\"@type\":\"ImageObject\",\"inLanguage\":\"fr-FR\",\"@id\":\"https:\\\/\\\/vtm.group\\\/fr\\\/#\\\/schema\\\/logo\\\/image\\\/\",\"url\":\"https:\\\/\\\/vtm.group\\\/wp-content\\\/uploads\\\/2026\\\/01\\\/Logo-VTM.svg\",\"contentUrl\":\"https:\\\/\\\/vtm.group\\\/wp-content\\\/uploads\\\/2026\\\/01\\\/Logo-VTM.svg\",\"caption\":\"VTM Group\"},\"image\":{\"@id\":\"https:\\\/\\\/vtm.group\\\/fr\\\/#\\\/schema\\\/logo\\\/image\\\/\"},\"sameAs\":[\"https:\\\/\\\/www.facebook.com\\\/vtmgroup1\\\/\",\"https:\\\/\\\/www.youtube.com\\\/@VTM.balancing\\\/\",\"https:\\\/\\\/www.linkedin.com\\\/company\\\/vtm.group\"]}]}<\/script>\n<!-- \/ Yoast SEO plugin. -->","yoast_head_json":{"title":"Machine \u00e0 \u00e9quilibrer les arbres de transmission %%title% - VTM Group.","description":"La machine \u00e0 \u00e9quilibrer les arbres de transmission VTM88 est tr\u00e8s performante et est utilis\u00e9e pour \u00e9quilibrer les cardans et les arbres de transmission des voitures et des camions dont la masse est inf\u00e9rieure \u00e0 150 kg.","robots":{"index":"index","follow":"follow","max-snippet":"max-snippet:-1","max-image-preview":"max-image-preview:large","max-video-preview":"max-video-preview:-1"},"canonical":"https:\/\/vtm.group\/fr\/product\/bvi-03-88\/","og_locale":"fr_FR","og_type":"article","og_title":"Machine \u00e0 \u00e9quilibrer les arbres de transmission %%title% - VTM Group.","og_description":"La machine \u00e0 \u00e9quilibrer les arbres de transmission VTM88 est tr\u00e8s performante et est utilis\u00e9e pour \u00e9quilibrer les cardans et les arbres de transmission des voitures et des camions dont la masse est inf\u00e9rieure \u00e0 150 kg.","og_url":"https:\/\/vtm.group\/fr\/product\/bvi-03-88\/","og_site_name":"VTM Group","article_publisher":"https:\/\/www.facebook.com\/vtmgroup1\/","article_modified_time":"2026-02-20T13:44:04+00:00","og_image":[{"width":1500,"height":1125,"url":"https:\/\/vtm.group\/wp-content\/uploads\/2025\/08\/bvi-03-88.jpg","type":"image\/jpeg"}],"twitter_card":"summary_large_image","schema":{"@context":"https:\/\/schema.org","@graph":[{"@type":["WebPage","ItemPage"],"@id":"https:\/\/vtm.group\/fr\/product\/bvi-03-88\/","url":"https:\/\/vtm.group\/fr\/product\/bvi-03-88\/","name":"Machine \u00e0 \u00e9quilibrer les arbres de transmission %%title% - VTM Group.","isPartOf":{"@id":"https:\/\/vtm.group\/fr\/#website"},"primaryImageOfPage":{"@id":"https:\/\/vtm.group\/fr\/product\/bvi-03-88\/#primaryimage"},"image":{"@id":"https:\/\/vtm.group\/fr\/product\/bvi-03-88\/#primaryimage"},"thumbnailUrl":"https:\/\/vtm.group\/wp-content\/uploads\/2025\/08\/bvi-03-88.jpg","datePublished":"2025-08-04T09:20:18+00:00","dateModified":"2026-02-20T13:44:04+00:00","description":"La machine \u00e0 \u00e9quilibrer les arbres de transmission VTM88 est tr\u00e8s performante et est utilis\u00e9e pour \u00e9quilibrer les cardans et les arbres de transmission des voitures et des camions dont la masse est inf\u00e9rieure \u00e0 150 kg.","breadcrumb":{"@id":"https:\/\/vtm.group\/fr\/product\/bvi-03-88\/#breadcrumb"},"inLanguage":"fr-FR","potentialAction":[{"@type":"ReadAction","target":["https:\/\/vtm.group\/fr\/product\/bvi-03-88\/"]}]},{"@type":"ImageObject","inLanguage":"fr-FR","@id":"https:\/\/vtm.group\/fr\/product\/bvi-03-88\/#primaryimage","url":"https:\/\/vtm.group\/wp-content\/uploads\/2025\/08\/bvi-03-88.jpg","contentUrl":"https:\/\/vtm.group\/wp-content\/uploads\/2025\/08\/bvi-03-88.jpg","width":1500,"height":1125},{"@type":"BreadcrumbList","@id":"https:\/\/vtm.group\/fr\/product\/bvi-03-88\/#breadcrumb","itemListElement":[{"@type":"ListItem","position":1,"name":"Home","item":"https:\/\/vtm.group\/fr\/"},{"@type":"ListItem","position":2,"name":"Products","item":"https:\/\/vtm.group\/fr\/product-category\/"},{"@type":"ListItem","position":3,"name":"\u00c9quipement de garage","item":"https:\/\/vtm.group\/fr\/product-category\/equipement-de-garage\/"},{"@type":"ListItem","position":4,"name":"\u00c9quipement de r\u00e9paration de cardans","item":"https:\/\/vtm.group\/fr\/product-category\/equipement-de-reparation-de-cardans\/"},{"@type":"ListItem","position":5,"name":"Machine d\u2019\u00e9quilibrage de cardans","item":"https:\/\/vtm.group\/fr\/product-category\/machine-dequilibrage-de-cardans\/"},{"@type":"ListItem","position":6,"name":"BVI-03-88"}]},{"@type":"WebSite","@id":"https:\/\/vtm.group\/fr\/#website","url":"https:\/\/vtm.group\/fr\/","name":"VTM Group","description":"Fabrication de machines d&#039;\u00e9quilibrage depuis 1973","publisher":{"@id":"https:\/\/vtm.group\/fr\/#organization"},"potentialAction":[{"@type":"SearchAction","target":{"@type":"EntryPoint","urlTemplate":"https:\/\/vtm.group\/fr\/?s={search_term_string}"},"query-input":{"@type":"PropertyValueSpecification","valueRequired":true,"valueName":"search_term_string"}}],"inLanguage":"fr-FR"},{"@type":"Organization","@id":"https:\/\/vtm.group\/fr\/#organization","name":"VTM Group","url":"https:\/\/vtm.group\/fr\/","logo":{"@type":"ImageObject","inLanguage":"fr-FR","@id":"https:\/\/vtm.group\/fr\/#\/schema\/logo\/image\/","url":"https:\/\/vtm.group\/wp-content\/uploads\/2026\/01\/Logo-VTM.svg","contentUrl":"https:\/\/vtm.group\/wp-content\/uploads\/2026\/01\/Logo-VTM.svg","caption":"VTM Group"},"image":{"@id":"https:\/\/vtm.group\/fr\/#\/schema\/logo\/image\/"},"sameAs":["https:\/\/www.facebook.com\/vtmgroup1\/","https:\/\/www.youtube.com\/@VTM.balancing\/","https:\/\/www.linkedin.com\/company\/vtm.group"]}]}},"taxonomy_info":{"product-category":[{"value":238,"label":"Machine d\u2019\u00e9quilibrage de cardans"}]},"featured_image_src_large":["https:\/\/vtm.group\/wp-content\/uploads\/2025\/08\/bvi-03-88-1024x768.jpg",1024,768,true],"author_info":[],"comment_info":"","_links":{"self":[{"href":"https:\/\/vtm.group\/fr\/wp-json\/wp\/v2\/product\/9809","targetHints":{"allow":["GET"]}}],"collection":[{"href":"https:\/\/vtm.group\/fr\/wp-json\/wp\/v2\/product"}],"about":[{"href":"https:\/\/vtm.group\/fr\/wp-json\/wp\/v2\/types\/product"}],"wp:featuredmedia":[{"embeddable":true,"href":"https:\/\/vtm.group\/fr\/wp-json\/wp\/v2\/media\/9810"}],"wp:attachment":[{"href":"https:\/\/vtm.group\/fr\/wp-json\/wp\/v2\/media?parent=9809"}],"wp:term":[{"taxonomy":"post_tag","embeddable":true,"href":"https:\/\/vtm.group\/fr\/wp-json\/wp\/v2\/tags?post=9809"},{"taxonomy":"product-category","embeddable":true,"href":"https:\/\/vtm.group\/fr\/wp-json\/wp\/v2\/product-category?post=9809"}],"curies":[{"name":"wp","href":"https:\/\/api.w.org\/{rel}","templated":true}]}}