{"id":9779,"date":"2025-08-04T12:20:16","date_gmt":"2025-08-04T09:20:16","guid":{"rendered":"https:\/\/vtm.group\/product\/support-de-centrage\/"},"modified":"2025-08-04T12:20:16","modified_gmt":"2025-08-04T09:20:16","slug":"support-de-centrage","status":"publish","type":"product","link":"https:\/\/vtm.group\/fr\/product\/support-de-centrage\/","title":{"rendered":"Support de centrage"},"content":{"rendered":"","protected":false},"featured_media":9784,"parent":0,"template":"","meta":{"_acf_changed":false,"_kb_optimizer_status":0,"_kad_blocks_custom_css":"","_kad_blocks_head_custom_js":"","_kad_blocks_body_custom_js":"","_kad_blocks_footer_custom_js":"","_kadence_starter_templates_imported_post":false,"_kad_post_transparent":"","_kad_post_title":"","_kad_post_layout":"","_kad_post_sidebar_id":"","_kad_post_content_style":"","_kad_post_vertical_padding":"","_kad_post_feature":"","_kad_post_feature_position":"","_kad_post_header":false,"_kad_post_footer":false,"_kad_post_classname":""},"tags":[],"product-category":[252],"class_list":["post-9779","product","type-product","status-publish","has-post-thumbnail","hentry","product-category-presse-pour-joints-de-cardan"],"acf":[],"yoast_head":"<!-- This site is optimized with the Yoast SEO plugin v27.6 - https:\/\/yoast.com\/product\/yoast-seo-wordpress\/ -->\n<title>Support de centrage for cardan joint assembly - VTM Group.<\/title>\n<meta name=\"description\" content=\"Con\u00e7u pour le remplacement et l&#039;empilage des joints de cardan dans les ateliers de r\u00e9paration des arbres de transmission. Utilis\u00e9 avec une presse pour un assemblage de qualit\u00e9 des cardans &quot;non assembl\u00e9s&quot;.\" \/>\n<meta name=\"robots\" content=\"index, follow, max-snippet:-1, max-image-preview:large, max-video-preview:-1\" \/>\n<link rel=\"canonical\" href=\"https:\/\/vtm.group\/fr\/product\/support-de-centrage\/\" \/>\n<meta property=\"og:locale\" content=\"fr_FR\" \/>\n<meta property=\"og:type\" content=\"article\" \/>\n<meta property=\"og:title\" content=\"Support de centrage for cardan joint assembly - VTM Group.\" \/>\n<meta property=\"og:description\" content=\"Con\u00e7u pour le remplacement et l&#039;empilage des joints de cardan dans les ateliers de r\u00e9paration des arbres de transmission. Utilis\u00e9 avec une presse pour un assemblage de qualit\u00e9 des cardans &quot;non assembl\u00e9s&quot;.\" \/>\n<meta property=\"og:url\" content=\"https:\/\/vtm.group\/fr\/product\/support-de-centrage\/\" \/>\n<meta property=\"og:site_name\" content=\"VTM Group\" \/>\n<meta property=\"article:publisher\" content=\"https:\/\/www.facebook.com\/vtmgroup1\/\" \/>\n<meta property=\"og:image\" content=\"https:\/\/vtm.group\/wp-content\/uploads\/2025\/08\/cores_01.jpg\" \/>\n\t<meta property=\"og:image:width\" content=\"1500\" \/>\n\t<meta property=\"og:image:height\" content=\"1125\" \/>\n\t<meta property=\"og:image:type\" content=\"image\/jpeg\" \/>\n<meta name=\"twitter:card\" content=\"summary_large_image\" \/>\n<script type=\"application\/ld+json\" class=\"yoast-schema-graph\">{\"@context\":\"https:\\\/\\\/schema.org\",\"@graph\":[{\"@type\":[\"WebPage\",\"ItemPage\"],\"@id\":\"https:\\\/\\\/vtm.group\\\/fr\\\/product\\\/support-de-centrage\\\/\",\"url\":\"https:\\\/\\\/vtm.group\\\/fr\\\/product\\\/support-de-centrage\\\/\",\"name\":\"Support de centrage for cardan joint assembly - VTM Group.\",\"isPartOf\":{\"@id\":\"https:\\\/\\\/vtm.group\\\/fr\\\/#website\"},\"primaryImageOfPage\":{\"@id\":\"https:\\\/\\\/vtm.group\\\/fr\\\/product\\\/support-de-centrage\\\/#primaryimage\"},\"image\":{\"@id\":\"https:\\\/\\\/vtm.group\\\/fr\\\/product\\\/support-de-centrage\\\/#primaryimage\"},\"thumbnailUrl\":\"https:\\\/\\\/vtm.group\\\/wp-content\\\/uploads\\\/2025\\\/08\\\/cores_01.jpg\",\"datePublished\":\"2025-08-04T09:20:16+00:00\",\"description\":\"Con\u00e7u pour le remplacement et l'empilage des joints de cardan dans les ateliers de r\u00e9paration des arbres de transmission. Utilis\u00e9 avec une presse pour un assemblage de qualit\u00e9 des cardans \\\"non assembl\u00e9s\\\".\",\"breadcrumb\":{\"@id\":\"https:\\\/\\\/vtm.group\\\/fr\\\/product\\\/support-de-centrage\\\/#breadcrumb\"},\"inLanguage\":\"fr-FR\",\"potentialAction\":[{\"@type\":\"ReadAction\",\"target\":[\"https:\\\/\\\/vtm.group\\\/fr\\\/product\\\/support-de-centrage\\\/\"]}]},{\"@type\":\"ImageObject\",\"inLanguage\":\"fr-FR\",\"@id\":\"https:\\\/\\\/vtm.group\\\/fr\\\/product\\\/support-de-centrage\\\/#primaryimage\",\"url\":\"https:\\\/\\\/vtm.group\\\/wp-content\\\/uploads\\\/2025\\\/08\\\/cores_01.jpg\",\"contentUrl\":\"https:\\\/\\\/vtm.group\\\/wp-content\\\/uploads\\\/2025\\\/08\\\/cores_01.jpg\",\"width\":1500,\"height\":1125},{\"@type\":\"BreadcrumbList\",\"@id\":\"https:\\\/\\\/vtm.group\\\/fr\\\/product\\\/support-de-centrage\\\/#breadcrumb\",\"itemListElement\":[{\"@type\":\"ListItem\",\"position\":1,\"name\":\"Home\",\"item\":\"https:\\\/\\\/vtm.group\\\/fr\\\/\"},{\"@type\":\"ListItem\",\"position\":2,\"name\":\"Products\",\"item\":\"https:\\\/\\\/vtm.group\\\/fr\\\/product-category\\\/\"},{\"@type\":\"ListItem\",\"position\":3,\"name\":\"\u00c9quipement de garage\",\"item\":\"https:\\\/\\\/vtm.group\\\/fr\\\/product-category\\\/equipement-de-garage\\\/\"},{\"@type\":\"ListItem\",\"position\":4,\"name\":\"\u00c9quipement de r\u00e9paration de cardans\",\"item\":\"https:\\\/\\\/vtm.group\\\/fr\\\/product-category\\\/equipement-de-reparation-de-cardans\\\/\"},{\"@type\":\"ListItem\",\"position\":5,\"name\":\"Presse pour joints de cardan\",\"item\":\"https:\\\/\\\/vtm.group\\\/fr\\\/product-category\\\/presse-pour-joints-de-cardan\\\/\"},{\"@type\":\"ListItem\",\"position\":6,\"name\":\"Support de centrage\"}]},{\"@type\":\"WebSite\",\"@id\":\"https:\\\/\\\/vtm.group\\\/fr\\\/#website\",\"url\":\"https:\\\/\\\/vtm.group\\\/fr\\\/\",\"name\":\"VTM Group\",\"description\":\"Fabrication de machines d&#039;\u00e9quilibrage depuis 1973\",\"publisher\":{\"@id\":\"https:\\\/\\\/vtm.group\\\/fr\\\/#organization\"},\"potentialAction\":[{\"@type\":\"SearchAction\",\"target\":{\"@type\":\"EntryPoint\",\"urlTemplate\":\"https:\\\/\\\/vtm.group\\\/fr\\\/?s={search_term_string}\"},\"query-input\":{\"@type\":\"PropertyValueSpecification\",\"valueRequired\":true,\"valueName\":\"search_term_string\"}}],\"inLanguage\":\"fr-FR\"},{\"@type\":\"Organization\",\"@id\":\"https:\\\/\\\/vtm.group\\\/fr\\\/#organization\",\"name\":\"VTM Group\",\"url\":\"https:\\\/\\\/vtm.group\\\/fr\\\/\",\"logo\":{\"@type\":\"ImageObject\",\"inLanguage\":\"fr-FR\",\"@id\":\"https:\\\/\\\/vtm.group\\\/fr\\\/#\\\/schema\\\/logo\\\/image\\\/\",\"url\":\"https:\\\/\\\/vtm.group\\\/wp-content\\\/uploads\\\/2026\\\/01\\\/Logo-VTM.svg\",\"contentUrl\":\"https:\\\/\\\/vtm.group\\\/wp-content\\\/uploads\\\/2026\\\/01\\\/Logo-VTM.svg\",\"caption\":\"VTM Group\"},\"image\":{\"@id\":\"https:\\\/\\\/vtm.group\\\/fr\\\/#\\\/schema\\\/logo\\\/image\\\/\"},\"sameAs\":[\"https:\\\/\\\/www.facebook.com\\\/vtmgroup1\\\/\",\"https:\\\/\\\/www.youtube.com\\\/@VTM.balancing\\\/\",\"https:\\\/\\\/www.linkedin.com\\\/company\\\/vtm.group\"]}]}<\/script>\n<!-- \/ Yoast SEO plugin. -->","yoast_head_json":{"title":"Support de centrage for cardan joint assembly - VTM Group.","description":"Con\u00e7u pour le remplacement et l'empilage des joints de cardan dans les ateliers de r\u00e9paration des arbres de transmission. Utilis\u00e9 avec une presse pour un assemblage de qualit\u00e9 des cardans \"non assembl\u00e9s\".","robots":{"index":"index","follow":"follow","max-snippet":"max-snippet:-1","max-image-preview":"max-image-preview:large","max-video-preview":"max-video-preview:-1"},"canonical":"https:\/\/vtm.group\/fr\/product\/support-de-centrage\/","og_locale":"fr_FR","og_type":"article","og_title":"Support de centrage for cardan joint assembly - VTM Group.","og_description":"Con\u00e7u pour le remplacement et l'empilage des joints de cardan dans les ateliers de r\u00e9paration des arbres de transmission. Utilis\u00e9 avec une presse pour un assemblage de qualit\u00e9 des cardans \"non assembl\u00e9s\".","og_url":"https:\/\/vtm.group\/fr\/product\/support-de-centrage\/","og_site_name":"VTM Group","article_publisher":"https:\/\/www.facebook.com\/vtmgroup1\/","og_image":[{"width":1500,"height":1125,"url":"https:\/\/vtm.group\/wp-content\/uploads\/2025\/08\/cores_01.jpg","type":"image\/jpeg"}],"twitter_card":"summary_large_image","schema":{"@context":"https:\/\/schema.org","@graph":[{"@type":["WebPage","ItemPage"],"@id":"https:\/\/vtm.group\/fr\/product\/support-de-centrage\/","url":"https:\/\/vtm.group\/fr\/product\/support-de-centrage\/","name":"Support de centrage for cardan joint assembly - VTM Group.","isPartOf":{"@id":"https:\/\/vtm.group\/fr\/#website"},"primaryImageOfPage":{"@id":"https:\/\/vtm.group\/fr\/product\/support-de-centrage\/#primaryimage"},"image":{"@id":"https:\/\/vtm.group\/fr\/product\/support-de-centrage\/#primaryimage"},"thumbnailUrl":"https:\/\/vtm.group\/wp-content\/uploads\/2025\/08\/cores_01.jpg","datePublished":"2025-08-04T09:20:16+00:00","description":"Con\u00e7u pour le remplacement et l'empilage des joints de cardan dans les ateliers de r\u00e9paration des arbres de transmission. Utilis\u00e9 avec une presse pour un assemblage de qualit\u00e9 des cardans \"non assembl\u00e9s\".","breadcrumb":{"@id":"https:\/\/vtm.group\/fr\/product\/support-de-centrage\/#breadcrumb"},"inLanguage":"fr-FR","potentialAction":[{"@type":"ReadAction","target":["https:\/\/vtm.group\/fr\/product\/support-de-centrage\/"]}]},{"@type":"ImageObject","inLanguage":"fr-FR","@id":"https:\/\/vtm.group\/fr\/product\/support-de-centrage\/#primaryimage","url":"https:\/\/vtm.group\/wp-content\/uploads\/2025\/08\/cores_01.jpg","contentUrl":"https:\/\/vtm.group\/wp-content\/uploads\/2025\/08\/cores_01.jpg","width":1500,"height":1125},{"@type":"BreadcrumbList","@id":"https:\/\/vtm.group\/fr\/product\/support-de-centrage\/#breadcrumb","itemListElement":[{"@type":"ListItem","position":1,"name":"Home","item":"https:\/\/vtm.group\/fr\/"},{"@type":"ListItem","position":2,"name":"Products","item":"https:\/\/vtm.group\/fr\/product-category\/"},{"@type":"ListItem","position":3,"name":"\u00c9quipement de garage","item":"https:\/\/vtm.group\/fr\/product-category\/equipement-de-garage\/"},{"@type":"ListItem","position":4,"name":"\u00c9quipement de r\u00e9paration de cardans","item":"https:\/\/vtm.group\/fr\/product-category\/equipement-de-reparation-de-cardans\/"},{"@type":"ListItem","position":5,"name":"Presse pour joints de cardan","item":"https:\/\/vtm.group\/fr\/product-category\/presse-pour-joints-de-cardan\/"},{"@type":"ListItem","position":6,"name":"Support de centrage"}]},{"@type":"WebSite","@id":"https:\/\/vtm.group\/fr\/#website","url":"https:\/\/vtm.group\/fr\/","name":"VTM Group","description":"Fabrication de machines d&#039;\u00e9quilibrage depuis 1973","publisher":{"@id":"https:\/\/vtm.group\/fr\/#organization"},"potentialAction":[{"@type":"SearchAction","target":{"@type":"EntryPoint","urlTemplate":"https:\/\/vtm.group\/fr\/?s={search_term_string}"},"query-input":{"@type":"PropertyValueSpecification","valueRequired":true,"valueName":"search_term_string"}}],"inLanguage":"fr-FR"},{"@type":"Organization","@id":"https:\/\/vtm.group\/fr\/#organization","name":"VTM Group","url":"https:\/\/vtm.group\/fr\/","logo":{"@type":"ImageObject","inLanguage":"fr-FR","@id":"https:\/\/vtm.group\/fr\/#\/schema\/logo\/image\/","url":"https:\/\/vtm.group\/wp-content\/uploads\/2026\/01\/Logo-VTM.svg","contentUrl":"https:\/\/vtm.group\/wp-content\/uploads\/2026\/01\/Logo-VTM.svg","caption":"VTM Group"},"image":{"@id":"https:\/\/vtm.group\/fr\/#\/schema\/logo\/image\/"},"sameAs":["https:\/\/www.facebook.com\/vtmgroup1\/","https:\/\/www.youtube.com\/@VTM.balancing\/","https:\/\/www.linkedin.com\/company\/vtm.group"]}]}},"taxonomy_info":{"product-category":[{"value":252,"label":"Presse pour joints de cardan"}]},"featured_image_src_large":["https:\/\/vtm.group\/wp-content\/uploads\/2025\/08\/cores_01-1024x768.jpg",1024,768,true],"author_info":[],"comment_info":"","_links":{"self":[{"href":"https:\/\/vtm.group\/fr\/wp-json\/wp\/v2\/product\/9779","targetHints":{"allow":["GET"]}}],"collection":[{"href":"https:\/\/vtm.group\/fr\/wp-json\/wp\/v2\/product"}],"about":[{"href":"https:\/\/vtm.group\/fr\/wp-json\/wp\/v2\/types\/product"}],"wp:featuredmedia":[{"embeddable":true,"href":"https:\/\/vtm.group\/fr\/wp-json\/wp\/v2\/media\/9784"}],"wp:attachment":[{"href":"https:\/\/vtm.group\/fr\/wp-json\/wp\/v2\/media?parent=9779"}],"wp:term":[{"taxonomy":"post_tag","embeddable":true,"href":"https:\/\/vtm.group\/fr\/wp-json\/wp\/v2\/tags?post=9779"},{"taxonomy":"product-category","embeddable":true,"href":"https:\/\/vtm.group\/fr\/wp-json\/wp\/v2\/product-category?post=9779"}],"curies":[{"name":"wp","href":"https:\/\/api.w.org\/{rel}","templated":true}]}}