{"id":9771,"date":"2025-08-04T07:20:00","date_gmt":"2025-08-04T04:20:00","guid":{"rendered":"https:\/\/vtm.group\/product\/geomet-500\/"},"modified":"2026-03-16T11:27:01","modified_gmt":"2026-03-16T09:27:01","slug":"geomet-500","status":"publish","type":"product","link":"https:\/\/vtm.group\/fr\/product\/geomet-500\/","title":{"rendered":"GEOMET-500"},"content":{"rendered":"","protected":false},"featured_media":11816,"parent":0,"template":"","meta":{"_acf_changed":false,"_kb_optimizer_status":0,"_kad_blocks_custom_css":"","_kad_blocks_head_custom_js":"","_kad_blocks_body_custom_js":"","_kad_blocks_footer_custom_js":"","_kadence_starter_templates_imported_post":false,"_kad_post_transparent":"","_kad_post_title":"","_kad_post_layout":"","_kad_post_sidebar_id":"","_kad_post_content_style":"","_kad_post_vertical_padding":"","_kad_post_feature":"","_kad_post_feature_position":"","_kad_post_header":false,"_kad_post_footer":false,"_kad_post_classname":""},"tags":[],"product-category":[250],"class_list":["post-9771","product","type-product","status-publish","has-post-thumbnail","hentry","product-category-banc-dessai-de-debit-de-turbo"],"acf":[],"yoast_head":"<!-- This site is optimized with the Yoast SEO plugin v27.4 - https:\/\/yoast.com\/product\/yoast-seo-wordpress\/ -->\n<title>Banc de d\u00e9bit turbo GEOMET-500 - VTM Group<\/title>\n<meta name=\"description\" content=\"Banc d&#039;essai de d\u00e9bit de turbocompresseur \u00e0 amortissement rapide permettant de r\u00e9tablir efficacement les r\u00e9glages du turbocompresseur aux normes d&#039;usine apr\u00e8s le remplacement d&#039;une cartouche ou d&#039;un actionneur.\" \/>\n<meta name=\"robots\" content=\"index, follow, max-snippet:-1, max-image-preview:large, max-video-preview:-1\" \/>\n<link rel=\"canonical\" href=\"https:\/\/vtm.group\/fr\/product\/geomet-500\/\" \/>\n<meta property=\"og:locale\" content=\"fr_FR\" \/>\n<meta property=\"og:type\" content=\"article\" \/>\n<meta property=\"og:title\" content=\"Banc de d\u00e9bit turbo GEOMET-500 - VTM Group\" \/>\n<meta property=\"og:description\" content=\"Banc d&#039;essai de d\u00e9bit de turbocompresseur \u00e0 amortissement rapide permettant de r\u00e9tablir efficacement les r\u00e9glages du turbocompresseur aux normes d&#039;usine apr\u00e8s le remplacement d&#039;une cartouche ou d&#039;un actionneur.\" \/>\n<meta property=\"og:url\" content=\"https:\/\/vtm.group\/fr\/product\/geomet-500\/\" \/>\n<meta property=\"og:site_name\" content=\"VTM Group\" \/>\n<meta property=\"article:publisher\" content=\"https:\/\/www.facebook.com\/vtmgroup1\/\" \/>\n<meta property=\"article:modified_time\" content=\"2026-03-16T09:27:01+00:00\" \/>\n<meta property=\"og:image\" content=\"https:\/\/vtm.group\/wp-content\/uploads\/2025\/08\/geomet-500_2025.jpg\" \/>\n\t<meta property=\"og:image:width\" content=\"1500\" \/>\n\t<meta property=\"og:image:height\" content=\"1500\" \/>\n\t<meta property=\"og:image:type\" content=\"image\/jpeg\" \/>\n<meta name=\"twitter:card\" content=\"summary_large_image\" \/>\n<script type=\"application\/ld+json\" class=\"yoast-schema-graph\">{\"@context\":\"https:\\\/\\\/schema.org\",\"@graph\":[{\"@type\":[\"WebPage\",\"ItemPage\"],\"@id\":\"https:\\\/\\\/vtm.group\\\/fr\\\/product\\\/geomet-500\\\/\",\"url\":\"https:\\\/\\\/vtm.group\\\/fr\\\/product\\\/geomet-500\\\/\",\"name\":\"Banc de d\u00e9bit turbo GEOMET-500 - VTM Group\",\"isPartOf\":{\"@id\":\"https:\\\/\\\/vtm.group\\\/fr\\\/#website\"},\"primaryImageOfPage\":{\"@id\":\"https:\\\/\\\/vtm.group\\\/fr\\\/product\\\/geomet-500\\\/#primaryimage\"},\"image\":{\"@id\":\"https:\\\/\\\/vtm.group\\\/fr\\\/product\\\/geomet-500\\\/#primaryimage\"},\"thumbnailUrl\":\"https:\\\/\\\/vtm.group\\\/wp-content\\\/uploads\\\/2025\\\/08\\\/geomet-500_2025.jpg\",\"datePublished\":\"2025-08-04T04:20:00+00:00\",\"dateModified\":\"2026-03-16T09:27:01+00:00\",\"description\":\"Banc d'essai de d\u00e9bit de turbocompresseur \u00e0 amortissement rapide permettant de r\u00e9tablir efficacement les r\u00e9glages du turbocompresseur aux normes d'usine apr\u00e8s le remplacement d'une cartouche ou d'un actionneur.\",\"breadcrumb\":{\"@id\":\"https:\\\/\\\/vtm.group\\\/fr\\\/product\\\/geomet-500\\\/#breadcrumb\"},\"inLanguage\":\"fr-FR\",\"potentialAction\":[{\"@type\":\"ReadAction\",\"target\":[\"https:\\\/\\\/vtm.group\\\/fr\\\/product\\\/geomet-500\\\/\"]}]},{\"@type\":\"ImageObject\",\"inLanguage\":\"fr-FR\",\"@id\":\"https:\\\/\\\/vtm.group\\\/fr\\\/product\\\/geomet-500\\\/#primaryimage\",\"url\":\"https:\\\/\\\/vtm.group\\\/wp-content\\\/uploads\\\/2025\\\/08\\\/geomet-500_2025.jpg\",\"contentUrl\":\"https:\\\/\\\/vtm.group\\\/wp-content\\\/uploads\\\/2025\\\/08\\\/geomet-500_2025.jpg\",\"width\":1500,\"height\":1500},{\"@type\":\"BreadcrumbList\",\"@id\":\"https:\\\/\\\/vtm.group\\\/fr\\\/product\\\/geomet-500\\\/#breadcrumb\",\"itemListElement\":[{\"@type\":\"ListItem\",\"position\":1,\"name\":\"Home\",\"item\":\"https:\\\/\\\/vtm.group\\\/fr\\\/\"},{\"@type\":\"ListItem\",\"position\":2,\"name\":\"Products\",\"item\":\"https:\\\/\\\/vtm.group\\\/fr\\\/product-category\\\/\"},{\"@type\":\"ListItem\",\"position\":3,\"name\":\"\u00c9quipement de garage\",\"item\":\"https:\\\/\\\/vtm.group\\\/fr\\\/product-category\\\/equipement-de-garage\\\/\"},{\"@type\":\"ListItem\",\"position\":4,\"name\":\"\u00c9quipement de r\u00e9paration de turbocompresseurs\",\"item\":\"https:\\\/\\\/vtm.group\\\/fr\\\/product-category\\\/equipement-de-reparation-de-turbocompresseurs\\\/\"},{\"@type\":\"ListItem\",\"position\":5,\"name\":\"Banc d\u2019essai de d\u00e9bit de turbo\",\"item\":\"https:\\\/\\\/vtm.group\\\/fr\\\/product-category\\\/banc-dessai-de-debit-de-turbo\\\/\"},{\"@type\":\"ListItem\",\"position\":6,\"name\":\"GEOMET-500\"}]},{\"@type\":\"WebSite\",\"@id\":\"https:\\\/\\\/vtm.group\\\/fr\\\/#website\",\"url\":\"https:\\\/\\\/vtm.group\\\/fr\\\/\",\"name\":\"VTM Group\",\"description\":\"Fabrication de machines d&#039;\u00e9quilibrage depuis 1973\",\"publisher\":{\"@id\":\"https:\\\/\\\/vtm.group\\\/fr\\\/#organization\"},\"potentialAction\":[{\"@type\":\"SearchAction\",\"target\":{\"@type\":\"EntryPoint\",\"urlTemplate\":\"https:\\\/\\\/vtm.group\\\/fr\\\/?s={search_term_string}\"},\"query-input\":{\"@type\":\"PropertyValueSpecification\",\"valueRequired\":true,\"valueName\":\"search_term_string\"}}],\"inLanguage\":\"fr-FR\"},{\"@type\":\"Organization\",\"@id\":\"https:\\\/\\\/vtm.group\\\/fr\\\/#organization\",\"name\":\"VTM Group\",\"url\":\"https:\\\/\\\/vtm.group\\\/fr\\\/\",\"logo\":{\"@type\":\"ImageObject\",\"inLanguage\":\"fr-FR\",\"@id\":\"https:\\\/\\\/vtm.group\\\/fr\\\/#\\\/schema\\\/logo\\\/image\\\/\",\"url\":\"https:\\\/\\\/vtm.group\\\/wp-content\\\/uploads\\\/2026\\\/01\\\/Logo-VTM.svg\",\"contentUrl\":\"https:\\\/\\\/vtm.group\\\/wp-content\\\/uploads\\\/2026\\\/01\\\/Logo-VTM.svg\",\"caption\":\"VTM Group\"},\"image\":{\"@id\":\"https:\\\/\\\/vtm.group\\\/fr\\\/#\\\/schema\\\/logo\\\/image\\\/\"},\"sameAs\":[\"https:\\\/\\\/www.facebook.com\\\/vtmgroup1\\\/\",\"https:\\\/\\\/www.youtube.com\\\/@VTM.balancing\\\/\",\"https:\\\/\\\/www.linkedin.com\\\/company\\\/vtm.group\"]}]}<\/script>\n<!-- \/ Yoast SEO plugin. -->","yoast_head_json":{"title":"Banc de d\u00e9bit turbo GEOMET-500 - VTM Group","description":"Banc d'essai de d\u00e9bit de turbocompresseur \u00e0 amortissement rapide permettant de r\u00e9tablir efficacement les r\u00e9glages du turbocompresseur aux normes d'usine apr\u00e8s le remplacement d'une cartouche ou d'un actionneur.","robots":{"index":"index","follow":"follow","max-snippet":"max-snippet:-1","max-image-preview":"max-image-preview:large","max-video-preview":"max-video-preview:-1"},"canonical":"https:\/\/vtm.group\/fr\/product\/geomet-500\/","og_locale":"fr_FR","og_type":"article","og_title":"Banc de d\u00e9bit turbo GEOMET-500 - VTM Group","og_description":"Banc d'essai de d\u00e9bit de turbocompresseur \u00e0 amortissement rapide permettant de r\u00e9tablir efficacement les r\u00e9glages du turbocompresseur aux normes d'usine apr\u00e8s le remplacement d'une cartouche ou d'un actionneur.","og_url":"https:\/\/vtm.group\/fr\/product\/geomet-500\/","og_site_name":"VTM Group","article_publisher":"https:\/\/www.facebook.com\/vtmgroup1\/","article_modified_time":"2026-03-16T09:27:01+00:00","og_image":[{"width":1500,"height":1500,"url":"https:\/\/vtm.group\/wp-content\/uploads\/2025\/08\/geomet-500_2025.jpg","type":"image\/jpeg"}],"twitter_card":"summary_large_image","schema":{"@context":"https:\/\/schema.org","@graph":[{"@type":["WebPage","ItemPage"],"@id":"https:\/\/vtm.group\/fr\/product\/geomet-500\/","url":"https:\/\/vtm.group\/fr\/product\/geomet-500\/","name":"Banc de d\u00e9bit turbo GEOMET-500 - VTM Group","isPartOf":{"@id":"https:\/\/vtm.group\/fr\/#website"},"primaryImageOfPage":{"@id":"https:\/\/vtm.group\/fr\/product\/geomet-500\/#primaryimage"},"image":{"@id":"https:\/\/vtm.group\/fr\/product\/geomet-500\/#primaryimage"},"thumbnailUrl":"https:\/\/vtm.group\/wp-content\/uploads\/2025\/08\/geomet-500_2025.jpg","datePublished":"2025-08-04T04:20:00+00:00","dateModified":"2026-03-16T09:27:01+00:00","description":"Banc d'essai de d\u00e9bit de turbocompresseur \u00e0 amortissement rapide permettant de r\u00e9tablir efficacement les r\u00e9glages du turbocompresseur aux normes d'usine apr\u00e8s le remplacement d'une cartouche ou d'un actionneur.","breadcrumb":{"@id":"https:\/\/vtm.group\/fr\/product\/geomet-500\/#breadcrumb"},"inLanguage":"fr-FR","potentialAction":[{"@type":"ReadAction","target":["https:\/\/vtm.group\/fr\/product\/geomet-500\/"]}]},{"@type":"ImageObject","inLanguage":"fr-FR","@id":"https:\/\/vtm.group\/fr\/product\/geomet-500\/#primaryimage","url":"https:\/\/vtm.group\/wp-content\/uploads\/2025\/08\/geomet-500_2025.jpg","contentUrl":"https:\/\/vtm.group\/wp-content\/uploads\/2025\/08\/geomet-500_2025.jpg","width":1500,"height":1500},{"@type":"BreadcrumbList","@id":"https:\/\/vtm.group\/fr\/product\/geomet-500\/#breadcrumb","itemListElement":[{"@type":"ListItem","position":1,"name":"Home","item":"https:\/\/vtm.group\/fr\/"},{"@type":"ListItem","position":2,"name":"Products","item":"https:\/\/vtm.group\/fr\/product-category\/"},{"@type":"ListItem","position":3,"name":"\u00c9quipement de garage","item":"https:\/\/vtm.group\/fr\/product-category\/equipement-de-garage\/"},{"@type":"ListItem","position":4,"name":"\u00c9quipement de r\u00e9paration de turbocompresseurs","item":"https:\/\/vtm.group\/fr\/product-category\/equipement-de-reparation-de-turbocompresseurs\/"},{"@type":"ListItem","position":5,"name":"Banc d\u2019essai de d\u00e9bit de turbo","item":"https:\/\/vtm.group\/fr\/product-category\/banc-dessai-de-debit-de-turbo\/"},{"@type":"ListItem","position":6,"name":"GEOMET-500"}]},{"@type":"WebSite","@id":"https:\/\/vtm.group\/fr\/#website","url":"https:\/\/vtm.group\/fr\/","name":"VTM Group","description":"Fabrication de machines d&#039;\u00e9quilibrage depuis 1973","publisher":{"@id":"https:\/\/vtm.group\/fr\/#organization"},"potentialAction":[{"@type":"SearchAction","target":{"@type":"EntryPoint","urlTemplate":"https:\/\/vtm.group\/fr\/?s={search_term_string}"},"query-input":{"@type":"PropertyValueSpecification","valueRequired":true,"valueName":"search_term_string"}}],"inLanguage":"fr-FR"},{"@type":"Organization","@id":"https:\/\/vtm.group\/fr\/#organization","name":"VTM Group","url":"https:\/\/vtm.group\/fr\/","logo":{"@type":"ImageObject","inLanguage":"fr-FR","@id":"https:\/\/vtm.group\/fr\/#\/schema\/logo\/image\/","url":"https:\/\/vtm.group\/wp-content\/uploads\/2026\/01\/Logo-VTM.svg","contentUrl":"https:\/\/vtm.group\/wp-content\/uploads\/2026\/01\/Logo-VTM.svg","caption":"VTM Group"},"image":{"@id":"https:\/\/vtm.group\/fr\/#\/schema\/logo\/image\/"},"sameAs":["https:\/\/www.facebook.com\/vtmgroup1\/","https:\/\/www.youtube.com\/@VTM.balancing\/","https:\/\/www.linkedin.com\/company\/vtm.group"]}]}},"taxonomy_info":{"product-category":[{"value":250,"label":"Banc d\u2019essai de d\u00e9bit de turbo"}]},"featured_image_src_large":["https:\/\/vtm.group\/wp-content\/uploads\/2025\/08\/geomet-500_2025-1024x1024.jpg",1024,1024,true],"author_info":[],"comment_info":"","_links":{"self":[{"href":"https:\/\/vtm.group\/fr\/wp-json\/wp\/v2\/product\/9771","targetHints":{"allow":["GET"]}}],"collection":[{"href":"https:\/\/vtm.group\/fr\/wp-json\/wp\/v2\/product"}],"about":[{"href":"https:\/\/vtm.group\/fr\/wp-json\/wp\/v2\/types\/product"}],"wp:featuredmedia":[{"embeddable":true,"href":"https:\/\/vtm.group\/fr\/wp-json\/wp\/v2\/media\/11816"}],"wp:attachment":[{"href":"https:\/\/vtm.group\/fr\/wp-json\/wp\/v2\/media?parent=9771"}],"wp:term":[{"taxonomy":"post_tag","embeddable":true,"href":"https:\/\/vtm.group\/fr\/wp-json\/wp\/v2\/tags?post=9771"},{"taxonomy":"product-category","embeddable":true,"href":"https:\/\/vtm.group\/fr\/wp-json\/wp\/v2\/product-category?post=9771"}],"curies":[{"name":"wp","href":"https:\/\/api.w.org\/{rel}","templated":true}]}}