{"id":9727,"date":"2025-11-25T12:30:00","date_gmt":"2025-11-25T10:30:00","guid":{"rendered":"https:\/\/vtm.group\/product\/9kw721\/"},"modified":"2026-01-28T15:08:31","modified_gmt":"2026-01-28T13:08:31","slug":"9kw721","status":"publish","type":"product","link":"https:\/\/vtm.group\/fr\/product\/9kw721\/","title":{"rendered":"9KW721"},"content":{"rendered":"","protected":false},"featured_media":9687,"parent":0,"template":"","meta":{"_acf_changed":false,"_kb_optimizer_status":0,"_kad_blocks_custom_css":"","_kad_blocks_head_custom_js":"","_kad_blocks_body_custom_js":"","_kad_blocks_footer_custom_js":"","_kadence_starter_templates_imported_post":false,"_kad_post_transparent":"","_kad_post_title":"","_kad_post_layout":"","_kad_post_sidebar_id":"","_kad_post_content_style":"","_kad_post_vertical_padding":"","_kad_post_feature":"","_kad_post_feature_position":"","_kad_post_header":false,"_kad_post_footer":false,"_kad_post_classname":""},"tags":[237],"product-category":[236],"class_list":["post-9727","product","type-product","status-publish","has-post-thumbnail","hentry","tag-8000-a-65000kg","product-category-machine-a-equilibrer-horizontale"],"acf":[],"yoast_head":"<!-- This site is optimized with the Yoast SEO plugin v27.4 - https:\/\/yoast.com\/product\/yoast-seo-wordpress\/ -->\n<title>\u00c9quilibreur de l&#039;industrie lourde 9KW721 - %.<\/title>\n<meta name=\"description\" content=\"Equilibreuse universelle pour l&#039;industrie lourde, entra\u00een\u00e9e par courroie 9KW721 pour les rotors lourds jusqu&#039;\u00e0 20 000 kg avec axe de rotation horizontal.\" \/>\n<meta name=\"robots\" content=\"index, follow, max-snippet:-1, max-image-preview:large, max-video-preview:-1\" \/>\n<link rel=\"canonical\" href=\"https:\/\/vtm.group\/fr\/product\/9kw721\/\" \/>\n<meta property=\"og:locale\" content=\"fr_FR\" \/>\n<meta property=\"og:type\" content=\"article\" \/>\n<meta property=\"og:title\" content=\"\u00c9quilibreur de l&#039;industrie lourde 9KW721 - %.\" \/>\n<meta property=\"og:description\" content=\"Equilibreuse universelle pour l&#039;industrie lourde, entra\u00een\u00e9e par courroie 9KW721 pour les rotors lourds jusqu&#039;\u00e0 20 000 kg avec axe de rotation horizontal.\" \/>\n<meta property=\"og:url\" content=\"https:\/\/vtm.group\/fr\/product\/9kw721\/\" \/>\n<meta property=\"og:site_name\" content=\"VTM Group\" \/>\n<meta property=\"article:publisher\" content=\"https:\/\/www.facebook.com\/vtmgroup1\/\" \/>\n<meta property=\"article:modified_time\" content=\"2026-01-28T13:08:31+00:00\" \/>\n<meta property=\"og:image\" content=\"https:\/\/vtm.group\/wp-content\/uploads\/2025\/07\/9kw721.jpg\" \/>\n\t<meta property=\"og:image:width\" content=\"1500\" \/>\n\t<meta property=\"og:image:height\" content=\"1125\" \/>\n\t<meta property=\"og:image:type\" content=\"image\/jpeg\" \/>\n<meta name=\"twitter:card\" content=\"summary_large_image\" \/>\n<script type=\"application\/ld+json\" class=\"yoast-schema-graph\">{\"@context\":\"https:\\\/\\\/schema.org\",\"@graph\":[{\"@type\":[\"WebPage\",\"ItemPage\"],\"@id\":\"https:\\\/\\\/vtm.group\\\/fr\\\/product\\\/9kw721\\\/\",\"url\":\"https:\\\/\\\/vtm.group\\\/fr\\\/product\\\/9kw721\\\/\",\"name\":\"\u00c9quilibreur de l'industrie lourde 9KW721 - %.\",\"isPartOf\":{\"@id\":\"https:\\\/\\\/vtm.group\\\/fr\\\/#website\"},\"primaryImageOfPage\":{\"@id\":\"https:\\\/\\\/vtm.group\\\/fr\\\/product\\\/9kw721\\\/#primaryimage\"},\"image\":{\"@id\":\"https:\\\/\\\/vtm.group\\\/fr\\\/product\\\/9kw721\\\/#primaryimage\"},\"thumbnailUrl\":\"https:\\\/\\\/vtm.group\\\/wp-content\\\/uploads\\\/2025\\\/07\\\/9kw721.jpg\",\"datePublished\":\"2025-11-25T10:30:00+00:00\",\"dateModified\":\"2026-01-28T13:08:31+00:00\",\"description\":\"Equilibreuse universelle pour l'industrie lourde, entra\u00een\u00e9e par courroie 9KW721 pour les rotors lourds jusqu'\u00e0 20 000 kg avec axe de rotation horizontal.\",\"breadcrumb\":{\"@id\":\"https:\\\/\\\/vtm.group\\\/fr\\\/product\\\/9kw721\\\/#breadcrumb\"},\"inLanguage\":\"fr-FR\",\"potentialAction\":[{\"@type\":\"ReadAction\",\"target\":[\"https:\\\/\\\/vtm.group\\\/fr\\\/product\\\/9kw721\\\/\"]}]},{\"@type\":\"ImageObject\",\"inLanguage\":\"fr-FR\",\"@id\":\"https:\\\/\\\/vtm.group\\\/fr\\\/product\\\/9kw721\\\/#primaryimage\",\"url\":\"https:\\\/\\\/vtm.group\\\/wp-content\\\/uploads\\\/2025\\\/07\\\/9kw721.jpg\",\"contentUrl\":\"https:\\\/\\\/vtm.group\\\/wp-content\\\/uploads\\\/2025\\\/07\\\/9kw721.jpg\",\"width\":1500,\"height\":1125},{\"@type\":\"BreadcrumbList\",\"@id\":\"https:\\\/\\\/vtm.group\\\/fr\\\/product\\\/9kw721\\\/#breadcrumb\",\"itemListElement\":[{\"@type\":\"ListItem\",\"position\":1,\"name\":\"Home\",\"item\":\"https:\\\/\\\/vtm.group\\\/fr\\\/\"},{\"@type\":\"ListItem\",\"position\":2,\"name\":\"Products\",\"item\":\"https:\\\/\\\/vtm.group\\\/fr\\\/product-category\\\/\"},{\"@type\":\"ListItem\",\"position\":3,\"name\":\"Machine \u00e0 \u00e9quilibrer universelle\",\"item\":\"https:\\\/\\\/vtm.group\\\/fr\\\/product-category\\\/machine-a-equilibrer-universelle\\\/\"},{\"@type\":\"ListItem\",\"position\":4,\"name\":\"Machine \u00e0 \u00e9quilibrer horizontale\",\"item\":\"https:\\\/\\\/vtm.group\\\/fr\\\/product-category\\\/machine-a-equilibrer-horizontale\\\/\"},{\"@type\":\"ListItem\",\"position\":5,\"name\":\"9KW721\"}]},{\"@type\":\"WebSite\",\"@id\":\"https:\\\/\\\/vtm.group\\\/fr\\\/#website\",\"url\":\"https:\\\/\\\/vtm.group\\\/fr\\\/\",\"name\":\"VTM Group\",\"description\":\"Fabrication de machines d&#039;\u00e9quilibrage depuis 1973\",\"publisher\":{\"@id\":\"https:\\\/\\\/vtm.group\\\/fr\\\/#organization\"},\"potentialAction\":[{\"@type\":\"SearchAction\",\"target\":{\"@type\":\"EntryPoint\",\"urlTemplate\":\"https:\\\/\\\/vtm.group\\\/fr\\\/?s={search_term_string}\"},\"query-input\":{\"@type\":\"PropertyValueSpecification\",\"valueRequired\":true,\"valueName\":\"search_term_string\"}}],\"inLanguage\":\"fr-FR\"},{\"@type\":\"Organization\",\"@id\":\"https:\\\/\\\/vtm.group\\\/fr\\\/#organization\",\"name\":\"VTM Group\",\"url\":\"https:\\\/\\\/vtm.group\\\/fr\\\/\",\"logo\":{\"@type\":\"ImageObject\",\"inLanguage\":\"fr-FR\",\"@id\":\"https:\\\/\\\/vtm.group\\\/fr\\\/#\\\/schema\\\/logo\\\/image\\\/\",\"url\":\"https:\\\/\\\/vtm.group\\\/wp-content\\\/uploads\\\/2026\\\/01\\\/Logo-VTM.svg\",\"contentUrl\":\"https:\\\/\\\/vtm.group\\\/wp-content\\\/uploads\\\/2026\\\/01\\\/Logo-VTM.svg\",\"caption\":\"VTM Group\"},\"image\":{\"@id\":\"https:\\\/\\\/vtm.group\\\/fr\\\/#\\\/schema\\\/logo\\\/image\\\/\"},\"sameAs\":[\"https:\\\/\\\/www.facebook.com\\\/vtmgroup1\\\/\",\"https:\\\/\\\/www.youtube.com\\\/@VTM.balancing\\\/\",\"https:\\\/\\\/www.linkedin.com\\\/company\\\/vtm.group\"]}]}<\/script>\n<!-- \/ Yoast SEO plugin. -->","yoast_head_json":{"title":"\u00c9quilibreur de l'industrie lourde 9KW721 - %.","description":"Equilibreuse universelle pour l'industrie lourde, entra\u00een\u00e9e par courroie 9KW721 pour les rotors lourds jusqu'\u00e0 20 000 kg avec axe de rotation horizontal.","robots":{"index":"index","follow":"follow","max-snippet":"max-snippet:-1","max-image-preview":"max-image-preview:large","max-video-preview":"max-video-preview:-1"},"canonical":"https:\/\/vtm.group\/fr\/product\/9kw721\/","og_locale":"fr_FR","og_type":"article","og_title":"\u00c9quilibreur de l'industrie lourde 9KW721 - %.","og_description":"Equilibreuse universelle pour l'industrie lourde, entra\u00een\u00e9e par courroie 9KW721 pour les rotors lourds jusqu'\u00e0 20 000 kg avec axe de rotation horizontal.","og_url":"https:\/\/vtm.group\/fr\/product\/9kw721\/","og_site_name":"VTM Group","article_publisher":"https:\/\/www.facebook.com\/vtmgroup1\/","article_modified_time":"2026-01-28T13:08:31+00:00","og_image":[{"width":1500,"height":1125,"url":"https:\/\/vtm.group\/wp-content\/uploads\/2025\/07\/9kw721.jpg","type":"image\/jpeg"}],"twitter_card":"summary_large_image","schema":{"@context":"https:\/\/schema.org","@graph":[{"@type":["WebPage","ItemPage"],"@id":"https:\/\/vtm.group\/fr\/product\/9kw721\/","url":"https:\/\/vtm.group\/fr\/product\/9kw721\/","name":"\u00c9quilibreur de l'industrie lourde 9KW721 - %.","isPartOf":{"@id":"https:\/\/vtm.group\/fr\/#website"},"primaryImageOfPage":{"@id":"https:\/\/vtm.group\/fr\/product\/9kw721\/#primaryimage"},"image":{"@id":"https:\/\/vtm.group\/fr\/product\/9kw721\/#primaryimage"},"thumbnailUrl":"https:\/\/vtm.group\/wp-content\/uploads\/2025\/07\/9kw721.jpg","datePublished":"2025-11-25T10:30:00+00:00","dateModified":"2026-01-28T13:08:31+00:00","description":"Equilibreuse universelle pour l'industrie lourde, entra\u00een\u00e9e par courroie 9KW721 pour les rotors lourds jusqu'\u00e0 20 000 kg avec axe de rotation horizontal.","breadcrumb":{"@id":"https:\/\/vtm.group\/fr\/product\/9kw721\/#breadcrumb"},"inLanguage":"fr-FR","potentialAction":[{"@type":"ReadAction","target":["https:\/\/vtm.group\/fr\/product\/9kw721\/"]}]},{"@type":"ImageObject","inLanguage":"fr-FR","@id":"https:\/\/vtm.group\/fr\/product\/9kw721\/#primaryimage","url":"https:\/\/vtm.group\/wp-content\/uploads\/2025\/07\/9kw721.jpg","contentUrl":"https:\/\/vtm.group\/wp-content\/uploads\/2025\/07\/9kw721.jpg","width":1500,"height":1125},{"@type":"BreadcrumbList","@id":"https:\/\/vtm.group\/fr\/product\/9kw721\/#breadcrumb","itemListElement":[{"@type":"ListItem","position":1,"name":"Home","item":"https:\/\/vtm.group\/fr\/"},{"@type":"ListItem","position":2,"name":"Products","item":"https:\/\/vtm.group\/fr\/product-category\/"},{"@type":"ListItem","position":3,"name":"Machine \u00e0 \u00e9quilibrer universelle","item":"https:\/\/vtm.group\/fr\/product-category\/machine-a-equilibrer-universelle\/"},{"@type":"ListItem","position":4,"name":"Machine \u00e0 \u00e9quilibrer horizontale","item":"https:\/\/vtm.group\/fr\/product-category\/machine-a-equilibrer-horizontale\/"},{"@type":"ListItem","position":5,"name":"9KW721"}]},{"@type":"WebSite","@id":"https:\/\/vtm.group\/fr\/#website","url":"https:\/\/vtm.group\/fr\/","name":"VTM Group","description":"Fabrication de machines d&#039;\u00e9quilibrage depuis 1973","publisher":{"@id":"https:\/\/vtm.group\/fr\/#organization"},"potentialAction":[{"@type":"SearchAction","target":{"@type":"EntryPoint","urlTemplate":"https:\/\/vtm.group\/fr\/?s={search_term_string}"},"query-input":{"@type":"PropertyValueSpecification","valueRequired":true,"valueName":"search_term_string"}}],"inLanguage":"fr-FR"},{"@type":"Organization","@id":"https:\/\/vtm.group\/fr\/#organization","name":"VTM Group","url":"https:\/\/vtm.group\/fr\/","logo":{"@type":"ImageObject","inLanguage":"fr-FR","@id":"https:\/\/vtm.group\/fr\/#\/schema\/logo\/image\/","url":"https:\/\/vtm.group\/wp-content\/uploads\/2026\/01\/Logo-VTM.svg","contentUrl":"https:\/\/vtm.group\/wp-content\/uploads\/2026\/01\/Logo-VTM.svg","caption":"VTM Group"},"image":{"@id":"https:\/\/vtm.group\/fr\/#\/schema\/logo\/image\/"},"sameAs":["https:\/\/www.facebook.com\/vtmgroup1\/","https:\/\/www.youtube.com\/@VTM.balancing\/","https:\/\/www.linkedin.com\/company\/vtm.group"]}]}},"taxonomy_info":{"post_tag":[{"value":237,"label":"8000 \u00e0 65000kg"}],"product-category":[{"value":236,"label":"Machine \u00e0 \u00e9quilibrer horizontale"}]},"featured_image_src_large":["https:\/\/vtm.group\/wp-content\/uploads\/2025\/07\/9kw721-1024x768.jpg",1024,768,true],"author_info":[],"comment_info":"","_links":{"self":[{"href":"https:\/\/vtm.group\/fr\/wp-json\/wp\/v2\/product\/9727","targetHints":{"allow":["GET"]}}],"collection":[{"href":"https:\/\/vtm.group\/fr\/wp-json\/wp\/v2\/product"}],"about":[{"href":"https:\/\/vtm.group\/fr\/wp-json\/wp\/v2\/types\/product"}],"wp:featuredmedia":[{"embeddable":true,"href":"https:\/\/vtm.group\/fr\/wp-json\/wp\/v2\/media\/9687"}],"wp:attachment":[{"href":"https:\/\/vtm.group\/fr\/wp-json\/wp\/v2\/media?parent=9727"}],"wp:term":[{"taxonomy":"post_tag","embeddable":true,"href":"https:\/\/vtm.group\/fr\/wp-json\/wp\/v2\/tags?post=9727"},{"taxonomy":"product-category","embeddable":true,"href":"https:\/\/vtm.group\/fr\/wp-json\/wp\/v2\/product-category?post=9727"}],"curies":[{"name":"wp","href":"https:\/\/api.w.org\/{rel}","templated":true}]}}