{"id":9692,"date":"2025-07-01T12:20:16","date_gmt":"2025-07-01T09:20:16","guid":{"rendered":"https:\/\/vtm.group\/product\/bvi-03-72\/"},"modified":"2026-02-20T15:56:49","modified_gmt":"2026-02-20T13:56:49","slug":"bvi-03-72","status":"publish","type":"product","link":"https:\/\/vtm.group\/fr\/product\/bvi-03-72\/","title":{"rendered":"BVI-03-72"},"content":{"rendered":"","protected":false},"featured_media":9694,"parent":0,"template":"","meta":{"_acf_changed":false,"_kb_optimizer_status":0,"_kad_blocks_custom_css":"","_kad_blocks_head_custom_js":"","_kad_blocks_body_custom_js":"","_kad_blocks_footer_custom_js":"","_kadence_starter_templates_imported_post":false,"_kad_post_transparent":"","_kad_post_title":"","_kad_post_layout":"","_kad_post_sidebar_id":"","_kad_post_content_style":"","_kad_post_vertical_padding":"","_kad_post_feature":"","_kad_post_feature_position":"","_kad_post_header":false,"_kad_post_footer":false,"_kad_post_classname":""},"tags":[],"product-category":[238],"class_list":["post-9692","product","type-product","status-publish","has-post-thumbnail","hentry","product-category-machine-dequilibrage-de-cardans"],"acf":[],"yoast_head":"<!-- This site is optimized with the Yoast SEO plugin v27.4 - https:\/\/yoast.com\/product\/yoast-seo-wordpress\/ -->\n<title>Machine \u00e0 \u00e9quilibrer \u00e0 cardan %%title% - VTM Group.<\/title>\n<meta name=\"description\" content=\"La machine d&#039;\u00e9quilibrage est con\u00e7ue pour l&#039;\u00e9quilibrage dynamique d&#039;arbres \u00e0 cardan monoblocs d&#039;un poids allant jusqu&#039;\u00e0 80 kg et d&#039;une longueur allant jusqu&#039;\u00e0 1600 mm.\" \/>\n<meta name=\"robots\" content=\"index, follow, max-snippet:-1, max-image-preview:large, max-video-preview:-1\" \/>\n<link rel=\"canonical\" href=\"https:\/\/vtm.group\/fr\/product\/bvi-03-72\/\" \/>\n<meta property=\"og:locale\" content=\"fr_FR\" \/>\n<meta property=\"og:type\" content=\"article\" \/>\n<meta property=\"og:title\" content=\"Machine \u00e0 \u00e9quilibrer \u00e0 cardan %%title% - VTM Group.\" \/>\n<meta property=\"og:description\" content=\"La machine d&#039;\u00e9quilibrage est con\u00e7ue pour l&#039;\u00e9quilibrage dynamique d&#039;arbres \u00e0 cardan monoblocs d&#039;un poids allant jusqu&#039;\u00e0 80 kg et d&#039;une longueur allant jusqu&#039;\u00e0 1600 mm.\" \/>\n<meta property=\"og:url\" content=\"https:\/\/vtm.group\/fr\/product\/bvi-03-72\/\" \/>\n<meta property=\"og:site_name\" content=\"VTM Group\" \/>\n<meta property=\"article:publisher\" content=\"https:\/\/www.facebook.com\/vtmgroup1\/\" \/>\n<meta property=\"article:modified_time\" content=\"2026-02-20T13:56:49+00:00\" \/>\n<meta property=\"og:image\" content=\"https:\/\/vtm.group\/wp-content\/uploads\/2025\/07\/vtm-72-2.jpg\" \/>\n\t<meta property=\"og:image:width\" content=\"1280\" \/>\n\t<meta property=\"og:image:height\" content=\"963\" \/>\n\t<meta property=\"og:image:type\" content=\"image\/jpeg\" \/>\n<meta name=\"twitter:card\" content=\"summary_large_image\" \/>\n<script type=\"application\/ld+json\" class=\"yoast-schema-graph\">{\"@context\":\"https:\\\/\\\/schema.org\",\"@graph\":[{\"@type\":[\"WebPage\",\"ItemPage\"],\"@id\":\"https:\\\/\\\/vtm.group\\\/fr\\\/product\\\/bvi-03-72\\\/\",\"url\":\"https:\\\/\\\/vtm.group\\\/fr\\\/product\\\/bvi-03-72\\\/\",\"name\":\"Machine \u00e0 \u00e9quilibrer \u00e0 cardan %%title% - VTM Group.\",\"isPartOf\":{\"@id\":\"https:\\\/\\\/vtm.group\\\/fr\\\/#website\"},\"primaryImageOfPage\":{\"@id\":\"https:\\\/\\\/vtm.group\\\/fr\\\/product\\\/bvi-03-72\\\/#primaryimage\"},\"image\":{\"@id\":\"https:\\\/\\\/vtm.group\\\/fr\\\/product\\\/bvi-03-72\\\/#primaryimage\"},\"thumbnailUrl\":\"https:\\\/\\\/vtm.group\\\/wp-content\\\/uploads\\\/2025\\\/07\\\/vtm-72-2.jpg\",\"datePublished\":\"2025-07-01T09:20:16+00:00\",\"dateModified\":\"2026-02-20T13:56:49+00:00\",\"description\":\"La machine d'\u00e9quilibrage est con\u00e7ue pour l'\u00e9quilibrage dynamique d'arbres \u00e0 cardan monoblocs d'un poids allant jusqu'\u00e0 80 kg et d'une longueur allant jusqu'\u00e0 1600 mm.\",\"breadcrumb\":{\"@id\":\"https:\\\/\\\/vtm.group\\\/fr\\\/product\\\/bvi-03-72\\\/#breadcrumb\"},\"inLanguage\":\"fr-FR\",\"potentialAction\":[{\"@type\":\"ReadAction\",\"target\":[\"https:\\\/\\\/vtm.group\\\/fr\\\/product\\\/bvi-03-72\\\/\"]}]},{\"@type\":\"ImageObject\",\"inLanguage\":\"fr-FR\",\"@id\":\"https:\\\/\\\/vtm.group\\\/fr\\\/product\\\/bvi-03-72\\\/#primaryimage\",\"url\":\"https:\\\/\\\/vtm.group\\\/wp-content\\\/uploads\\\/2025\\\/07\\\/vtm-72-2.jpg\",\"contentUrl\":\"https:\\\/\\\/vtm.group\\\/wp-content\\\/uploads\\\/2025\\\/07\\\/vtm-72-2.jpg\",\"width\":1280,\"height\":963},{\"@type\":\"BreadcrumbList\",\"@id\":\"https:\\\/\\\/vtm.group\\\/fr\\\/product\\\/bvi-03-72\\\/#breadcrumb\",\"itemListElement\":[{\"@type\":\"ListItem\",\"position\":1,\"name\":\"Home\",\"item\":\"https:\\\/\\\/vtm.group\\\/fr\\\/\"},{\"@type\":\"ListItem\",\"position\":2,\"name\":\"Products\",\"item\":\"https:\\\/\\\/vtm.group\\\/fr\\\/product-category\\\/\"},{\"@type\":\"ListItem\",\"position\":3,\"name\":\"\u00c9quipement de garage\",\"item\":\"https:\\\/\\\/vtm.group\\\/fr\\\/product-category\\\/equipement-de-garage\\\/\"},{\"@type\":\"ListItem\",\"position\":4,\"name\":\"\u00c9quipement de r\u00e9paration de cardans\",\"item\":\"https:\\\/\\\/vtm.group\\\/fr\\\/product-category\\\/equipement-de-reparation-de-cardans\\\/\"},{\"@type\":\"ListItem\",\"position\":5,\"name\":\"Machine d\u2019\u00e9quilibrage de cardans\",\"item\":\"https:\\\/\\\/vtm.group\\\/fr\\\/product-category\\\/machine-dequilibrage-de-cardans\\\/\"},{\"@type\":\"ListItem\",\"position\":6,\"name\":\"BVI-03-72\"}]},{\"@type\":\"WebSite\",\"@id\":\"https:\\\/\\\/vtm.group\\\/fr\\\/#website\",\"url\":\"https:\\\/\\\/vtm.group\\\/fr\\\/\",\"name\":\"VTM Group\",\"description\":\"Fabrication de machines d&#039;\u00e9quilibrage depuis 1973\",\"publisher\":{\"@id\":\"https:\\\/\\\/vtm.group\\\/fr\\\/#organization\"},\"potentialAction\":[{\"@type\":\"SearchAction\",\"target\":{\"@type\":\"EntryPoint\",\"urlTemplate\":\"https:\\\/\\\/vtm.group\\\/fr\\\/?s={search_term_string}\"},\"query-input\":{\"@type\":\"PropertyValueSpecification\",\"valueRequired\":true,\"valueName\":\"search_term_string\"}}],\"inLanguage\":\"fr-FR\"},{\"@type\":\"Organization\",\"@id\":\"https:\\\/\\\/vtm.group\\\/fr\\\/#organization\",\"name\":\"VTM Group\",\"url\":\"https:\\\/\\\/vtm.group\\\/fr\\\/\",\"logo\":{\"@type\":\"ImageObject\",\"inLanguage\":\"fr-FR\",\"@id\":\"https:\\\/\\\/vtm.group\\\/fr\\\/#\\\/schema\\\/logo\\\/image\\\/\",\"url\":\"https:\\\/\\\/vtm.group\\\/wp-content\\\/uploads\\\/2026\\\/01\\\/Logo-VTM.svg\",\"contentUrl\":\"https:\\\/\\\/vtm.group\\\/wp-content\\\/uploads\\\/2026\\\/01\\\/Logo-VTM.svg\",\"caption\":\"VTM Group\"},\"image\":{\"@id\":\"https:\\\/\\\/vtm.group\\\/fr\\\/#\\\/schema\\\/logo\\\/image\\\/\"},\"sameAs\":[\"https:\\\/\\\/www.facebook.com\\\/vtmgroup1\\\/\",\"https:\\\/\\\/www.youtube.com\\\/@VTM.balancing\\\/\",\"https:\\\/\\\/www.linkedin.com\\\/company\\\/vtm.group\"]}]}<\/script>\n<!-- \/ Yoast SEO plugin. -->","yoast_head_json":{"title":"Machine \u00e0 \u00e9quilibrer \u00e0 cardan %%title% - VTM Group.","description":"La machine d'\u00e9quilibrage est con\u00e7ue pour l'\u00e9quilibrage dynamique d'arbres \u00e0 cardan monoblocs d'un poids allant jusqu'\u00e0 80 kg et d'une longueur allant jusqu'\u00e0 1600 mm.","robots":{"index":"index","follow":"follow","max-snippet":"max-snippet:-1","max-image-preview":"max-image-preview:large","max-video-preview":"max-video-preview:-1"},"canonical":"https:\/\/vtm.group\/fr\/product\/bvi-03-72\/","og_locale":"fr_FR","og_type":"article","og_title":"Machine \u00e0 \u00e9quilibrer \u00e0 cardan %%title% - VTM Group.","og_description":"La machine d'\u00e9quilibrage est con\u00e7ue pour l'\u00e9quilibrage dynamique d'arbres \u00e0 cardan monoblocs d'un poids allant jusqu'\u00e0 80 kg et d'une longueur allant jusqu'\u00e0 1600 mm.","og_url":"https:\/\/vtm.group\/fr\/product\/bvi-03-72\/","og_site_name":"VTM Group","article_publisher":"https:\/\/www.facebook.com\/vtmgroup1\/","article_modified_time":"2026-02-20T13:56:49+00:00","og_image":[{"width":1280,"height":963,"url":"https:\/\/vtm.group\/wp-content\/uploads\/2025\/07\/vtm-72-2.jpg","type":"image\/jpeg"}],"twitter_card":"summary_large_image","schema":{"@context":"https:\/\/schema.org","@graph":[{"@type":["WebPage","ItemPage"],"@id":"https:\/\/vtm.group\/fr\/product\/bvi-03-72\/","url":"https:\/\/vtm.group\/fr\/product\/bvi-03-72\/","name":"Machine \u00e0 \u00e9quilibrer \u00e0 cardan %%title% - VTM Group.","isPartOf":{"@id":"https:\/\/vtm.group\/fr\/#website"},"primaryImageOfPage":{"@id":"https:\/\/vtm.group\/fr\/product\/bvi-03-72\/#primaryimage"},"image":{"@id":"https:\/\/vtm.group\/fr\/product\/bvi-03-72\/#primaryimage"},"thumbnailUrl":"https:\/\/vtm.group\/wp-content\/uploads\/2025\/07\/vtm-72-2.jpg","datePublished":"2025-07-01T09:20:16+00:00","dateModified":"2026-02-20T13:56:49+00:00","description":"La machine d'\u00e9quilibrage est con\u00e7ue pour l'\u00e9quilibrage dynamique d'arbres \u00e0 cardan monoblocs d'un poids allant jusqu'\u00e0 80 kg et d'une longueur allant jusqu'\u00e0 1600 mm.","breadcrumb":{"@id":"https:\/\/vtm.group\/fr\/product\/bvi-03-72\/#breadcrumb"},"inLanguage":"fr-FR","potentialAction":[{"@type":"ReadAction","target":["https:\/\/vtm.group\/fr\/product\/bvi-03-72\/"]}]},{"@type":"ImageObject","inLanguage":"fr-FR","@id":"https:\/\/vtm.group\/fr\/product\/bvi-03-72\/#primaryimage","url":"https:\/\/vtm.group\/wp-content\/uploads\/2025\/07\/vtm-72-2.jpg","contentUrl":"https:\/\/vtm.group\/wp-content\/uploads\/2025\/07\/vtm-72-2.jpg","width":1280,"height":963},{"@type":"BreadcrumbList","@id":"https:\/\/vtm.group\/fr\/product\/bvi-03-72\/#breadcrumb","itemListElement":[{"@type":"ListItem","position":1,"name":"Home","item":"https:\/\/vtm.group\/fr\/"},{"@type":"ListItem","position":2,"name":"Products","item":"https:\/\/vtm.group\/fr\/product-category\/"},{"@type":"ListItem","position":3,"name":"\u00c9quipement de garage","item":"https:\/\/vtm.group\/fr\/product-category\/equipement-de-garage\/"},{"@type":"ListItem","position":4,"name":"\u00c9quipement de r\u00e9paration de cardans","item":"https:\/\/vtm.group\/fr\/product-category\/equipement-de-reparation-de-cardans\/"},{"@type":"ListItem","position":5,"name":"Machine d\u2019\u00e9quilibrage de cardans","item":"https:\/\/vtm.group\/fr\/product-category\/machine-dequilibrage-de-cardans\/"},{"@type":"ListItem","position":6,"name":"BVI-03-72"}]},{"@type":"WebSite","@id":"https:\/\/vtm.group\/fr\/#website","url":"https:\/\/vtm.group\/fr\/","name":"VTM Group","description":"Fabrication de machines d&#039;\u00e9quilibrage depuis 1973","publisher":{"@id":"https:\/\/vtm.group\/fr\/#organization"},"potentialAction":[{"@type":"SearchAction","target":{"@type":"EntryPoint","urlTemplate":"https:\/\/vtm.group\/fr\/?s={search_term_string}"},"query-input":{"@type":"PropertyValueSpecification","valueRequired":true,"valueName":"search_term_string"}}],"inLanguage":"fr-FR"},{"@type":"Organization","@id":"https:\/\/vtm.group\/fr\/#organization","name":"VTM Group","url":"https:\/\/vtm.group\/fr\/","logo":{"@type":"ImageObject","inLanguage":"fr-FR","@id":"https:\/\/vtm.group\/fr\/#\/schema\/logo\/image\/","url":"https:\/\/vtm.group\/wp-content\/uploads\/2026\/01\/Logo-VTM.svg","contentUrl":"https:\/\/vtm.group\/wp-content\/uploads\/2026\/01\/Logo-VTM.svg","caption":"VTM Group"},"image":{"@id":"https:\/\/vtm.group\/fr\/#\/schema\/logo\/image\/"},"sameAs":["https:\/\/www.facebook.com\/vtmgroup1\/","https:\/\/www.youtube.com\/@VTM.balancing\/","https:\/\/www.linkedin.com\/company\/vtm.group"]}]}},"taxonomy_info":{"product-category":[{"value":238,"label":"Machine d\u2019\u00e9quilibrage de cardans"}]},"featured_image_src_large":["https:\/\/vtm.group\/wp-content\/uploads\/2025\/07\/vtm-72-2-1024x770.jpg",1024,770,true],"author_info":[],"comment_info":"","_links":{"self":[{"href":"https:\/\/vtm.group\/fr\/wp-json\/wp\/v2\/product\/9692","targetHints":{"allow":["GET"]}}],"collection":[{"href":"https:\/\/vtm.group\/fr\/wp-json\/wp\/v2\/product"}],"about":[{"href":"https:\/\/vtm.group\/fr\/wp-json\/wp\/v2\/types\/product"}],"wp:featuredmedia":[{"embeddable":true,"href":"https:\/\/vtm.group\/fr\/wp-json\/wp\/v2\/media\/9694"}],"wp:attachment":[{"href":"https:\/\/vtm.group\/fr\/wp-json\/wp\/v2\/media?parent=9692"}],"wp:term":[{"taxonomy":"post_tag","embeddable":true,"href":"https:\/\/vtm.group\/fr\/wp-json\/wp\/v2\/tags?post=9692"},{"taxonomy":"product-category","embeddable":true,"href":"https:\/\/vtm.group\/fr\/wp-json\/wp\/v2\/product-category?post=9692"}],"curies":[{"name":"wp","href":"https:\/\/api.w.org\/{rel}","templated":true}]}}