{"id":10130,"date":"2025-08-25T13:23:28","date_gmt":"2025-08-25T10:23:28","guid":{"rendered":"https:\/\/vtm.group\/paiement-et-livraison\/"},"modified":"2025-12-16T11:40:34","modified_gmt":"2025-12-16T09:40:34","slug":"paiement-et-livraison","status":"publish","type":"page","link":"https:\/\/vtm.group\/fr\/paiement-et-livraison\/","title":{"rendered":"Paiement et livraison"},"content":{"rendered":"<style>.kb-row-layout-wrap.wp-block-kadence-rowlayout.kb-row-layout-id4803_5f5cf5-68{margin-top:var(--global-kb-spacing-lg, 3rem);margin-bottom:var(--global-kb-spacing-xl, 4rem);}.kb-row-layout-id4803_5f5cf5-68 > .kt-row-column-wrap{align-content:start;}:where(.kb-row-layout-id4803_5f5cf5-68 > .kt-row-column-wrap) > .wp-block-kadence-column{justify-content:start;}.kb-row-layout-id4803_5f5cf5-68 > .kt-row-column-wrap{column-gap:var(--global-kb-gap-md, 2rem);row-gap:var(--global-kb-gap-md, 2rem);max-width:700px;margin-left:auto;margin-right:auto;grid-template-columns:minmax(0, 1fr);}.kb-row-layout-id4803_5f5cf5-68 > .kt-row-layout-overlay{opacity:0.30;}@media all and (max-width: 1024px){.kb-row-layout-id4803_5f5cf5-68 > .kt-row-column-wrap{grid-template-columns:minmax(0, 1fr);}}@media all and (max-width: 767px){.kb-row-layout-id4803_5f5cf5-68 > .kt-row-column-wrap{grid-template-columns:minmax(0, 1fr);}}<\/style><div class=\"kb-row-layout-wrap kb-row-layout-id4803_5f5cf5-68 alignfull wp-block-kadence-rowlayout\"><div class=\"kt-row-column-wrap kt-has-1-columns kt-row-layout-equal kt-tab-layout-inherit kt-mobile-layout-row kt-row-valign-top\">\n<style>.kadence-column4803_df54ee-a0 > .kt-inside-inner-col,.kadence-column4803_df54ee-a0 > .kt-inside-inner-col:before{border-top-left-radius:0px;border-top-right-radius:0px;border-bottom-right-radius:0px;border-bottom-left-radius:0px;}.kadence-column4803_df54ee-a0 > .kt-inside-inner-col{column-gap:var(--global-kb-gap-sm, 1rem);}.kadence-column4803_df54ee-a0 > .kt-inside-inner-col{flex-direction:column;}.kadence-column4803_df54ee-a0 > .kt-inside-inner-col > .aligncenter{width:100%;}.kadence-column4803_df54ee-a0 > .kt-inside-inner-col:before{opacity:0.3;}.kadence-column4803_df54ee-a0{position:relative;}@media all and (max-width: 1024px){.kadence-column4803_df54ee-a0 > .kt-inside-inner-col{flex-direction:column;justify-content:center;}}@media all and (max-width: 767px){.kadence-column4803_df54ee-a0 > .kt-inside-inner-col{flex-direction:column;justify-content:center;}}<\/style>\n<div class=\"wp-block-kadence-column kadence-column4803_df54ee-a0\"><div class=\"kt-inside-inner-col\">\n<h3 class=\"wp-block-heading\">Paiement<\/h3>\n\n\n\n<p>La fourniture de mat\u00e9riel est effectu\u00e9e dans le cadre d&rsquo;un contrat conclu entre l&rsquo;acheteur et le groupe VTM. Toutes les conditions, y compris les sp\u00e9cifications techniques, les d\u00e9lais de pr\u00e9paration et les conditions d&rsquo;exp\u00e9dition, sont d\u00e9taill\u00e9es dans le contrat. <\/p>\n\n\n\n<p>Le paiement est effectu\u00e9 par virement bancaire sur le compte officiel du groupe VTM. Le processus de paiement se d\u00e9roule en deux \u00e9tapes : <\/p>\n\n\n\n<ul class=\"wp-block-list\">\n<li>Un pr\u00e9paiement partiel apr\u00e8s la signature du contrat ;<\/li>\n\n\n\n<li>Le solde est vers\u00e9 d\u00e8s que l&rsquo;\u00e9quipement est pr\u00eat \u00e0 \u00eatre exp\u00e9di\u00e9.<\/li>\n<\/ul>\n\n\n\n<p>Avant l&rsquo;exp\u00e9dition, nous organisons une vid\u00e9oconf\u00e9rence pour d\u00e9montrer la fonctionnalit\u00e9 et l&rsquo;\u00e9tat de pr\u00e9paration de la machine.<\/p>\n\n\n\n<p>Dans des circonstances exceptionnelles, nous offrons une <strong>garantie de remboursement \u00e0 100 %.<\/strong><\/p>\n<\/div><\/div>\n\n<\/div><\/div><style>.kb-row-layout-wrap.wp-block-kadence-rowlayout.kb-row-layout-id4803_da84a9-f2{margin-bottom:var(--global-kb-spacing-xl, 4rem);}.kb-row-layout-id4803_da84a9-f2 > .kt-row-column-wrap{align-content:start;}:where(.kb-row-layout-id4803_da84a9-f2 > .kt-row-column-wrap) > .wp-block-kadence-column{justify-content:start;}.kb-row-layout-id4803_da84a9-f2 > .kt-row-column-wrap{column-gap:var(--global-kb-gap-md, 2rem);row-gap:var(--global-kb-gap-md, 2rem);max-width:700px;margin-left:auto;margin-right:auto;grid-template-columns:minmax(0, 1fr);}.kb-row-layout-id4803_da84a9-f2 > .kt-row-layout-overlay{opacity:0.30;}@media all and (max-width: 1024px){.kb-row-layout-id4803_da84a9-f2 > .kt-row-column-wrap{grid-template-columns:minmax(0, 1fr);}}@media all and (max-width: 767px){.kb-row-layout-id4803_da84a9-f2 > .kt-row-column-wrap{grid-template-columns:minmax(0, 1fr);}}<\/style><div class=\"kb-row-layout-wrap kb-row-layout-id4803_da84a9-f2 alignfull wp-block-kadence-rowlayout\"><div class=\"kt-row-column-wrap kt-has-1-columns kt-row-layout-equal kt-tab-layout-inherit kt-mobile-layout-row kt-row-valign-top\">\n<style>.kadence-column4803_6d51f7-a7 > .kt-inside-inner-col,.kadence-column4803_6d51f7-a7 > .kt-inside-inner-col:before{border-top-left-radius:0px;border-top-right-radius:0px;border-bottom-right-radius:0px;border-bottom-left-radius:0px;}.kadence-column4803_6d51f7-a7 > .kt-inside-inner-col{column-gap:var(--global-kb-gap-sm, 1rem);}.kadence-column4803_6d51f7-a7 > .kt-inside-inner-col{flex-direction:column;}.kadence-column4803_6d51f7-a7 > .kt-inside-inner-col > .aligncenter{width:100%;}.kadence-column4803_6d51f7-a7 > .kt-inside-inner-col:before{opacity:0.3;}.kadence-column4803_6d51f7-a7{position:relative;}@media all and (max-width: 1024px){.kadence-column4803_6d51f7-a7 > .kt-inside-inner-col{flex-direction:column;justify-content:center;}}@media all and (max-width: 767px){.kadence-column4803_6d51f7-a7 > .kt-inside-inner-col{flex-direction:column;justify-content:center;}}<\/style>\n<div class=\"wp-block-kadence-column kadence-column4803_6d51f7-a7\"><div class=\"kt-inside-inner-col\">\n<h3 class=\"wp-block-heading\">Livraison<\/h3>\n\n\n\n<p>Le groupe VTM prend en charge les frais d&#8217;emballage de transport et de chargement du mat\u00e9riel sur le v\u00e9hicule de transport.<\/p>\n\n\n\n<p>La livraison n&rsquo;est pas comprise dans le prix de l&rsquo;\u00e9quipement et est calcul\u00e9e s\u00e9par\u00e9ment. Nous proposons plusieurs options de livraison conform\u00e9ment aux Incoterms 2020 : <\/p>\n\n\n\n<ul class=\"wp-block-list\">\n<li><strong>FCA Odesa, Ukraine<\/strong><\/li>\n\n\n\n<li><strong>DAP &#8211; Adresse de l&rsquo;acheteur<\/strong><\/li>\n\n\n\n<li><strong>FAS ou CIF &#8211; port dans le pays de l&rsquo;acheteur<\/strong><\/li>\n<\/ul>\n\n\n\n<p>Nos responsables sont pr\u00eats \u00e0 vous aider \u00e0 s\u00e9lectionner un transporteur fiable en fonction des pr\u00e9f\u00e9rences du client et des conditions optimales en termes de d\u00e9lais et de co\u00fbts. L&rsquo;acheteur peut \u00e9galement organiser lui-m\u00eame la livraison en faisant appel \u00e0 une soci\u00e9t\u00e9 de transport de son choix. Dans ce cas, nous nous chargeons du chargement \u00e0 Odesa.  <\/p>\n<\/div><\/div>\n\n<\/div><\/div><style>.kb-row-layout-wrap.wp-block-kadence-rowlayout.kb-row-layout-id4803_ee63b4-60{margin-bottom:var(--global-kb-spacing-xl, 4rem);}.kb-row-layout-id4803_ee63b4-60 > .kt-row-column-wrap{align-content:start;}:where(.kb-row-layout-id4803_ee63b4-60 > .kt-row-column-wrap) > .wp-block-kadence-column{justify-content:start;}.kb-row-layout-id4803_ee63b4-60 > .kt-row-column-wrap{column-gap:var(--global-kb-gap-md, 2rem);row-gap:var(--global-kb-gap-md, 2rem);max-width:700px;margin-left:auto;margin-right:auto;grid-template-columns:minmax(0, 1fr);}.kb-row-layout-id4803_ee63b4-60 > .kt-row-layout-overlay{opacity:0.30;}@media all and (max-width: 1024px){.kb-row-layout-id4803_ee63b4-60 > .kt-row-column-wrap{grid-template-columns:minmax(0, 1fr);}}@media all and (max-width: 767px){.kb-row-layout-id4803_ee63b4-60 > .kt-row-column-wrap{grid-template-columns:minmax(0, 1fr);}}<\/style><div class=\"kb-row-layout-wrap kb-row-layout-id4803_ee63b4-60 alignfull wp-block-kadence-rowlayout\"><div class=\"kt-row-column-wrap kt-has-1-columns kt-row-layout-equal kt-tab-layout-inherit kt-mobile-layout-row kt-row-valign-top\">\n<style>.kadence-column4803_32d2fe-f3 > .kt-inside-inner-col,.kadence-column4803_32d2fe-f3 > .kt-inside-inner-col:before{border-top-left-radius:0px;border-top-right-radius:0px;border-bottom-right-radius:0px;border-bottom-left-radius:0px;}.kadence-column4803_32d2fe-f3 > .kt-inside-inner-col{column-gap:var(--global-kb-gap-sm, 1rem);}.kadence-column4803_32d2fe-f3 > .kt-inside-inner-col{flex-direction:column;}.kadence-column4803_32d2fe-f3 > .kt-inside-inner-col > .aligncenter{width:100%;}.kadence-column4803_32d2fe-f3 > .kt-inside-inner-col:before{opacity:0.3;}.kadence-column4803_32d2fe-f3{position:relative;}@media all and (max-width: 1024px){.kadence-column4803_32d2fe-f3 > .kt-inside-inner-col{flex-direction:column;justify-content:center;}}@media all and (max-width: 767px){.kadence-column4803_32d2fe-f3 > .kt-inside-inner-col{flex-direction:column;justify-content:center;}}<\/style>\n<div class=\"wp-block-kadence-column kadence-column4803_32d2fe-f3\"><div class=\"kt-inside-inner-col\">\n<h3 class=\"wp-block-heading\">Mise en service et d\u00e9marrage<\/h3>\n\n\n\n<p>Les machines sont livr\u00e9es pr\u00e9configur\u00e9es et pr\u00eates \u00e0 fonctionner. L&rsquo;acheteur peut effectuer la mise en service et le d\u00e9marrage de mani\u00e8re autonome en suivant les instructions du manuel d&rsquo;utilisation. <\/p>\n\n\n\n<p>Si vous le souhaitez, le groupe VTM peut assurer la mise en service sur site en tant que service distinct. Ce service n&rsquo;est pas inclus dans le prix de l&rsquo;\u00e9quipement et est calcul\u00e9 individuellement. Le service comprend une v\u00e9rification compl\u00e8te du syst\u00e8me, des essais et une formation de base pour l&rsquo;op\u00e9rateur. Ce service est fourni s\u00e9par\u00e9ment et fait l&rsquo;objet de frais suppl\u00e9mentaires.   <\/p>\n<\/div><\/div>\n\n<\/div><\/div>","protected":false},"excerpt":{"rendered":"<p>Paiement La fourniture de mat\u00e9riel est effectu\u00e9e dans le cadre d&rsquo;un contrat conclu entre l&rsquo;acheteur et le groupe VTM. Toutes les conditions, y compris les sp\u00e9cifications techniques, les d\u00e9lais de pr\u00e9paration et les conditions d&rsquo;exp\u00e9dition, sont d\u00e9taill\u00e9es dans le contrat. Le paiement est effectu\u00e9 par virement bancaire sur le compte officiel du groupe VTM. Le&#8230;<\/p>\n","protected":false},"author":1,"featured_media":10131,"parent":0,"menu_order":0,"comment_status":"closed","ping_status":"closed","template":"","meta":{"_acf_changed":false,"_kb_optimizer_status":0,"_kad_blocks_custom_css":"","_kad_blocks_head_custom_js":"","_kad_blocks_body_custom_js":"","_kad_blocks_footer_custom_js":"","_kadence_starter_templates_imported_post":false,"_kad_post_transparent":"","_kad_post_title":"","_kad_post_layout":"","_kad_post_sidebar_id":"","_kad_post_content_style":"","_kad_post_vertical_padding":"","_kad_post_feature":"","_kad_post_feature_position":"","_kad_post_header":false,"_kad_post_footer":false,"_kad_post_classname":"","footnotes":""},"class_list":["post-10130","page","type-page","status-publish","has-post-thumbnail","hentry"],"acf":[],"yoast_head":"<!-- This site is optimized with the Yoast SEO plugin v27.6 - https:\/\/yoast.com\/product\/yoast-seo-wordpress\/ -->\n<title>Paiement et livraison - VTM Group<\/title>\n<meta name=\"description\" content=\"La fourniture de mat\u00e9riel s&#039;effectue dans le cadre d&#039;un contrat conclu entre l&#039;acheteur et le groupe VTM.\" \/>\n<meta name=\"robots\" content=\"index, follow, max-snippet:-1, max-image-preview:large, max-video-preview:-1\" \/>\n<link rel=\"canonical\" href=\"https:\/\/vtm.group\/fr\/paiement-et-livraison\/\" \/>\n<meta property=\"og:locale\" content=\"fr_FR\" \/>\n<meta property=\"og:type\" content=\"article\" \/>\n<meta property=\"og:title\" content=\"Paiement et livraison - VTM Group\" \/>\n<meta property=\"og:description\" content=\"La fourniture de mat\u00e9riel s&#039;effectue dans le cadre d&#039;un contrat conclu entre l&#039;acheteur et le groupe VTM.\" \/>\n<meta property=\"og:url\" content=\"https:\/\/vtm.group\/fr\/paiement-et-livraison\/\" \/>\n<meta property=\"og:site_name\" content=\"VTM Group\" \/>\n<meta property=\"article:publisher\" content=\"https:\/\/www.facebook.com\/vtmgroup1\/\" \/>\n<meta property=\"article:modified_time\" content=\"2025-12-16T09:40:34+00:00\" \/>\n<meta property=\"og:image\" content=\"https:\/\/vtm.group\/wp-content\/uploads\/2025\/10\/person-paying-with-nfc-technology-restaurant-scaled.jpg\" \/>\n\t<meta property=\"og:image:width\" content=\"2560\" \/>\n\t<meta property=\"og:image:height\" content=\"1707\" \/>\n\t<meta property=\"og:image:type\" content=\"image\/jpeg\" \/>\n<meta name=\"twitter:card\" content=\"summary_large_image\" \/>\n<meta name=\"twitter:label1\" content=\"Dur\u00e9e de lecture estim\u00e9e\" \/>\n\t<meta name=\"twitter:data1\" content=\"2 minutes\" \/>\n<script type=\"application\/ld+json\" class=\"yoast-schema-graph\">{\"@context\":\"https:\\\/\\\/schema.org\",\"@graph\":[{\"@type\":[\"WebPage\",\"AboutPage\"],\"@id\":\"https:\\\/\\\/vtm.group\\\/fr\\\/paiement-et-livraison\\\/\",\"url\":\"https:\\\/\\\/vtm.group\\\/fr\\\/paiement-et-livraison\\\/\",\"name\":\"Paiement et livraison - VTM Group\",\"isPartOf\":{\"@id\":\"https:\\\/\\\/vtm.group\\\/fr\\\/#website\"},\"primaryImageOfPage\":{\"@id\":\"https:\\\/\\\/vtm.group\\\/fr\\\/paiement-et-livraison\\\/#primaryimage\"},\"image\":{\"@id\":\"https:\\\/\\\/vtm.group\\\/fr\\\/paiement-et-livraison\\\/#primaryimage\"},\"thumbnailUrl\":\"https:\\\/\\\/vtm.group\\\/wp-content\\\/uploads\\\/2025\\\/10\\\/person-paying-with-nfc-technology-restaurant-scaled.jpg\",\"datePublished\":\"2025-08-25T10:23:28+00:00\",\"dateModified\":\"2025-12-16T09:40:34+00:00\",\"description\":\"La fourniture de mat\u00e9riel s'effectue dans le cadre d'un contrat conclu entre l'acheteur et le groupe VTM.\",\"breadcrumb\":{\"@id\":\"https:\\\/\\\/vtm.group\\\/fr\\\/paiement-et-livraison\\\/#breadcrumb\"},\"inLanguage\":\"fr-FR\",\"potentialAction\":[{\"@type\":\"ReadAction\",\"target\":[\"https:\\\/\\\/vtm.group\\\/fr\\\/paiement-et-livraison\\\/\"]}]},{\"@type\":\"ImageObject\",\"inLanguage\":\"fr-FR\",\"@id\":\"https:\\\/\\\/vtm.group\\\/fr\\\/paiement-et-livraison\\\/#primaryimage\",\"url\":\"https:\\\/\\\/vtm.group\\\/wp-content\\\/uploads\\\/2025\\\/10\\\/person-paying-with-nfc-technology-restaurant-scaled.jpg\",\"contentUrl\":\"https:\\\/\\\/vtm.group\\\/wp-content\\\/uploads\\\/2025\\\/10\\\/person-paying-with-nfc-technology-restaurant-scaled.jpg\",\"width\":2560,\"height\":1707},{\"@type\":\"BreadcrumbList\",\"@id\":\"https:\\\/\\\/vtm.group\\\/fr\\\/paiement-et-livraison\\\/#breadcrumb\",\"itemListElement\":[{\"@type\":\"ListItem\",\"position\":1,\"name\":\"Home\",\"item\":\"https:\\\/\\\/vtm.group\\\/fr\\\/\"},{\"@type\":\"ListItem\",\"position\":2,\"name\":\"Paiement et livraison\"}]},{\"@type\":\"WebSite\",\"@id\":\"https:\\\/\\\/vtm.group\\\/fr\\\/#website\",\"url\":\"https:\\\/\\\/vtm.group\\\/fr\\\/\",\"name\":\"VTM Group\",\"description\":\"Fabrication de machines d&#039;\u00e9quilibrage depuis 1973\",\"publisher\":{\"@id\":\"https:\\\/\\\/vtm.group\\\/fr\\\/#organization\"},\"potentialAction\":[{\"@type\":\"SearchAction\",\"target\":{\"@type\":\"EntryPoint\",\"urlTemplate\":\"https:\\\/\\\/vtm.group\\\/fr\\\/?s={search_term_string}\"},\"query-input\":{\"@type\":\"PropertyValueSpecification\",\"valueRequired\":true,\"valueName\":\"search_term_string\"}}],\"inLanguage\":\"fr-FR\"},{\"@type\":\"Organization\",\"@id\":\"https:\\\/\\\/vtm.group\\\/fr\\\/#organization\",\"name\":\"VTM Group\",\"url\":\"https:\\\/\\\/vtm.group\\\/fr\\\/\",\"logo\":{\"@type\":\"ImageObject\",\"inLanguage\":\"fr-FR\",\"@id\":\"https:\\\/\\\/vtm.group\\\/fr\\\/#\\\/schema\\\/logo\\\/image\\\/\",\"url\":\"https:\\\/\\\/vtm.group\\\/wp-content\\\/uploads\\\/2026\\\/01\\\/Logo-VTM.svg\",\"contentUrl\":\"https:\\\/\\\/vtm.group\\\/wp-content\\\/uploads\\\/2026\\\/01\\\/Logo-VTM.svg\",\"caption\":\"VTM Group\"},\"image\":{\"@id\":\"https:\\\/\\\/vtm.group\\\/fr\\\/#\\\/schema\\\/logo\\\/image\\\/\"},\"sameAs\":[\"https:\\\/\\\/www.facebook.com\\\/vtmgroup1\\\/\",\"https:\\\/\\\/www.youtube.com\\\/@VTM.balancing\\\/\",\"https:\\\/\\\/www.linkedin.com\\\/company\\\/vtm.group\"]}]}<\/script>\n<!-- \/ Yoast SEO plugin. -->","yoast_head_json":{"title":"Paiement et livraison - VTM Group","description":"La fourniture de mat\u00e9riel s'effectue dans le cadre d'un contrat conclu entre l'acheteur et le groupe VTM.","robots":{"index":"index","follow":"follow","max-snippet":"max-snippet:-1","max-image-preview":"max-image-preview:large","max-video-preview":"max-video-preview:-1"},"canonical":"https:\/\/vtm.group\/fr\/paiement-et-livraison\/","og_locale":"fr_FR","og_type":"article","og_title":"Paiement et livraison - VTM Group","og_description":"La fourniture de mat\u00e9riel s'effectue dans le cadre d'un contrat conclu entre l'acheteur et le groupe VTM.","og_url":"https:\/\/vtm.group\/fr\/paiement-et-livraison\/","og_site_name":"VTM Group","article_publisher":"https:\/\/www.facebook.com\/vtmgroup1\/","article_modified_time":"2025-12-16T09:40:34+00:00","og_image":[{"width":2560,"height":1707,"url":"https:\/\/vtm.group\/wp-content\/uploads\/2025\/10\/person-paying-with-nfc-technology-restaurant-scaled.jpg","type":"image\/jpeg"}],"twitter_card":"summary_large_image","twitter_misc":{"Dur\u00e9e de lecture estim\u00e9e":"2 minutes"},"schema":{"@context":"https:\/\/schema.org","@graph":[{"@type":["WebPage","AboutPage"],"@id":"https:\/\/vtm.group\/fr\/paiement-et-livraison\/","url":"https:\/\/vtm.group\/fr\/paiement-et-livraison\/","name":"Paiement et livraison - VTM Group","isPartOf":{"@id":"https:\/\/vtm.group\/fr\/#website"},"primaryImageOfPage":{"@id":"https:\/\/vtm.group\/fr\/paiement-et-livraison\/#primaryimage"},"image":{"@id":"https:\/\/vtm.group\/fr\/paiement-et-livraison\/#primaryimage"},"thumbnailUrl":"https:\/\/vtm.group\/wp-content\/uploads\/2025\/10\/person-paying-with-nfc-technology-restaurant-scaled.jpg","datePublished":"2025-08-25T10:23:28+00:00","dateModified":"2025-12-16T09:40:34+00:00","description":"La fourniture de mat\u00e9riel s'effectue dans le cadre d'un contrat conclu entre l'acheteur et le groupe VTM.","breadcrumb":{"@id":"https:\/\/vtm.group\/fr\/paiement-et-livraison\/#breadcrumb"},"inLanguage":"fr-FR","potentialAction":[{"@type":"ReadAction","target":["https:\/\/vtm.group\/fr\/paiement-et-livraison\/"]}]},{"@type":"ImageObject","inLanguage":"fr-FR","@id":"https:\/\/vtm.group\/fr\/paiement-et-livraison\/#primaryimage","url":"https:\/\/vtm.group\/wp-content\/uploads\/2025\/10\/person-paying-with-nfc-technology-restaurant-scaled.jpg","contentUrl":"https:\/\/vtm.group\/wp-content\/uploads\/2025\/10\/person-paying-with-nfc-technology-restaurant-scaled.jpg","width":2560,"height":1707},{"@type":"BreadcrumbList","@id":"https:\/\/vtm.group\/fr\/paiement-et-livraison\/#breadcrumb","itemListElement":[{"@type":"ListItem","position":1,"name":"Home","item":"https:\/\/vtm.group\/fr\/"},{"@type":"ListItem","position":2,"name":"Paiement et livraison"}]},{"@type":"WebSite","@id":"https:\/\/vtm.group\/fr\/#website","url":"https:\/\/vtm.group\/fr\/","name":"VTM Group","description":"Fabrication de machines d&#039;\u00e9quilibrage depuis 1973","publisher":{"@id":"https:\/\/vtm.group\/fr\/#organization"},"potentialAction":[{"@type":"SearchAction","target":{"@type":"EntryPoint","urlTemplate":"https:\/\/vtm.group\/fr\/?s={search_term_string}"},"query-input":{"@type":"PropertyValueSpecification","valueRequired":true,"valueName":"search_term_string"}}],"inLanguage":"fr-FR"},{"@type":"Organization","@id":"https:\/\/vtm.group\/fr\/#organization","name":"VTM Group","url":"https:\/\/vtm.group\/fr\/","logo":{"@type":"ImageObject","inLanguage":"fr-FR","@id":"https:\/\/vtm.group\/fr\/#\/schema\/logo\/image\/","url":"https:\/\/vtm.group\/wp-content\/uploads\/2026\/01\/Logo-VTM.svg","contentUrl":"https:\/\/vtm.group\/wp-content\/uploads\/2026\/01\/Logo-VTM.svg","caption":"VTM Group"},"image":{"@id":"https:\/\/vtm.group\/fr\/#\/schema\/logo\/image\/"},"sameAs":["https:\/\/www.facebook.com\/vtmgroup1\/","https:\/\/www.youtube.com\/@VTM.balancing\/","https:\/\/www.linkedin.com\/company\/vtm.group"]}]}},"taxonomy_info":[],"featured_image_src_large":["https:\/\/vtm.group\/wp-content\/uploads\/2025\/10\/person-paying-with-nfc-technology-restaurant-1024x683.jpg",1024,683,true],"author_info":{"display_name":"admin","author_link":"https:\/\/vtm.group\/fr\/author\/admin\/"},"comment_info":0,"_links":{"self":[{"href":"https:\/\/vtm.group\/fr\/wp-json\/wp\/v2\/pages\/10130","targetHints":{"allow":["GET"]}}],"collection":[{"href":"https:\/\/vtm.group\/fr\/wp-json\/wp\/v2\/pages"}],"about":[{"href":"https:\/\/vtm.group\/fr\/wp-json\/wp\/v2\/types\/page"}],"author":[{"embeddable":true,"href":"https:\/\/vtm.group\/fr\/wp-json\/wp\/v2\/users\/1"}],"replies":[{"embeddable":true,"href":"https:\/\/vtm.group\/fr\/wp-json\/wp\/v2\/comments?post=10130"}],"version-history":[{"count":1,"href":"https:\/\/vtm.group\/fr\/wp-json\/wp\/v2\/pages\/10130\/revisions"}],"predecessor-version":[{"id":10132,"href":"https:\/\/vtm.group\/fr\/wp-json\/wp\/v2\/pages\/10130\/revisions\/10132"}],"wp:featuredmedia":[{"embeddable":true,"href":"https:\/\/vtm.group\/fr\/wp-json\/wp\/v2\/media\/10131"}],"wp:attachment":[{"href":"https:\/\/vtm.group\/fr\/wp-json\/wp\/v2\/media?parent=10130"}],"curies":[{"name":"wp","href":"https:\/\/api.w.org\/{rel}","templated":true}]}}