{"id":8082,"date":"2025-08-04T07:17:00","date_gmt":"2025-08-04T04:17:00","guid":{"rendered":"https:\/\/vtm.group\/product\/poseidon-1000-basico\/"},"modified":"2025-08-04T07:17:00","modified_gmt":"2025-08-04T04:17:00","slug":"poseidon-1000-basico","status":"publish","type":"product","link":"https:\/\/vtm.group\/es\/product\/poseidon-1000-basico\/","title":{"rendered":"POSEIDON-1000 B\u00e1sico"},"content":{"rendered":"","protected":false},"featured_media":8090,"parent":0,"template":"","meta":{"_acf_changed":false,"_kb_optimizer_status":0,"_kad_blocks_custom_css":"","_kad_blocks_head_custom_js":"","_kad_blocks_body_custom_js":"","_kad_blocks_footer_custom_js":"","_kadence_starter_templates_imported_post":false,"_kad_post_transparent":"","_kad_post_title":"","_kad_post_layout":"","_kad_post_sidebar_id":"","_kad_post_content_style":"","_kad_post_vertical_padding":"","_kad_post_feature":"","_kad_post_feature_position":"","_kad_post_header":false,"_kad_post_footer":false,"_kad_post_classname":""},"tags":[],"product-category":[194],"class_list":["post-8082","product","type-product","status-publish","has-post-thumbnail","hentry","product-category-maquinas-de-limpieza-dpf"],"acf":[],"yoast_head":"<!-- This site is optimized with the Yoast SEO plugin v27.4 - https:\/\/yoast.com\/product\/yoast-seo-wordpress\/ -->\n<title>M\u00e1quina de limpieza del DPF - POSEIDON-1000 B\u00e1sico - VTM Group<\/title>\n<meta name=\"description\" content=\"La m\u00e1quina de limpieza te permite realizar una limpieza de alta calidad de los filtros DPF y catalizadores de todo tipo de coches sin intervenci\u00f3n mec\u00e1nica.\" \/>\n<meta name=\"robots\" content=\"index, follow, max-snippet:-1, max-image-preview:large, max-video-preview:-1\" \/>\n<link rel=\"canonical\" href=\"https:\/\/vtm.group\/es\/product\/poseidon-1000-basico\/\" \/>\n<meta property=\"og:locale\" content=\"es_ES\" \/>\n<meta property=\"og:type\" content=\"article\" \/>\n<meta property=\"og:title\" content=\"M\u00e1quina de limpieza del DPF - POSEIDON-1000 B\u00e1sico - VTM Group\" \/>\n<meta property=\"og:description\" content=\"La m\u00e1quina de limpieza te permite realizar una limpieza de alta calidad de los filtros DPF y catalizadores de todo tipo de coches sin intervenci\u00f3n mec\u00e1nica.\" \/>\n<meta property=\"og:url\" content=\"https:\/\/vtm.group\/es\/product\/poseidon-1000-basico\/\" \/>\n<meta property=\"og:site_name\" content=\"VTM Group\" \/>\n<meta property=\"article:publisher\" content=\"https:\/\/www.facebook.com\/vtmgroup1\/\" \/>\n<meta property=\"og:image\" content=\"https:\/\/vtm.group\/wp-content\/uploads\/2025\/08\/poseidon_basic.jpg\" \/>\n\t<meta property=\"og:image:width\" content=\"1500\" \/>\n\t<meta property=\"og:image:height\" content=\"1125\" \/>\n\t<meta property=\"og:image:type\" content=\"image\/jpeg\" \/>\n<meta name=\"twitter:card\" content=\"summary_large_image\" \/>\n<script type=\"application\/ld+json\" class=\"yoast-schema-graph\">{\"@context\":\"https:\\\/\\\/schema.org\",\"@graph\":[{\"@type\":[\"WebPage\",\"ItemPage\"],\"@id\":\"https:\\\/\\\/vtm.group\\\/es\\\/product\\\/poseidon-1000-basico\\\/\",\"url\":\"https:\\\/\\\/vtm.group\\\/es\\\/product\\\/poseidon-1000-basico\\\/\",\"name\":\"M\u00e1quina de limpieza del DPF - POSEIDON-1000 B\u00e1sico - VTM Group\",\"isPartOf\":{\"@id\":\"https:\\\/\\\/vtm.group\\\/es\\\/#website\"},\"primaryImageOfPage\":{\"@id\":\"https:\\\/\\\/vtm.group\\\/es\\\/product\\\/poseidon-1000-basico\\\/#primaryimage\"},\"image\":{\"@id\":\"https:\\\/\\\/vtm.group\\\/es\\\/product\\\/poseidon-1000-basico\\\/#primaryimage\"},\"thumbnailUrl\":\"https:\\\/\\\/vtm.group\\\/wp-content\\\/uploads\\\/2025\\\/08\\\/poseidon_basic.jpg\",\"datePublished\":\"2025-08-04T04:17:00+00:00\",\"description\":\"La m\u00e1quina de limpieza te permite realizar una limpieza de alta calidad de los filtros DPF y catalizadores de todo tipo de coches sin intervenci\u00f3n mec\u00e1nica.\",\"breadcrumb\":{\"@id\":\"https:\\\/\\\/vtm.group\\\/es\\\/product\\\/poseidon-1000-basico\\\/#breadcrumb\"},\"inLanguage\":\"es\",\"potentialAction\":[{\"@type\":\"ReadAction\",\"target\":[\"https:\\\/\\\/vtm.group\\\/es\\\/product\\\/poseidon-1000-basico\\\/\"]}]},{\"@type\":\"ImageObject\",\"inLanguage\":\"es\",\"@id\":\"https:\\\/\\\/vtm.group\\\/es\\\/product\\\/poseidon-1000-basico\\\/#primaryimage\",\"url\":\"https:\\\/\\\/vtm.group\\\/wp-content\\\/uploads\\\/2025\\\/08\\\/poseidon_basic.jpg\",\"contentUrl\":\"https:\\\/\\\/vtm.group\\\/wp-content\\\/uploads\\\/2025\\\/08\\\/poseidon_basic.jpg\",\"width\":1500,\"height\":1125},{\"@type\":\"BreadcrumbList\",\"@id\":\"https:\\\/\\\/vtm.group\\\/es\\\/product\\\/poseidon-1000-basico\\\/#breadcrumb\",\"itemListElement\":[{\"@type\":\"ListItem\",\"position\":1,\"name\":\"Inicio\",\"item\":\"https:\\\/\\\/vtm.group\\\/es\\\/\"},{\"@type\":\"ListItem\",\"position\":2,\"name\":\"Products\",\"item\":\"https:\\\/\\\/vtm.group\\\/es\\\/product-category\\\/\"},{\"@type\":\"ListItem\",\"position\":3,\"name\":\"Equipamiento de garaje\",\"item\":\"https:\\\/\\\/vtm.group\\\/es\\\/product-category\\\/equipamiento-de-garaje\\\/\"},{\"@type\":\"ListItem\",\"position\":4,\"name\":\"M\u00e1quinas de limpieza DPF\",\"item\":\"https:\\\/\\\/vtm.group\\\/es\\\/product-category\\\/maquinas-de-limpieza-dpf\\\/\"},{\"@type\":\"ListItem\",\"position\":5,\"name\":\"POSEIDON-1000 B\u00e1sico\"}]},{\"@type\":\"WebSite\",\"@id\":\"https:\\\/\\\/vtm.group\\\/es\\\/#website\",\"url\":\"https:\\\/\\\/vtm.group\\\/es\\\/\",\"name\":\"VTM Group\",\"description\":\"Fabricando m\u00e1quinas equilibradoras desde 1973\",\"publisher\":{\"@id\":\"https:\\\/\\\/vtm.group\\\/es\\\/#organization\"},\"potentialAction\":[{\"@type\":\"SearchAction\",\"target\":{\"@type\":\"EntryPoint\",\"urlTemplate\":\"https:\\\/\\\/vtm.group\\\/es\\\/?s={search_term_string}\"},\"query-input\":{\"@type\":\"PropertyValueSpecification\",\"valueRequired\":true,\"valueName\":\"search_term_string\"}}],\"inLanguage\":\"es\"},{\"@type\":\"Organization\",\"@id\":\"https:\\\/\\\/vtm.group\\\/es\\\/#organization\",\"name\":\"VTM Group\",\"url\":\"https:\\\/\\\/vtm.group\\\/es\\\/\",\"logo\":{\"@type\":\"ImageObject\",\"inLanguage\":\"es\",\"@id\":\"https:\\\/\\\/vtm.group\\\/es\\\/#\\\/schema\\\/logo\\\/image\\\/\",\"url\":\"https:\\\/\\\/vtm.group\\\/wp-content\\\/uploads\\\/2026\\\/01\\\/Logo-VTM.svg\",\"contentUrl\":\"https:\\\/\\\/vtm.group\\\/wp-content\\\/uploads\\\/2026\\\/01\\\/Logo-VTM.svg\",\"caption\":\"VTM Group\"},\"image\":{\"@id\":\"https:\\\/\\\/vtm.group\\\/es\\\/#\\\/schema\\\/logo\\\/image\\\/\"},\"sameAs\":[\"https:\\\/\\\/www.facebook.com\\\/vtmgroup1\\\/\",\"https:\\\/\\\/www.youtube.com\\\/@VTM.balancing\\\/\",\"https:\\\/\\\/www.linkedin.com\\\/company\\\/vtm.group\"]}]}<\/script>\n<!-- \/ Yoast SEO plugin. -->","yoast_head_json":{"title":"M\u00e1quina de limpieza del DPF - POSEIDON-1000 B\u00e1sico - VTM Group","description":"La m\u00e1quina de limpieza te permite realizar una limpieza de alta calidad de los filtros DPF y catalizadores de todo tipo de coches sin intervenci\u00f3n mec\u00e1nica.","robots":{"index":"index","follow":"follow","max-snippet":"max-snippet:-1","max-image-preview":"max-image-preview:large","max-video-preview":"max-video-preview:-1"},"canonical":"https:\/\/vtm.group\/es\/product\/poseidon-1000-basico\/","og_locale":"es_ES","og_type":"article","og_title":"M\u00e1quina de limpieza del DPF - POSEIDON-1000 B\u00e1sico - VTM Group","og_description":"La m\u00e1quina de limpieza te permite realizar una limpieza de alta calidad de los filtros DPF y catalizadores de todo tipo de coches sin intervenci\u00f3n mec\u00e1nica.","og_url":"https:\/\/vtm.group\/es\/product\/poseidon-1000-basico\/","og_site_name":"VTM Group","article_publisher":"https:\/\/www.facebook.com\/vtmgroup1\/","og_image":[{"width":1500,"height":1125,"url":"https:\/\/vtm.group\/wp-content\/uploads\/2025\/08\/poseidon_basic.jpg","type":"image\/jpeg"}],"twitter_card":"summary_large_image","schema":{"@context":"https:\/\/schema.org","@graph":[{"@type":["WebPage","ItemPage"],"@id":"https:\/\/vtm.group\/es\/product\/poseidon-1000-basico\/","url":"https:\/\/vtm.group\/es\/product\/poseidon-1000-basico\/","name":"M\u00e1quina de limpieza del DPF - POSEIDON-1000 B\u00e1sico - VTM Group","isPartOf":{"@id":"https:\/\/vtm.group\/es\/#website"},"primaryImageOfPage":{"@id":"https:\/\/vtm.group\/es\/product\/poseidon-1000-basico\/#primaryimage"},"image":{"@id":"https:\/\/vtm.group\/es\/product\/poseidon-1000-basico\/#primaryimage"},"thumbnailUrl":"https:\/\/vtm.group\/wp-content\/uploads\/2025\/08\/poseidon_basic.jpg","datePublished":"2025-08-04T04:17:00+00:00","description":"La m\u00e1quina de limpieza te permite realizar una limpieza de alta calidad de los filtros DPF y catalizadores de todo tipo de coches sin intervenci\u00f3n mec\u00e1nica.","breadcrumb":{"@id":"https:\/\/vtm.group\/es\/product\/poseidon-1000-basico\/#breadcrumb"},"inLanguage":"es","potentialAction":[{"@type":"ReadAction","target":["https:\/\/vtm.group\/es\/product\/poseidon-1000-basico\/"]}]},{"@type":"ImageObject","inLanguage":"es","@id":"https:\/\/vtm.group\/es\/product\/poseidon-1000-basico\/#primaryimage","url":"https:\/\/vtm.group\/wp-content\/uploads\/2025\/08\/poseidon_basic.jpg","contentUrl":"https:\/\/vtm.group\/wp-content\/uploads\/2025\/08\/poseidon_basic.jpg","width":1500,"height":1125},{"@type":"BreadcrumbList","@id":"https:\/\/vtm.group\/es\/product\/poseidon-1000-basico\/#breadcrumb","itemListElement":[{"@type":"ListItem","position":1,"name":"Inicio","item":"https:\/\/vtm.group\/es\/"},{"@type":"ListItem","position":2,"name":"Products","item":"https:\/\/vtm.group\/es\/product-category\/"},{"@type":"ListItem","position":3,"name":"Equipamiento de garaje","item":"https:\/\/vtm.group\/es\/product-category\/equipamiento-de-garaje\/"},{"@type":"ListItem","position":4,"name":"M\u00e1quinas de limpieza DPF","item":"https:\/\/vtm.group\/es\/product-category\/maquinas-de-limpieza-dpf\/"},{"@type":"ListItem","position":5,"name":"POSEIDON-1000 B\u00e1sico"}]},{"@type":"WebSite","@id":"https:\/\/vtm.group\/es\/#website","url":"https:\/\/vtm.group\/es\/","name":"VTM Group","description":"Fabricando m\u00e1quinas equilibradoras desde 1973","publisher":{"@id":"https:\/\/vtm.group\/es\/#organization"},"potentialAction":[{"@type":"SearchAction","target":{"@type":"EntryPoint","urlTemplate":"https:\/\/vtm.group\/es\/?s={search_term_string}"},"query-input":{"@type":"PropertyValueSpecification","valueRequired":true,"valueName":"search_term_string"}}],"inLanguage":"es"},{"@type":"Organization","@id":"https:\/\/vtm.group\/es\/#organization","name":"VTM Group","url":"https:\/\/vtm.group\/es\/","logo":{"@type":"ImageObject","inLanguage":"es","@id":"https:\/\/vtm.group\/es\/#\/schema\/logo\/image\/","url":"https:\/\/vtm.group\/wp-content\/uploads\/2026\/01\/Logo-VTM.svg","contentUrl":"https:\/\/vtm.group\/wp-content\/uploads\/2026\/01\/Logo-VTM.svg","caption":"VTM Group"},"image":{"@id":"https:\/\/vtm.group\/es\/#\/schema\/logo\/image\/"},"sameAs":["https:\/\/www.facebook.com\/vtmgroup1\/","https:\/\/www.youtube.com\/@VTM.balancing\/","https:\/\/www.linkedin.com\/company\/vtm.group"]}]}},"taxonomy_info":{"product-category":[{"value":194,"label":"M\u00e1quinas de limpieza DPF"}]},"featured_image_src_large":["https:\/\/vtm.group\/wp-content\/uploads\/2025\/08\/poseidon_basic-1024x768.jpg",1024,768,true],"author_info":[],"comment_info":"","_links":{"self":[{"href":"https:\/\/vtm.group\/es\/wp-json\/wp\/v2\/product\/8082","targetHints":{"allow":["GET"]}}],"collection":[{"href":"https:\/\/vtm.group\/es\/wp-json\/wp\/v2\/product"}],"about":[{"href":"https:\/\/vtm.group\/es\/wp-json\/wp\/v2\/types\/product"}],"wp:featuredmedia":[{"embeddable":true,"href":"https:\/\/vtm.group\/es\/wp-json\/wp\/v2\/media\/8090"}],"wp:attachment":[{"href":"https:\/\/vtm.group\/es\/wp-json\/wp\/v2\/media?parent=8082"}],"wp:term":[{"taxonomy":"post_tag","embeddable":true,"href":"https:\/\/vtm.group\/es\/wp-json\/wp\/v2\/tags?post=8082"},{"taxonomy":"product-category","embeddable":true,"href":"https:\/\/vtm.group\/es\/wp-json\/wp\/v2\/product-category?post=8082"}],"curies":[{"name":"wp","href":"https:\/\/api.w.org\/{rel}","templated":true}]}}