{"id":8042,"date":"2025-11-29T12:35:00","date_gmt":"2025-11-29T10:35:00","guid":{"rendered":"https:\/\/vtm.group\/product\/9d719\/"},"modified":"2026-01-28T15:08:07","modified_gmt":"2026-01-28T13:08:07","slug":"9d719","status":"publish","type":"product","link":"https:\/\/vtm.group\/es\/product\/9d719\/","title":{"rendered":"9D719"},"content":{"rendered":"","protected":false},"featured_media":8044,"parent":0,"template":"","meta":{"_acf_changed":false,"_kb_optimizer_status":0,"_kad_blocks_custom_css":"","_kad_blocks_head_custom_js":"","_kad_blocks_body_custom_js":"","_kad_blocks_footer_custom_js":"","_kadence_starter_templates_imported_post":false,"_kad_post_transparent":"","_kad_post_title":"","_kad_post_layout":"","_kad_post_sidebar_id":"","_kad_post_content_style":"","_kad_post_vertical_padding":"","_kad_post_feature":"","_kad_post_feature_position":"","_kad_post_header":false,"_kad_post_footer":false,"_kad_post_classname":""},"tags":[179],"product-category":[180],"class_list":["post-8042","product","type-product","status-publish","has-post-thumbnail","hentry","tag-de-8000-a-65000-kg","product-category-equilibradora-horizontal"],"acf":[],"yoast_head":"<!-- This site is optimized with the Yoast SEO plugin v27.4 - https:\/\/yoast.com\/product\/yoast-seo-wordpress\/ -->\n<title>M\u00e1quina de equilibrado din\u00e1mico 9D719 - VTM Group<\/title>\n<meta name=\"description\" content=\"9D719 es una equilibradora din\u00e1mica universal con eje horizontal de tipo rotativo. Se utiliza para equilibrar piezas de hasta 10.000 kg.\" \/>\n<meta name=\"robots\" content=\"index, follow, max-snippet:-1, max-image-preview:large, max-video-preview:-1\" \/>\n<link rel=\"canonical\" href=\"https:\/\/vtm.group\/es\/product\/9d719\/\" \/>\n<meta property=\"og:locale\" content=\"es_ES\" \/>\n<meta property=\"og:type\" content=\"article\" \/>\n<meta property=\"og:title\" content=\"M\u00e1quina de equilibrado din\u00e1mico 9D719 - VTM Group\" \/>\n<meta property=\"og:description\" content=\"9D719 es una equilibradora din\u00e1mica universal con eje horizontal de tipo rotativo. Se utiliza para equilibrar piezas de hasta 10.000 kg.\" \/>\n<meta property=\"og:url\" content=\"https:\/\/vtm.group\/es\/product\/9d719\/\" \/>\n<meta property=\"og:site_name\" content=\"VTM Group\" \/>\n<meta property=\"article:publisher\" content=\"https:\/\/www.facebook.com\/vtmgroup1\/\" \/>\n<meta property=\"article:modified_time\" content=\"2026-01-28T13:08:07+00:00\" \/>\n<meta property=\"og:image\" content=\"https:\/\/vtm.group\/wp-content\/uploads\/2025\/07\/9d719.jpg\" \/>\n\t<meta property=\"og:image:width\" content=\"1000\" \/>\n\t<meta property=\"og:image:height\" content=\"750\" \/>\n\t<meta property=\"og:image:type\" content=\"image\/jpeg\" \/>\n<meta name=\"twitter:card\" content=\"summary_large_image\" \/>\n<script type=\"application\/ld+json\" class=\"yoast-schema-graph\">{\"@context\":\"https:\\\/\\\/schema.org\",\"@graph\":[{\"@type\":[\"WebPage\",\"ItemPage\"],\"@id\":\"https:\\\/\\\/vtm.group\\\/es\\\/product\\\/9d719\\\/\",\"url\":\"https:\\\/\\\/vtm.group\\\/es\\\/product\\\/9d719\\\/\",\"name\":\"M\u00e1quina de equilibrado din\u00e1mico 9D719 - VTM Group\",\"isPartOf\":{\"@id\":\"https:\\\/\\\/vtm.group\\\/es\\\/#website\"},\"primaryImageOfPage\":{\"@id\":\"https:\\\/\\\/vtm.group\\\/es\\\/product\\\/9d719\\\/#primaryimage\"},\"image\":{\"@id\":\"https:\\\/\\\/vtm.group\\\/es\\\/product\\\/9d719\\\/#primaryimage\"},\"thumbnailUrl\":\"https:\\\/\\\/vtm.group\\\/wp-content\\\/uploads\\\/2025\\\/07\\\/9d719.jpg\",\"datePublished\":\"2025-11-29T10:35:00+00:00\",\"dateModified\":\"2026-01-28T13:08:07+00:00\",\"description\":\"9D719 es una equilibradora din\u00e1mica universal con eje horizontal de tipo rotativo. Se utiliza para equilibrar piezas de hasta 10.000 kg.\",\"breadcrumb\":{\"@id\":\"https:\\\/\\\/vtm.group\\\/es\\\/product\\\/9d719\\\/#breadcrumb\"},\"inLanguage\":\"es\",\"potentialAction\":[{\"@type\":\"ReadAction\",\"target\":[\"https:\\\/\\\/vtm.group\\\/es\\\/product\\\/9d719\\\/\"]}]},{\"@type\":\"ImageObject\",\"inLanguage\":\"es\",\"@id\":\"https:\\\/\\\/vtm.group\\\/es\\\/product\\\/9d719\\\/#primaryimage\",\"url\":\"https:\\\/\\\/vtm.group\\\/wp-content\\\/uploads\\\/2025\\\/07\\\/9d719.jpg\",\"contentUrl\":\"https:\\\/\\\/vtm.group\\\/wp-content\\\/uploads\\\/2025\\\/07\\\/9d719.jpg\",\"width\":1000,\"height\":750},{\"@type\":\"BreadcrumbList\",\"@id\":\"https:\\\/\\\/vtm.group\\\/es\\\/product\\\/9d719\\\/#breadcrumb\",\"itemListElement\":[{\"@type\":\"ListItem\",\"position\":1,\"name\":\"Inicio\",\"item\":\"https:\\\/\\\/vtm.group\\\/es\\\/\"},{\"@type\":\"ListItem\",\"position\":2,\"name\":\"Products\",\"item\":\"https:\\\/\\\/vtm.group\\\/es\\\/product-category\\\/\"},{\"@type\":\"ListItem\",\"position\":3,\"name\":\"Equilibradora universal\",\"item\":\"https:\\\/\\\/vtm.group\\\/es\\\/product-category\\\/equilibradora-universal\\\/\"},{\"@type\":\"ListItem\",\"position\":4,\"name\":\"Equilibradora horizontal\",\"item\":\"https:\\\/\\\/vtm.group\\\/es\\\/product-category\\\/equilibradora-horizontal\\\/\"},{\"@type\":\"ListItem\",\"position\":5,\"name\":\"9D719\"}]},{\"@type\":\"WebSite\",\"@id\":\"https:\\\/\\\/vtm.group\\\/es\\\/#website\",\"url\":\"https:\\\/\\\/vtm.group\\\/es\\\/\",\"name\":\"VTM Group\",\"description\":\"Fabricando m\u00e1quinas equilibradoras desde 1973\",\"publisher\":{\"@id\":\"https:\\\/\\\/vtm.group\\\/es\\\/#organization\"},\"potentialAction\":[{\"@type\":\"SearchAction\",\"target\":{\"@type\":\"EntryPoint\",\"urlTemplate\":\"https:\\\/\\\/vtm.group\\\/es\\\/?s={search_term_string}\"},\"query-input\":{\"@type\":\"PropertyValueSpecification\",\"valueRequired\":true,\"valueName\":\"search_term_string\"}}],\"inLanguage\":\"es\"},{\"@type\":\"Organization\",\"@id\":\"https:\\\/\\\/vtm.group\\\/es\\\/#organization\",\"name\":\"VTM Group\",\"url\":\"https:\\\/\\\/vtm.group\\\/es\\\/\",\"logo\":{\"@type\":\"ImageObject\",\"inLanguage\":\"es\",\"@id\":\"https:\\\/\\\/vtm.group\\\/es\\\/#\\\/schema\\\/logo\\\/image\\\/\",\"url\":\"https:\\\/\\\/vtm.group\\\/wp-content\\\/uploads\\\/2026\\\/01\\\/Logo-VTM.svg\",\"contentUrl\":\"https:\\\/\\\/vtm.group\\\/wp-content\\\/uploads\\\/2026\\\/01\\\/Logo-VTM.svg\",\"caption\":\"VTM Group\"},\"image\":{\"@id\":\"https:\\\/\\\/vtm.group\\\/es\\\/#\\\/schema\\\/logo\\\/image\\\/\"},\"sameAs\":[\"https:\\\/\\\/www.facebook.com\\\/vtmgroup1\\\/\",\"https:\\\/\\\/www.youtube.com\\\/@VTM.balancing\\\/\",\"https:\\\/\\\/www.linkedin.com\\\/company\\\/vtm.group\"]}]}<\/script>\n<!-- \/ Yoast SEO plugin. -->","yoast_head_json":{"title":"M\u00e1quina de equilibrado din\u00e1mico 9D719 - VTM Group","description":"9D719 es una equilibradora din\u00e1mica universal con eje horizontal de tipo rotativo. Se utiliza para equilibrar piezas de hasta 10.000 kg.","robots":{"index":"index","follow":"follow","max-snippet":"max-snippet:-1","max-image-preview":"max-image-preview:large","max-video-preview":"max-video-preview:-1"},"canonical":"https:\/\/vtm.group\/es\/product\/9d719\/","og_locale":"es_ES","og_type":"article","og_title":"M\u00e1quina de equilibrado din\u00e1mico 9D719 - VTM Group","og_description":"9D719 es una equilibradora din\u00e1mica universal con eje horizontal de tipo rotativo. Se utiliza para equilibrar piezas de hasta 10.000 kg.","og_url":"https:\/\/vtm.group\/es\/product\/9d719\/","og_site_name":"VTM Group","article_publisher":"https:\/\/www.facebook.com\/vtmgroup1\/","article_modified_time":"2026-01-28T13:08:07+00:00","og_image":[{"width":1000,"height":750,"url":"https:\/\/vtm.group\/wp-content\/uploads\/2025\/07\/9d719.jpg","type":"image\/jpeg"}],"twitter_card":"summary_large_image","schema":{"@context":"https:\/\/schema.org","@graph":[{"@type":["WebPage","ItemPage"],"@id":"https:\/\/vtm.group\/es\/product\/9d719\/","url":"https:\/\/vtm.group\/es\/product\/9d719\/","name":"M\u00e1quina de equilibrado din\u00e1mico 9D719 - VTM Group","isPartOf":{"@id":"https:\/\/vtm.group\/es\/#website"},"primaryImageOfPage":{"@id":"https:\/\/vtm.group\/es\/product\/9d719\/#primaryimage"},"image":{"@id":"https:\/\/vtm.group\/es\/product\/9d719\/#primaryimage"},"thumbnailUrl":"https:\/\/vtm.group\/wp-content\/uploads\/2025\/07\/9d719.jpg","datePublished":"2025-11-29T10:35:00+00:00","dateModified":"2026-01-28T13:08:07+00:00","description":"9D719 es una equilibradora din\u00e1mica universal con eje horizontal de tipo rotativo. Se utiliza para equilibrar piezas de hasta 10.000 kg.","breadcrumb":{"@id":"https:\/\/vtm.group\/es\/product\/9d719\/#breadcrumb"},"inLanguage":"es","potentialAction":[{"@type":"ReadAction","target":["https:\/\/vtm.group\/es\/product\/9d719\/"]}]},{"@type":"ImageObject","inLanguage":"es","@id":"https:\/\/vtm.group\/es\/product\/9d719\/#primaryimage","url":"https:\/\/vtm.group\/wp-content\/uploads\/2025\/07\/9d719.jpg","contentUrl":"https:\/\/vtm.group\/wp-content\/uploads\/2025\/07\/9d719.jpg","width":1000,"height":750},{"@type":"BreadcrumbList","@id":"https:\/\/vtm.group\/es\/product\/9d719\/#breadcrumb","itemListElement":[{"@type":"ListItem","position":1,"name":"Inicio","item":"https:\/\/vtm.group\/es\/"},{"@type":"ListItem","position":2,"name":"Products","item":"https:\/\/vtm.group\/es\/product-category\/"},{"@type":"ListItem","position":3,"name":"Equilibradora universal","item":"https:\/\/vtm.group\/es\/product-category\/equilibradora-universal\/"},{"@type":"ListItem","position":4,"name":"Equilibradora horizontal","item":"https:\/\/vtm.group\/es\/product-category\/equilibradora-horizontal\/"},{"@type":"ListItem","position":5,"name":"9D719"}]},{"@type":"WebSite","@id":"https:\/\/vtm.group\/es\/#website","url":"https:\/\/vtm.group\/es\/","name":"VTM Group","description":"Fabricando m\u00e1quinas equilibradoras desde 1973","publisher":{"@id":"https:\/\/vtm.group\/es\/#organization"},"potentialAction":[{"@type":"SearchAction","target":{"@type":"EntryPoint","urlTemplate":"https:\/\/vtm.group\/es\/?s={search_term_string}"},"query-input":{"@type":"PropertyValueSpecification","valueRequired":true,"valueName":"search_term_string"}}],"inLanguage":"es"},{"@type":"Organization","@id":"https:\/\/vtm.group\/es\/#organization","name":"VTM Group","url":"https:\/\/vtm.group\/es\/","logo":{"@type":"ImageObject","inLanguage":"es","@id":"https:\/\/vtm.group\/es\/#\/schema\/logo\/image\/","url":"https:\/\/vtm.group\/wp-content\/uploads\/2026\/01\/Logo-VTM.svg","contentUrl":"https:\/\/vtm.group\/wp-content\/uploads\/2026\/01\/Logo-VTM.svg","caption":"VTM Group"},"image":{"@id":"https:\/\/vtm.group\/es\/#\/schema\/logo\/image\/"},"sameAs":["https:\/\/www.facebook.com\/vtmgroup1\/","https:\/\/www.youtube.com\/@VTM.balancing\/","https:\/\/www.linkedin.com\/company\/vtm.group"]}]}},"taxonomy_info":{"post_tag":[{"value":179,"label":"De 8000 a 65000 kg"}],"product-category":[{"value":180,"label":"Equilibradora horizontal"}]},"featured_image_src_large":["https:\/\/vtm.group\/wp-content\/uploads\/2025\/07\/9d719.jpg",1000,750,false],"author_info":[],"comment_info":"","_links":{"self":[{"href":"https:\/\/vtm.group\/es\/wp-json\/wp\/v2\/product\/8042","targetHints":{"allow":["GET"]}}],"collection":[{"href":"https:\/\/vtm.group\/es\/wp-json\/wp\/v2\/product"}],"about":[{"href":"https:\/\/vtm.group\/es\/wp-json\/wp\/v2\/types\/product"}],"wp:featuredmedia":[{"embeddable":true,"href":"https:\/\/vtm.group\/es\/wp-json\/wp\/v2\/media\/8044"}],"wp:attachment":[{"href":"https:\/\/vtm.group\/es\/wp-json\/wp\/v2\/media?parent=8042"}],"wp:term":[{"taxonomy":"post_tag","embeddable":true,"href":"https:\/\/vtm.group\/es\/wp-json\/wp\/v2\/tags?post=8042"},{"taxonomy":"product-category","embeddable":true,"href":"https:\/\/vtm.group\/es\/wp-json\/wp\/v2\/product-category?post=8042"}],"curies":[{"name":"wp","href":"https:\/\/api.w.org\/{rel}","templated":true}]}}