{"id":8307,"date":"2025-08-25T13:23:28","date_gmt":"2025-08-25T10:23:28","guid":{"rendered":"https:\/\/vtm.group\/pago-y-entrega\/"},"modified":"2025-11-05T12:07:22","modified_gmt":"2025-11-05T10:07:22","slug":"pago-y-entrega","status":"publish","type":"page","link":"https:\/\/vtm.group\/es\/pago-y-entrega\/","title":{"rendered":"Pago y entrega"},"content":{"rendered":"<style>.kb-row-layout-wrap.wp-block-kadence-rowlayout.kb-row-layout-id4803_5f5cf5-68{margin-top:var(--global-kb-spacing-lg, 3rem);margin-bottom:var(--global-kb-spacing-xl, 4rem);}.kb-row-layout-id4803_5f5cf5-68 > .kt-row-column-wrap{align-content:start;}:where(.kb-row-layout-id4803_5f5cf5-68 > .kt-row-column-wrap) > .wp-block-kadence-column{justify-content:start;}.kb-row-layout-id4803_5f5cf5-68 > .kt-row-column-wrap{column-gap:var(--global-kb-gap-md, 2rem);row-gap:var(--global-kb-gap-md, 2rem);max-width:700px;margin-left:auto;margin-right:auto;grid-template-columns:minmax(0, 1fr);}.kb-row-layout-id4803_5f5cf5-68 > .kt-row-layout-overlay{opacity:0.30;}@media all and (max-width: 1024px){.kb-row-layout-id4803_5f5cf5-68 > .kt-row-column-wrap{grid-template-columns:minmax(0, 1fr);}}@media all and (max-width: 767px){.kb-row-layout-id4803_5f5cf5-68 > .kt-row-column-wrap{grid-template-columns:minmax(0, 1fr);}}<\/style><div class=\"kb-row-layout-wrap kb-row-layout-id4803_5f5cf5-68 alignfull wp-block-kadence-rowlayout\"><div class=\"kt-row-column-wrap kt-has-1-columns kt-row-layout-equal kt-tab-layout-inherit kt-mobile-layout-row kt-row-valign-top\">\n<style>.kadence-column4803_df54ee-a0 > .kt-inside-inner-col,.kadence-column4803_df54ee-a0 > .kt-inside-inner-col:before{border-top-left-radius:0px;border-top-right-radius:0px;border-bottom-right-radius:0px;border-bottom-left-radius:0px;}.kadence-column4803_df54ee-a0 > .kt-inside-inner-col{column-gap:var(--global-kb-gap-sm, 1rem);}.kadence-column4803_df54ee-a0 > .kt-inside-inner-col{flex-direction:column;}.kadence-column4803_df54ee-a0 > .kt-inside-inner-col > .aligncenter{width:100%;}.kadence-column4803_df54ee-a0 > .kt-inside-inner-col:before{opacity:0.3;}.kadence-column4803_df54ee-a0{position:relative;}@media all and (max-width: 1024px){.kadence-column4803_df54ee-a0 > .kt-inside-inner-col{flex-direction:column;justify-content:center;}}@media all and (max-width: 767px){.kadence-column4803_df54ee-a0 > .kt-inside-inner-col{flex-direction:column;justify-content:center;}}<\/style>\n<div class=\"wp-block-kadence-column kadence-column4803_df54ee-a0\"><div class=\"kt-inside-inner-col\">\n<h3 class=\"wp-block-heading\">Pago<\/h3>\n\n\n\n<p>El suministro de equipos se realiza en virtud de un contrato celebrado entre el Comprador y el Grupo VTM. Todos los t\u00e9rminos, incluidas las especificaciones t\u00e9cnicas, los plazos de preparaci\u00f3n y las condiciones de env\u00edo, se detallan en el contrato. <\/p>\n\n\n\n<p>El pago se realiza mediante transferencia bancaria a la cuenta oficial del Grupo VTM. El proceso de pago consta de dos etapas: <\/p>\n\n\n\n<ul class=\"wp-block-list\">\n<li>Un pago parcial por adelantado tras la firma del contrato;<\/li>\n\n\n\n<li>El saldo restante cuando se notifique que el equipo est\u00e1 listo para su env\u00edo.<\/li>\n<\/ul>\n\n\n\n<p>Antes del env\u00edo, organizamos una videoconferencia para demostrar el funcionamiento y la preparaci\u00f3n de la m\u00e1quina.<\/p>\n\n\n\n<p>En circunstancias excepcionales, ofrecemos <strong>una garant\u00eda de devoluci\u00f3n del 100% del dinero<\/strong>.<\/p>\n<\/div><\/div>\n\n<\/div><\/div><style>.kb-row-layout-wrap.wp-block-kadence-rowlayout.kb-row-layout-id4803_da84a9-f2{margin-bottom:var(--global-kb-spacing-xl, 4rem);}.kb-row-layout-id4803_da84a9-f2 > .kt-row-column-wrap{align-content:start;}:where(.kb-row-layout-id4803_da84a9-f2 > .kt-row-column-wrap) > .wp-block-kadence-column{justify-content:start;}.kb-row-layout-id4803_da84a9-f2 > .kt-row-column-wrap{column-gap:var(--global-kb-gap-md, 2rem);row-gap:var(--global-kb-gap-md, 2rem);max-width:700px;margin-left:auto;margin-right:auto;grid-template-columns:minmax(0, 1fr);}.kb-row-layout-id4803_da84a9-f2 > .kt-row-layout-overlay{opacity:0.30;}@media all and (max-width: 1024px){.kb-row-layout-id4803_da84a9-f2 > .kt-row-column-wrap{grid-template-columns:minmax(0, 1fr);}}@media all and (max-width: 767px){.kb-row-layout-id4803_da84a9-f2 > .kt-row-column-wrap{grid-template-columns:minmax(0, 1fr);}}<\/style><div class=\"kb-row-layout-wrap kb-row-layout-id4803_da84a9-f2 alignfull wp-block-kadence-rowlayout\"><div class=\"kt-row-column-wrap kt-has-1-columns kt-row-layout-equal kt-tab-layout-inherit kt-mobile-layout-row kt-row-valign-top\">\n<style>.kadence-column4803_6d51f7-a7 > .kt-inside-inner-col,.kadence-column4803_6d51f7-a7 > .kt-inside-inner-col:before{border-top-left-radius:0px;border-top-right-radius:0px;border-bottom-right-radius:0px;border-bottom-left-radius:0px;}.kadence-column4803_6d51f7-a7 > .kt-inside-inner-col{column-gap:var(--global-kb-gap-sm, 1rem);}.kadence-column4803_6d51f7-a7 > .kt-inside-inner-col{flex-direction:column;}.kadence-column4803_6d51f7-a7 > .kt-inside-inner-col > .aligncenter{width:100%;}.kadence-column4803_6d51f7-a7 > .kt-inside-inner-col:before{opacity:0.3;}.kadence-column4803_6d51f7-a7{position:relative;}@media all and (max-width: 1024px){.kadence-column4803_6d51f7-a7 > .kt-inside-inner-col{flex-direction:column;justify-content:center;}}@media all and (max-width: 767px){.kadence-column4803_6d51f7-a7 > .kt-inside-inner-col{flex-direction:column;justify-content:center;}}<\/style>\n<div class=\"wp-block-kadence-column kadence-column4803_6d51f7-a7\"><div class=\"kt-inside-inner-col\">\n<h3 class=\"wp-block-heading\">Entrega<\/h3>\n\n\n\n<p>El Grupo VTM corre con los gastos del embalaje de transporte y de la carga del material en el veh\u00edculo de transporte.<\/p>\n\n\n\n<p>La entrega no est\u00e1 incluida en el precio del equipo y se calcula por separado. Ofrecemos varias opciones de entrega de acuerdo con los Incoterms 2020: <\/p>\n\n\n\n<ul class=\"wp-block-list\">\n<li><strong>FCA Odesa, Ucrania<\/strong><\/li>\n\n\n\n<li><strong>DAP &#8211; Direcci\u00f3n del comprador<\/strong><\/li>\n\n\n\n<li><strong>FAS o CIF &#8211; puerto en el pa\u00eds del Comprador<\/strong><\/li>\n<\/ul>\n\n\n\n<p>Nuestros gestores est\u00e1n dispuestos a ayudar a seleccionar un transportista fiable en funci\u00f3n de las preferencias del cliente y de las condiciones \u00f3ptimas en cuanto a plazos y costes. El Comprador tambi\u00e9n puede organizar independientemente la entrega utilizando una empresa de transporte preferida. En este caso, nos encargamos de la carga en Odesa.  <\/p>\n<\/div><\/div>\n\n<\/div><\/div><style>.kb-row-layout-wrap.wp-block-kadence-rowlayout.kb-row-layout-id4803_ee63b4-60{margin-bottom:var(--global-kb-spacing-xl, 4rem);}.kb-row-layout-id4803_ee63b4-60 > .kt-row-column-wrap{align-content:start;}:where(.kb-row-layout-id4803_ee63b4-60 > .kt-row-column-wrap) > .wp-block-kadence-column{justify-content:start;}.kb-row-layout-id4803_ee63b4-60 > .kt-row-column-wrap{column-gap:var(--global-kb-gap-md, 2rem);row-gap:var(--global-kb-gap-md, 2rem);max-width:700px;margin-left:auto;margin-right:auto;grid-template-columns:minmax(0, 1fr);}.kb-row-layout-id4803_ee63b4-60 > .kt-row-layout-overlay{opacity:0.30;}@media all and (max-width: 1024px){.kb-row-layout-id4803_ee63b4-60 > .kt-row-column-wrap{grid-template-columns:minmax(0, 1fr);}}@media all and (max-width: 767px){.kb-row-layout-id4803_ee63b4-60 > .kt-row-column-wrap{grid-template-columns:minmax(0, 1fr);}}<\/style><div class=\"kb-row-layout-wrap kb-row-layout-id4803_ee63b4-60 alignfull wp-block-kadence-rowlayout\"><div class=\"kt-row-column-wrap kt-has-1-columns kt-row-layout-equal kt-tab-layout-inherit kt-mobile-layout-row kt-row-valign-top\">\n<style>.kadence-column4803_32d2fe-f3 > .kt-inside-inner-col,.kadence-column4803_32d2fe-f3 > .kt-inside-inner-col:before{border-top-left-radius:0px;border-top-right-radius:0px;border-bottom-right-radius:0px;border-bottom-left-radius:0px;}.kadence-column4803_32d2fe-f3 > .kt-inside-inner-col{column-gap:var(--global-kb-gap-sm, 1rem);}.kadence-column4803_32d2fe-f3 > .kt-inside-inner-col{flex-direction:column;}.kadence-column4803_32d2fe-f3 > .kt-inside-inner-col > .aligncenter{width:100%;}.kadence-column4803_32d2fe-f3 > .kt-inside-inner-col:before{opacity:0.3;}.kadence-column4803_32d2fe-f3{position:relative;}@media all and (max-width: 1024px){.kadence-column4803_32d2fe-f3 > .kt-inside-inner-col{flex-direction:column;justify-content:center;}}@media all and (max-width: 767px){.kadence-column4803_32d2fe-f3 > .kt-inside-inner-col{flex-direction:column;justify-content:center;}}<\/style>\n<div class=\"wp-block-kadence-column kadence-column4803_32d2fe-f3\"><div class=\"kt-inside-inner-col\">\n<h3 class=\"wp-block-heading\">Puesta en marcha y arranque<\/h3>\n\n\n\n<p>Las m\u00e1quinas se entregan preconfiguradas y listas para funcionar. El Comprador puede realizar la puesta en marcha y el arranque de forma independiente siguiendo las instrucciones del Manual del Usuario. <\/p>\n\n\n\n<p>Si lo deseas, el Grupo VTM puede proporcionar la puesta en marcha in situ como un servicio aparte. No est\u00e1 incluido en el precio del equipo y se calcula individualmente. El servicio incluye una comprobaci\u00f3n completa del sistema, pruebas de funcionamiento y formaci\u00f3n b\u00e1sica para el operador. Este servicio se presta por separado y est\u00e1 sujeto a cargos adicionales.   <\/p>\n<\/div><\/div>\n\n<\/div><\/div>","protected":false},"excerpt":{"rendered":"<p>Pago El suministro de equipos se realiza en virtud de un contrato celebrado entre el Comprador y el Grupo VTM. Todos los t\u00e9rminos, incluidas las especificaciones t\u00e9cnicas, los plazos de preparaci\u00f3n y las condiciones de env\u00edo, se detallan en el contrato. El pago se realiza mediante transferencia bancaria a la cuenta oficial del Grupo VTM&#8230;.<\/p>\n","protected":false},"author":1,"featured_media":8308,"parent":0,"menu_order":0,"comment_status":"closed","ping_status":"closed","template":"","meta":{"_acf_changed":false,"_kb_optimizer_status":0,"_kad_blocks_custom_css":"","_kad_blocks_head_custom_js":"","_kad_blocks_body_custom_js":"","_kad_blocks_footer_custom_js":"","_kadence_starter_templates_imported_post":false,"_kad_post_transparent":"","_kad_post_title":"","_kad_post_layout":"","_kad_post_sidebar_id":"","_kad_post_content_style":"","_kad_post_vertical_padding":"","_kad_post_feature":"","_kad_post_feature_position":"","_kad_post_header":false,"_kad_post_footer":false,"_kad_post_classname":"","footnotes":""},"class_list":["post-8307","page","type-page","status-publish","has-post-thumbnail","hentry"],"acf":[],"yoast_head":"<!-- This site is optimized with the Yoast SEO plugin v27.4 - https:\/\/yoast.com\/product\/yoast-seo-wordpress\/ -->\n<title>Pago y entrega - VTM Group<\/title>\n<meta name=\"description\" content=\"El suministro de equipos se realiza en virtud de un contrato celebrado entre el Comprador y el Grupo VTM.\" \/>\n<meta name=\"robots\" content=\"index, follow, max-snippet:-1, max-image-preview:large, max-video-preview:-1\" \/>\n<link rel=\"canonical\" href=\"https:\/\/vtm.group\/es\/pago-y-entrega\/\" \/>\n<meta property=\"og:locale\" content=\"es_ES\" \/>\n<meta property=\"og:type\" content=\"article\" \/>\n<meta property=\"og:title\" content=\"Pago y entrega - VTM Group\" \/>\n<meta property=\"og:description\" content=\"El suministro de equipos se realiza en virtud de un contrato celebrado entre el Comprador y el Grupo VTM.\" \/>\n<meta property=\"og:url\" content=\"https:\/\/vtm.group\/es\/pago-y-entrega\/\" \/>\n<meta property=\"og:site_name\" content=\"VTM Group\" \/>\n<meta property=\"article:publisher\" content=\"https:\/\/www.facebook.com\/vtmgroup1\/\" \/>\n<meta property=\"article:modified_time\" content=\"2025-11-05T10:07:22+00:00\" \/>\n<meta property=\"og:image\" content=\"https:\/\/vtm.group\/wp-content\/uploads\/2025\/10\/person-paying-with-nfc-technology-restaurant-scaled.jpg\" \/>\n\t<meta property=\"og:image:width\" content=\"2560\" \/>\n\t<meta property=\"og:image:height\" content=\"1707\" \/>\n\t<meta property=\"og:image:type\" content=\"image\/jpeg\" \/>\n<meta name=\"twitter:card\" content=\"summary_large_image\" \/>\n<meta name=\"twitter:label1\" content=\"Tiempo de lectura\" \/>\n\t<meta name=\"twitter:data1\" content=\"2 minuto\" \/>\n<script type=\"application\/ld+json\" class=\"yoast-schema-graph\">{\"@context\":\"https:\\\/\\\/schema.org\",\"@graph\":[{\"@type\":[\"WebPage\",\"AboutPage\"],\"@id\":\"https:\\\/\\\/vtm.group\\\/es\\\/pago-y-entrega\\\/\",\"url\":\"https:\\\/\\\/vtm.group\\\/es\\\/pago-y-entrega\\\/\",\"name\":\"Pago y entrega - VTM Group\",\"isPartOf\":{\"@id\":\"https:\\\/\\\/vtm.group\\\/es\\\/#website\"},\"primaryImageOfPage\":{\"@id\":\"https:\\\/\\\/vtm.group\\\/es\\\/pago-y-entrega\\\/#primaryimage\"},\"image\":{\"@id\":\"https:\\\/\\\/vtm.group\\\/es\\\/pago-y-entrega\\\/#primaryimage\"},\"thumbnailUrl\":\"https:\\\/\\\/vtm.group\\\/wp-content\\\/uploads\\\/2025\\\/10\\\/person-paying-with-nfc-technology-restaurant-scaled.jpg\",\"datePublished\":\"2025-08-25T10:23:28+00:00\",\"dateModified\":\"2025-11-05T10:07:22+00:00\",\"description\":\"El suministro de equipos se realiza en virtud de un contrato celebrado entre el Comprador y el Grupo VTM.\",\"breadcrumb\":{\"@id\":\"https:\\\/\\\/vtm.group\\\/es\\\/pago-y-entrega\\\/#breadcrumb\"},\"inLanguage\":\"es\",\"potentialAction\":[{\"@type\":\"ReadAction\",\"target\":[\"https:\\\/\\\/vtm.group\\\/es\\\/pago-y-entrega\\\/\"]}]},{\"@type\":\"ImageObject\",\"inLanguage\":\"es\",\"@id\":\"https:\\\/\\\/vtm.group\\\/es\\\/pago-y-entrega\\\/#primaryimage\",\"url\":\"https:\\\/\\\/vtm.group\\\/wp-content\\\/uploads\\\/2025\\\/10\\\/person-paying-with-nfc-technology-restaurant-scaled.jpg\",\"contentUrl\":\"https:\\\/\\\/vtm.group\\\/wp-content\\\/uploads\\\/2025\\\/10\\\/person-paying-with-nfc-technology-restaurant-scaled.jpg\",\"width\":2560,\"height\":1707},{\"@type\":\"BreadcrumbList\",\"@id\":\"https:\\\/\\\/vtm.group\\\/es\\\/pago-y-entrega\\\/#breadcrumb\",\"itemListElement\":[{\"@type\":\"ListItem\",\"position\":1,\"name\":\"Inicio\",\"item\":\"https:\\\/\\\/vtm.group\\\/es\\\/\"},{\"@type\":\"ListItem\",\"position\":2,\"name\":\"Pago y entrega\"}]},{\"@type\":\"WebSite\",\"@id\":\"https:\\\/\\\/vtm.group\\\/es\\\/#website\",\"url\":\"https:\\\/\\\/vtm.group\\\/es\\\/\",\"name\":\"VTM Group\",\"description\":\"Fabricando m\u00e1quinas equilibradoras desde 1973\",\"publisher\":{\"@id\":\"https:\\\/\\\/vtm.group\\\/es\\\/#organization\"},\"potentialAction\":[{\"@type\":\"SearchAction\",\"target\":{\"@type\":\"EntryPoint\",\"urlTemplate\":\"https:\\\/\\\/vtm.group\\\/es\\\/?s={search_term_string}\"},\"query-input\":{\"@type\":\"PropertyValueSpecification\",\"valueRequired\":true,\"valueName\":\"search_term_string\"}}],\"inLanguage\":\"es\"},{\"@type\":\"Organization\",\"@id\":\"https:\\\/\\\/vtm.group\\\/es\\\/#organization\",\"name\":\"VTM Group\",\"url\":\"https:\\\/\\\/vtm.group\\\/es\\\/\",\"logo\":{\"@type\":\"ImageObject\",\"inLanguage\":\"es\",\"@id\":\"https:\\\/\\\/vtm.group\\\/es\\\/#\\\/schema\\\/logo\\\/image\\\/\",\"url\":\"https:\\\/\\\/vtm.group\\\/wp-content\\\/uploads\\\/2026\\\/01\\\/Logo-VTM.svg\",\"contentUrl\":\"https:\\\/\\\/vtm.group\\\/wp-content\\\/uploads\\\/2026\\\/01\\\/Logo-VTM.svg\",\"caption\":\"VTM Group\"},\"image\":{\"@id\":\"https:\\\/\\\/vtm.group\\\/es\\\/#\\\/schema\\\/logo\\\/image\\\/\"},\"sameAs\":[\"https:\\\/\\\/www.facebook.com\\\/vtmgroup1\\\/\",\"https:\\\/\\\/www.youtube.com\\\/@VTM.balancing\\\/\",\"https:\\\/\\\/www.linkedin.com\\\/company\\\/vtm.group\"]}]}<\/script>\n<!-- \/ Yoast SEO plugin. -->","yoast_head_json":{"title":"Pago y entrega - VTM Group","description":"El suministro de equipos se realiza en virtud de un contrato celebrado entre el Comprador y el Grupo VTM.","robots":{"index":"index","follow":"follow","max-snippet":"max-snippet:-1","max-image-preview":"max-image-preview:large","max-video-preview":"max-video-preview:-1"},"canonical":"https:\/\/vtm.group\/es\/pago-y-entrega\/","og_locale":"es_ES","og_type":"article","og_title":"Pago y entrega - VTM Group","og_description":"El suministro de equipos se realiza en virtud de un contrato celebrado entre el Comprador y el Grupo VTM.","og_url":"https:\/\/vtm.group\/es\/pago-y-entrega\/","og_site_name":"VTM Group","article_publisher":"https:\/\/www.facebook.com\/vtmgroup1\/","article_modified_time":"2025-11-05T10:07:22+00:00","og_image":[{"width":2560,"height":1707,"url":"https:\/\/vtm.group\/wp-content\/uploads\/2025\/10\/person-paying-with-nfc-technology-restaurant-scaled.jpg","type":"image\/jpeg"}],"twitter_card":"summary_large_image","twitter_misc":{"Tiempo de lectura":"2 minuto"},"schema":{"@context":"https:\/\/schema.org","@graph":[{"@type":["WebPage","AboutPage"],"@id":"https:\/\/vtm.group\/es\/pago-y-entrega\/","url":"https:\/\/vtm.group\/es\/pago-y-entrega\/","name":"Pago y entrega - VTM Group","isPartOf":{"@id":"https:\/\/vtm.group\/es\/#website"},"primaryImageOfPage":{"@id":"https:\/\/vtm.group\/es\/pago-y-entrega\/#primaryimage"},"image":{"@id":"https:\/\/vtm.group\/es\/pago-y-entrega\/#primaryimage"},"thumbnailUrl":"https:\/\/vtm.group\/wp-content\/uploads\/2025\/10\/person-paying-with-nfc-technology-restaurant-scaled.jpg","datePublished":"2025-08-25T10:23:28+00:00","dateModified":"2025-11-05T10:07:22+00:00","description":"El suministro de equipos se realiza en virtud de un contrato celebrado entre el Comprador y el Grupo VTM.","breadcrumb":{"@id":"https:\/\/vtm.group\/es\/pago-y-entrega\/#breadcrumb"},"inLanguage":"es","potentialAction":[{"@type":"ReadAction","target":["https:\/\/vtm.group\/es\/pago-y-entrega\/"]}]},{"@type":"ImageObject","inLanguage":"es","@id":"https:\/\/vtm.group\/es\/pago-y-entrega\/#primaryimage","url":"https:\/\/vtm.group\/wp-content\/uploads\/2025\/10\/person-paying-with-nfc-technology-restaurant-scaled.jpg","contentUrl":"https:\/\/vtm.group\/wp-content\/uploads\/2025\/10\/person-paying-with-nfc-technology-restaurant-scaled.jpg","width":2560,"height":1707},{"@type":"BreadcrumbList","@id":"https:\/\/vtm.group\/es\/pago-y-entrega\/#breadcrumb","itemListElement":[{"@type":"ListItem","position":1,"name":"Inicio","item":"https:\/\/vtm.group\/es\/"},{"@type":"ListItem","position":2,"name":"Pago y entrega"}]},{"@type":"WebSite","@id":"https:\/\/vtm.group\/es\/#website","url":"https:\/\/vtm.group\/es\/","name":"VTM Group","description":"Fabricando m\u00e1quinas equilibradoras desde 1973","publisher":{"@id":"https:\/\/vtm.group\/es\/#organization"},"potentialAction":[{"@type":"SearchAction","target":{"@type":"EntryPoint","urlTemplate":"https:\/\/vtm.group\/es\/?s={search_term_string}"},"query-input":{"@type":"PropertyValueSpecification","valueRequired":true,"valueName":"search_term_string"}}],"inLanguage":"es"},{"@type":"Organization","@id":"https:\/\/vtm.group\/es\/#organization","name":"VTM Group","url":"https:\/\/vtm.group\/es\/","logo":{"@type":"ImageObject","inLanguage":"es","@id":"https:\/\/vtm.group\/es\/#\/schema\/logo\/image\/","url":"https:\/\/vtm.group\/wp-content\/uploads\/2026\/01\/Logo-VTM.svg","contentUrl":"https:\/\/vtm.group\/wp-content\/uploads\/2026\/01\/Logo-VTM.svg","caption":"VTM Group"},"image":{"@id":"https:\/\/vtm.group\/es\/#\/schema\/logo\/image\/"},"sameAs":["https:\/\/www.facebook.com\/vtmgroup1\/","https:\/\/www.youtube.com\/@VTM.balancing\/","https:\/\/www.linkedin.com\/company\/vtm.group"]}]}},"taxonomy_info":[],"featured_image_src_large":["https:\/\/vtm.group\/wp-content\/uploads\/2025\/10\/person-paying-with-nfc-technology-restaurant-1024x683.jpg",1024,683,true],"author_info":{"display_name":"admin","author_link":"https:\/\/vtm.group\/es\/author\/admin\/"},"comment_info":0,"_links":{"self":[{"href":"https:\/\/vtm.group\/es\/wp-json\/wp\/v2\/pages\/8307","targetHints":{"allow":["GET"]}}],"collection":[{"href":"https:\/\/vtm.group\/es\/wp-json\/wp\/v2\/pages"}],"about":[{"href":"https:\/\/vtm.group\/es\/wp-json\/wp\/v2\/types\/page"}],"author":[{"embeddable":true,"href":"https:\/\/vtm.group\/es\/wp-json\/wp\/v2\/users\/1"}],"replies":[{"embeddable":true,"href":"https:\/\/vtm.group\/es\/wp-json\/wp\/v2\/comments?post=8307"}],"version-history":[{"count":1,"href":"https:\/\/vtm.group\/es\/wp-json\/wp\/v2\/pages\/8307\/revisions"}],"predecessor-version":[{"id":8316,"href":"https:\/\/vtm.group\/es\/wp-json\/wp\/v2\/pages\/8307\/revisions\/8316"}],"wp:featuredmedia":[{"embeddable":true,"href":"https:\/\/vtm.group\/es\/wp-json\/wp\/v2\/media\/8308"}],"wp:attachment":[{"href":"https:\/\/vtm.group\/es\/wp-json\/wp\/v2\/media?parent=8307"}],"curies":[{"name":"wp","href":"https:\/\/api.w.org\/{rel}","templated":true}]}}