{"id":6490,"date":"2025-08-04T21:17:00","date_gmt":"2025-08-04T18:17:00","guid":{"rendered":"https:\/\/vtm.group\/product\/poseidon-1000-experte\/"},"modified":"2025-08-04T21:17:00","modified_gmt":"2025-08-04T18:17:00","slug":"poseidon-1000-experte","status":"publish","type":"product","link":"https:\/\/vtm.group\/de\/product\/poseidon-1000-experte\/","title":{"rendered":"POSEIDON-1000 Experte"},"content":{"rendered":"","protected":false},"featured_media":6491,"parent":0,"template":"","meta":{"_acf_changed":false,"_kb_optimizer_status":0,"_kad_blocks_custom_css":"","_kad_blocks_head_custom_js":"","_kad_blocks_body_custom_js":"","_kad_blocks_footer_custom_js":"","_kadence_starter_templates_imported_post":false,"_kad_post_transparent":"","_kad_post_title":"","_kad_post_layout":"","_kad_post_sidebar_id":"","_kad_post_content_style":"","_kad_post_vertical_padding":"","_kad_post_feature":"","_kad_post_feature_position":"","_kad_post_header":false,"_kad_post_footer":false,"_kad_post_classname":""},"tags":[],"product-category":[142],"class_list":["post-6490","product","type-product","status-publish","has-post-thumbnail","hentry","product-category-dpf-reinigungsmaschinen"],"acf":[],"yoast_head":"<!-- This site is optimized with the Yoast SEO plugin v27.4 - https:\/\/yoast.com\/product\/yoast-seo-wordpress\/ -->\n<title>DPF-Maschine f\u00fcr fortschrittliche Reinigung - POSEIDON-1000 Experte - VTM Group%<\/title>\n<meta name=\"description\" content=\"Mit dieser Maschine k\u00f6nnen Sie eine hochwertige, fortschrittliche Reinigung von DPF-Filtern und Katalysatoren f\u00fcr alle Fahrzeugtypen ohne mechanischen Eingriff durchf\u00fchren.\" \/>\n<meta name=\"robots\" content=\"index, follow, max-snippet:-1, max-image-preview:large, max-video-preview:-1\" \/>\n<link rel=\"canonical\" href=\"https:\/\/vtm.group\/de\/product\/poseidon-1000-experte\/\" \/>\n<meta property=\"og:locale\" content=\"de_DE\" \/>\n<meta property=\"og:type\" content=\"article\" \/>\n<meta property=\"og:title\" content=\"DPF-Maschine f\u00fcr fortschrittliche Reinigung - POSEIDON-1000 Experte - VTM Group%\" \/>\n<meta property=\"og:description\" content=\"Mit dieser Maschine k\u00f6nnen Sie eine hochwertige, fortschrittliche Reinigung von DPF-Filtern und Katalysatoren f\u00fcr alle Fahrzeugtypen ohne mechanischen Eingriff durchf\u00fchren.\" \/>\n<meta property=\"og:url\" content=\"https:\/\/vtm.group\/de\/product\/poseidon-1000-experte\/\" \/>\n<meta property=\"og:site_name\" content=\"VTM Group\" \/>\n<meta property=\"article:publisher\" content=\"https:\/\/www.facebook.com\/vtmgroup1\/\" \/>\n<meta property=\"og:image\" content=\"https:\/\/vtm.group\/wp-content\/uploads\/2025\/08\/poseidon_expert.jpg\" \/>\n\t<meta property=\"og:image:width\" content=\"1500\" \/>\n\t<meta property=\"og:image:height\" content=\"1125\" \/>\n\t<meta property=\"og:image:type\" content=\"image\/jpeg\" \/>\n<meta name=\"twitter:card\" content=\"summary_large_image\" \/>\n<script type=\"application\/ld+json\" class=\"yoast-schema-graph\">{\"@context\":\"https:\\\/\\\/schema.org\",\"@graph\":[{\"@type\":[\"WebPage\",\"ItemPage\"],\"@id\":\"https:\\\/\\\/vtm.group\\\/de\\\/product\\\/poseidon-1000-experte\\\/\",\"url\":\"https:\\\/\\\/vtm.group\\\/de\\\/product\\\/poseidon-1000-experte\\\/\",\"name\":\"DPF-Maschine f\u00fcr fortschrittliche Reinigung - POSEIDON-1000 Experte - VTM Group%\",\"isPartOf\":{\"@id\":\"https:\\\/\\\/vtm.group\\\/de\\\/#website\"},\"primaryImageOfPage\":{\"@id\":\"https:\\\/\\\/vtm.group\\\/de\\\/product\\\/poseidon-1000-experte\\\/#primaryimage\"},\"image\":{\"@id\":\"https:\\\/\\\/vtm.group\\\/de\\\/product\\\/poseidon-1000-experte\\\/#primaryimage\"},\"thumbnailUrl\":\"https:\\\/\\\/vtm.group\\\/wp-content\\\/uploads\\\/2025\\\/08\\\/poseidon_expert.jpg\",\"datePublished\":\"2025-08-04T18:17:00+00:00\",\"description\":\"Mit dieser Maschine k\u00f6nnen Sie eine hochwertige, fortschrittliche Reinigung von DPF-Filtern und Katalysatoren f\u00fcr alle Fahrzeugtypen ohne mechanischen Eingriff durchf\u00fchren.\",\"breadcrumb\":{\"@id\":\"https:\\\/\\\/vtm.group\\\/de\\\/product\\\/poseidon-1000-experte\\\/#breadcrumb\"},\"inLanguage\":\"de\",\"potentialAction\":[{\"@type\":\"ReadAction\",\"target\":[\"https:\\\/\\\/vtm.group\\\/de\\\/product\\\/poseidon-1000-experte\\\/\"]}]},{\"@type\":\"ImageObject\",\"inLanguage\":\"de\",\"@id\":\"https:\\\/\\\/vtm.group\\\/de\\\/product\\\/poseidon-1000-experte\\\/#primaryimage\",\"url\":\"https:\\\/\\\/vtm.group\\\/wp-content\\\/uploads\\\/2025\\\/08\\\/poseidon_expert.jpg\",\"contentUrl\":\"https:\\\/\\\/vtm.group\\\/wp-content\\\/uploads\\\/2025\\\/08\\\/poseidon_expert.jpg\",\"width\":1500,\"height\":1125},{\"@type\":\"BreadcrumbList\",\"@id\":\"https:\\\/\\\/vtm.group\\\/de\\\/product\\\/poseidon-1000-experte\\\/#breadcrumb\",\"itemListElement\":[{\"@type\":\"ListItem\",\"position\":1,\"name\":\"Startseite\",\"item\":\"https:\\\/\\\/vtm.group\\\/de\\\/\"},{\"@type\":\"ListItem\",\"position\":2,\"name\":\"Products\",\"item\":\"https:\\\/\\\/vtm.group\\\/de\\\/product-category\\\/\"},{\"@type\":\"ListItem\",\"position\":3,\"name\":\"Ausstattung der Garage\",\"item\":\"https:\\\/\\\/vtm.group\\\/de\\\/product-category\\\/ausstattung-der-garage\\\/\"},{\"@type\":\"ListItem\",\"position\":4,\"name\":\"DPF-Reinigungsmaschinen\",\"item\":\"https:\\\/\\\/vtm.group\\\/de\\\/product-category\\\/dpf-reinigungsmaschinen\\\/\"},{\"@type\":\"ListItem\",\"position\":5,\"name\":\"POSEIDON-1000 Experte\"}]},{\"@type\":\"WebSite\",\"@id\":\"https:\\\/\\\/vtm.group\\\/de\\\/#website\",\"url\":\"https:\\\/\\\/vtm.group\\\/de\\\/\",\"name\":\"VTM Group\",\"description\":\"Herstellung von Auswuchtmaschinen seit 1973\",\"publisher\":{\"@id\":\"https:\\\/\\\/vtm.group\\\/de\\\/#organization\"},\"potentialAction\":[{\"@type\":\"SearchAction\",\"target\":{\"@type\":\"EntryPoint\",\"urlTemplate\":\"https:\\\/\\\/vtm.group\\\/de\\\/?s={search_term_string}\"},\"query-input\":{\"@type\":\"PropertyValueSpecification\",\"valueRequired\":true,\"valueName\":\"search_term_string\"}}],\"inLanguage\":\"de\"},{\"@type\":\"Organization\",\"@id\":\"https:\\\/\\\/vtm.group\\\/de\\\/#organization\",\"name\":\"VTM Group\",\"url\":\"https:\\\/\\\/vtm.group\\\/de\\\/\",\"logo\":{\"@type\":\"ImageObject\",\"inLanguage\":\"de\",\"@id\":\"https:\\\/\\\/vtm.group\\\/de\\\/#\\\/schema\\\/logo\\\/image\\\/\",\"url\":\"https:\\\/\\\/vtm.group\\\/wp-content\\\/uploads\\\/2026\\\/01\\\/Logo-VTM.svg\",\"contentUrl\":\"https:\\\/\\\/vtm.group\\\/wp-content\\\/uploads\\\/2026\\\/01\\\/Logo-VTM.svg\",\"caption\":\"VTM Group\"},\"image\":{\"@id\":\"https:\\\/\\\/vtm.group\\\/de\\\/#\\\/schema\\\/logo\\\/image\\\/\"},\"sameAs\":[\"https:\\\/\\\/www.facebook.com\\\/vtmgroup1\\\/\",\"https:\\\/\\\/www.youtube.com\\\/@VTM.balancing\\\/\",\"https:\\\/\\\/www.linkedin.com\\\/company\\\/vtm.group\"]}]}<\/script>\n<!-- \/ Yoast SEO plugin. -->","yoast_head_json":{"title":"DPF-Maschine f\u00fcr fortschrittliche Reinigung - POSEIDON-1000 Experte - VTM Group%","description":"Mit dieser Maschine k\u00f6nnen Sie eine hochwertige, fortschrittliche Reinigung von DPF-Filtern und Katalysatoren f\u00fcr alle Fahrzeugtypen ohne mechanischen Eingriff durchf\u00fchren.","robots":{"index":"index","follow":"follow","max-snippet":"max-snippet:-1","max-image-preview":"max-image-preview:large","max-video-preview":"max-video-preview:-1"},"canonical":"https:\/\/vtm.group\/de\/product\/poseidon-1000-experte\/","og_locale":"de_DE","og_type":"article","og_title":"DPF-Maschine f\u00fcr fortschrittliche Reinigung - POSEIDON-1000 Experte - VTM Group%","og_description":"Mit dieser Maschine k\u00f6nnen Sie eine hochwertige, fortschrittliche Reinigung von DPF-Filtern und Katalysatoren f\u00fcr alle Fahrzeugtypen ohne mechanischen Eingriff durchf\u00fchren.","og_url":"https:\/\/vtm.group\/de\/product\/poseidon-1000-experte\/","og_site_name":"VTM Group","article_publisher":"https:\/\/www.facebook.com\/vtmgroup1\/","og_image":[{"width":1500,"height":1125,"url":"https:\/\/vtm.group\/wp-content\/uploads\/2025\/08\/poseidon_expert.jpg","type":"image\/jpeg"}],"twitter_card":"summary_large_image","schema":{"@context":"https:\/\/schema.org","@graph":[{"@type":["WebPage","ItemPage"],"@id":"https:\/\/vtm.group\/de\/product\/poseidon-1000-experte\/","url":"https:\/\/vtm.group\/de\/product\/poseidon-1000-experte\/","name":"DPF-Maschine f\u00fcr fortschrittliche Reinigung - POSEIDON-1000 Experte - VTM Group%","isPartOf":{"@id":"https:\/\/vtm.group\/de\/#website"},"primaryImageOfPage":{"@id":"https:\/\/vtm.group\/de\/product\/poseidon-1000-experte\/#primaryimage"},"image":{"@id":"https:\/\/vtm.group\/de\/product\/poseidon-1000-experte\/#primaryimage"},"thumbnailUrl":"https:\/\/vtm.group\/wp-content\/uploads\/2025\/08\/poseidon_expert.jpg","datePublished":"2025-08-04T18:17:00+00:00","description":"Mit dieser Maschine k\u00f6nnen Sie eine hochwertige, fortschrittliche Reinigung von DPF-Filtern und Katalysatoren f\u00fcr alle Fahrzeugtypen ohne mechanischen Eingriff durchf\u00fchren.","breadcrumb":{"@id":"https:\/\/vtm.group\/de\/product\/poseidon-1000-experte\/#breadcrumb"},"inLanguage":"de","potentialAction":[{"@type":"ReadAction","target":["https:\/\/vtm.group\/de\/product\/poseidon-1000-experte\/"]}]},{"@type":"ImageObject","inLanguage":"de","@id":"https:\/\/vtm.group\/de\/product\/poseidon-1000-experte\/#primaryimage","url":"https:\/\/vtm.group\/wp-content\/uploads\/2025\/08\/poseidon_expert.jpg","contentUrl":"https:\/\/vtm.group\/wp-content\/uploads\/2025\/08\/poseidon_expert.jpg","width":1500,"height":1125},{"@type":"BreadcrumbList","@id":"https:\/\/vtm.group\/de\/product\/poseidon-1000-experte\/#breadcrumb","itemListElement":[{"@type":"ListItem","position":1,"name":"Startseite","item":"https:\/\/vtm.group\/de\/"},{"@type":"ListItem","position":2,"name":"Products","item":"https:\/\/vtm.group\/de\/product-category\/"},{"@type":"ListItem","position":3,"name":"Ausstattung der Garage","item":"https:\/\/vtm.group\/de\/product-category\/ausstattung-der-garage\/"},{"@type":"ListItem","position":4,"name":"DPF-Reinigungsmaschinen","item":"https:\/\/vtm.group\/de\/product-category\/dpf-reinigungsmaschinen\/"},{"@type":"ListItem","position":5,"name":"POSEIDON-1000 Experte"}]},{"@type":"WebSite","@id":"https:\/\/vtm.group\/de\/#website","url":"https:\/\/vtm.group\/de\/","name":"VTM Group","description":"Herstellung von Auswuchtmaschinen seit 1973","publisher":{"@id":"https:\/\/vtm.group\/de\/#organization"},"potentialAction":[{"@type":"SearchAction","target":{"@type":"EntryPoint","urlTemplate":"https:\/\/vtm.group\/de\/?s={search_term_string}"},"query-input":{"@type":"PropertyValueSpecification","valueRequired":true,"valueName":"search_term_string"}}],"inLanguage":"de"},{"@type":"Organization","@id":"https:\/\/vtm.group\/de\/#organization","name":"VTM Group","url":"https:\/\/vtm.group\/de\/","logo":{"@type":"ImageObject","inLanguage":"de","@id":"https:\/\/vtm.group\/de\/#\/schema\/logo\/image\/","url":"https:\/\/vtm.group\/wp-content\/uploads\/2026\/01\/Logo-VTM.svg","contentUrl":"https:\/\/vtm.group\/wp-content\/uploads\/2026\/01\/Logo-VTM.svg","caption":"VTM Group"},"image":{"@id":"https:\/\/vtm.group\/de\/#\/schema\/logo\/image\/"},"sameAs":["https:\/\/www.facebook.com\/vtmgroup1\/","https:\/\/www.youtube.com\/@VTM.balancing\/","https:\/\/www.linkedin.com\/company\/vtm.group"]}]}},"taxonomy_info":{"product-category":[{"value":142,"label":"DPF-Reinigungsmaschinen"}]},"featured_image_src_large":["https:\/\/vtm.group\/wp-content\/uploads\/2025\/08\/poseidon_expert-1024x768.jpg",1024,768,true],"author_info":[],"comment_info":"","_links":{"self":[{"href":"https:\/\/vtm.group\/de\/wp-json\/wp\/v2\/product\/6490","targetHints":{"allow":["GET"]}}],"collection":[{"href":"https:\/\/vtm.group\/de\/wp-json\/wp\/v2\/product"}],"about":[{"href":"https:\/\/vtm.group\/de\/wp-json\/wp\/v2\/types\/product"}],"wp:featuredmedia":[{"embeddable":true,"href":"https:\/\/vtm.group\/de\/wp-json\/wp\/v2\/media\/6491"}],"wp:attachment":[{"href":"https:\/\/vtm.group\/de\/wp-json\/wp\/v2\/media?parent=6490"}],"wp:term":[{"taxonomy":"post_tag","embeddable":true,"href":"https:\/\/vtm.group\/de\/wp-json\/wp\/v2\/tags?post=6490"},{"taxonomy":"product-category","embeddable":true,"href":"https:\/\/vtm.group\/de\/wp-json\/wp\/v2\/product-category?post=6490"}],"curies":[{"name":"wp","href":"https:\/\/api.w.org\/{rel}","templated":true}]}}