{"id":5995,"date":"2025-08-25T13:23:28","date_gmt":"2025-08-25T10:23:28","guid":{"rendered":"https:\/\/vtm.group\/zahlung-lieferung\/"},"modified":"2025-10-09T16:13:53","modified_gmt":"2025-10-09T13:13:53","slug":"zahlung-lieferung","status":"publish","type":"page","link":"https:\/\/vtm.group\/de\/zahlung-lieferung\/","title":{"rendered":"Zahlung &amp; Lieferung"},"content":{"rendered":"<style>.kb-row-layout-wrap.wp-block-kadence-rowlayout.kb-row-layout-id4803_5f5cf5-68{margin-top:var(--global-kb-spacing-lg, 3rem);margin-bottom:var(--global-kb-spacing-xl, 4rem);}.kb-row-layout-id4803_5f5cf5-68 > .kt-row-column-wrap{align-content:start;}:where(.kb-row-layout-id4803_5f5cf5-68 > .kt-row-column-wrap) > .wp-block-kadence-column{justify-content:start;}.kb-row-layout-id4803_5f5cf5-68 > .kt-row-column-wrap{column-gap:var(--global-kb-gap-md, 2rem);row-gap:var(--global-kb-gap-md, 2rem);max-width:700px;margin-left:auto;margin-right:auto;grid-template-columns:minmax(0, 1fr);}.kb-row-layout-id4803_5f5cf5-68 > .kt-row-layout-overlay{opacity:0.30;}@media all and (max-width: 1024px){.kb-row-layout-id4803_5f5cf5-68 > .kt-row-column-wrap{grid-template-columns:minmax(0, 1fr);}}@media all and (max-width: 767px){.kb-row-layout-id4803_5f5cf5-68 > .kt-row-column-wrap{grid-template-columns:minmax(0, 1fr);}}<\/style><div class=\"kb-row-layout-wrap kb-row-layout-id4803_5f5cf5-68 alignfull wp-block-kadence-rowlayout\"><div class=\"kt-row-column-wrap kt-has-1-columns kt-row-layout-equal kt-tab-layout-inherit kt-mobile-layout-row kt-row-valign-top\">\n<style>.kadence-column4803_df54ee-a0 > .kt-inside-inner-col,.kadence-column4803_df54ee-a0 > .kt-inside-inner-col:before{border-top-left-radius:0px;border-top-right-radius:0px;border-bottom-right-radius:0px;border-bottom-left-radius:0px;}.kadence-column4803_df54ee-a0 > .kt-inside-inner-col{column-gap:var(--global-kb-gap-sm, 1rem);}.kadence-column4803_df54ee-a0 > .kt-inside-inner-col{flex-direction:column;}.kadence-column4803_df54ee-a0 > .kt-inside-inner-col > .aligncenter{width:100%;}.kadence-column4803_df54ee-a0 > .kt-inside-inner-col:before{opacity:0.3;}.kadence-column4803_df54ee-a0{position:relative;}@media all and (max-width: 1024px){.kadence-column4803_df54ee-a0 > .kt-inside-inner-col{flex-direction:column;justify-content:center;}}@media all and (max-width: 767px){.kadence-column4803_df54ee-a0 > .kt-inside-inner-col{flex-direction:column;justify-content:center;}}<\/style>\n<div class=\"wp-block-kadence-column kadence-column4803_df54ee-a0\"><div class=\"kt-inside-inner-col\">\n<h3 class=\"wp-block-heading\">Bezahlung<\/h3>\n\n\n\n<p>Die Lieferung von Ausr\u00fcstung erfolgt im Rahmen eines zwischen dem K\u00e4ufer und der VTM-Gruppe geschlossenen Vertrags. Alle Bedingungen, einschlie\u00dflich der technischen Spezifikationen, der Bereitstellungsfristen und der Versandbedingungen, sind in diesem Vertrag festgelegt. <\/p>\n\n\n\n<p>Die Zahlung erfolgt per Bank\u00fcberweisung auf das offizielle Konto der VTM Group. Der Zahlungsvorgang besteht aus zwei Phasen: <\/p>\n\n\n\n<ul class=\"wp-block-list\">\n<li>Eine teilweise Vorauszahlung nach Unterzeichnung des Vertrags;<\/li>\n\n\n\n<li>Der Restbetrag wird bei der Benachrichtigung, dass die Ausr\u00fcstung versandbereit ist, bezahlt.<\/li>\n<\/ul>\n\n\n\n<p>Vor der Auslieferung organisieren wir eine Videokonferenz, um die Funktionsf\u00e4higkeit und Einsatzbereitschaft der Maschine zu demonstrieren.<\/p>\n\n\n\n<p>In Ausnahmef\u00e4llen gew\u00e4hren wir eine <strong>100%ige Geld-zur\u00fcck-Garantie<\/strong>.<\/p>\n<\/div><\/div>\n\n<\/div><\/div><style>.kb-row-layout-wrap.wp-block-kadence-rowlayout.kb-row-layout-id4803_da84a9-f2{margin-bottom:var(--global-kb-spacing-xl, 4rem);}.kb-row-layout-id4803_da84a9-f2 > .kt-row-column-wrap{align-content:start;}:where(.kb-row-layout-id4803_da84a9-f2 > .kt-row-column-wrap) > .wp-block-kadence-column{justify-content:start;}.kb-row-layout-id4803_da84a9-f2 > .kt-row-column-wrap{column-gap:var(--global-kb-gap-md, 2rem);row-gap:var(--global-kb-gap-md, 2rem);max-width:700px;margin-left:auto;margin-right:auto;grid-template-columns:minmax(0, 1fr);}.kb-row-layout-id4803_da84a9-f2 > .kt-row-layout-overlay{opacity:0.30;}@media all and (max-width: 1024px){.kb-row-layout-id4803_da84a9-f2 > .kt-row-column-wrap{grid-template-columns:minmax(0, 1fr);}}@media all and (max-width: 767px){.kb-row-layout-id4803_da84a9-f2 > .kt-row-column-wrap{grid-template-columns:minmax(0, 1fr);}}<\/style><div class=\"kb-row-layout-wrap kb-row-layout-id4803_da84a9-f2 alignfull wp-block-kadence-rowlayout\"><div class=\"kt-row-column-wrap kt-has-1-columns kt-row-layout-equal kt-tab-layout-inherit kt-mobile-layout-row kt-row-valign-top\">\n<style>.kadence-column4803_6d51f7-a7 > .kt-inside-inner-col,.kadence-column4803_6d51f7-a7 > .kt-inside-inner-col:before{border-top-left-radius:0px;border-top-right-radius:0px;border-bottom-right-radius:0px;border-bottom-left-radius:0px;}.kadence-column4803_6d51f7-a7 > .kt-inside-inner-col{column-gap:var(--global-kb-gap-sm, 1rem);}.kadence-column4803_6d51f7-a7 > .kt-inside-inner-col{flex-direction:column;}.kadence-column4803_6d51f7-a7 > .kt-inside-inner-col > .aligncenter{width:100%;}.kadence-column4803_6d51f7-a7 > .kt-inside-inner-col:before{opacity:0.3;}.kadence-column4803_6d51f7-a7{position:relative;}@media all and (max-width: 1024px){.kadence-column4803_6d51f7-a7 > .kt-inside-inner-col{flex-direction:column;justify-content:center;}}@media all and (max-width: 767px){.kadence-column4803_6d51f7-a7 > .kt-inside-inner-col{flex-direction:column;justify-content:center;}}<\/style>\n<div class=\"wp-block-kadence-column kadence-column4803_6d51f7-a7\"><div class=\"kt-inside-inner-col\">\n<h3 class=\"wp-block-heading\">Lieferung<\/h3>\n\n\n\n<p>Die VTM Group \u00fcbernimmt die Kosten f\u00fcr die Transportverpackung und das Verladen der Ger\u00e4te auf das Transportfahrzeug.<\/p>\n\n\n\n<p>Die Lieferung ist nicht im Preis der Ausr\u00fcstung enthalten und wird separat berechnet. Wir bieten verschiedene Lieferoptionen gem\u00e4\u00df Incoterms 2020 an: <\/p>\n\n\n\n<ul class=\"wp-block-list\">\n<li><strong>FCA Odesa, Ukraine<\/strong><\/li>\n\n\n\n<li><strong>DAP &#8211; Adresse des K\u00e4ufers<\/strong><\/li>\n\n\n\n<li><strong>FAS oder CIF &#8211; Hafen im Land des K\u00e4ufers<\/strong><\/li>\n<\/ul>\n\n\n\n<p>Unsere Manager sind gerne bereit, Ihnen bei der Auswahl eines zuverl\u00e4ssigen Transportunternehmens zu helfen, das die Pr\u00e4ferenzen des Kunden und die optimalen Bedingungen in Bezug auf Zeit und Kosten ber\u00fccksichtigt. Der K\u00e4ufer kann die Lieferung auch selbst mit einem bevorzugten Transportunternehmen vereinbaren. In diesem Fall \u00fcbernehmen wir die Verladung in Odesa.  <\/p>\n<\/div><\/div>\n\n<\/div><\/div><style>.kb-row-layout-wrap.wp-block-kadence-rowlayout.kb-row-layout-id4803_ee63b4-60{margin-bottom:var(--global-kb-spacing-xl, 4rem);}.kb-row-layout-id4803_ee63b4-60 > .kt-row-column-wrap{align-content:start;}:where(.kb-row-layout-id4803_ee63b4-60 > .kt-row-column-wrap) > .wp-block-kadence-column{justify-content:start;}.kb-row-layout-id4803_ee63b4-60 > .kt-row-column-wrap{column-gap:var(--global-kb-gap-md, 2rem);row-gap:var(--global-kb-gap-md, 2rem);max-width:700px;margin-left:auto;margin-right:auto;grid-template-columns:minmax(0, 1fr);}.kb-row-layout-id4803_ee63b4-60 > .kt-row-layout-overlay{opacity:0.30;}@media all and (max-width: 1024px){.kb-row-layout-id4803_ee63b4-60 > .kt-row-column-wrap{grid-template-columns:minmax(0, 1fr);}}@media all and (max-width: 767px){.kb-row-layout-id4803_ee63b4-60 > .kt-row-column-wrap{grid-template-columns:minmax(0, 1fr);}}<\/style><div class=\"kb-row-layout-wrap kb-row-layout-id4803_ee63b4-60 alignfull wp-block-kadence-rowlayout\"><div class=\"kt-row-column-wrap kt-has-1-columns kt-row-layout-equal kt-tab-layout-inherit kt-mobile-layout-row kt-row-valign-top\">\n<style>.kadence-column4803_32d2fe-f3 > .kt-inside-inner-col,.kadence-column4803_32d2fe-f3 > .kt-inside-inner-col:before{border-top-left-radius:0px;border-top-right-radius:0px;border-bottom-right-radius:0px;border-bottom-left-radius:0px;}.kadence-column4803_32d2fe-f3 > .kt-inside-inner-col{column-gap:var(--global-kb-gap-sm, 1rem);}.kadence-column4803_32d2fe-f3 > .kt-inside-inner-col{flex-direction:column;}.kadence-column4803_32d2fe-f3 > .kt-inside-inner-col > .aligncenter{width:100%;}.kadence-column4803_32d2fe-f3 > .kt-inside-inner-col:before{opacity:0.3;}.kadence-column4803_32d2fe-f3{position:relative;}@media all and (max-width: 1024px){.kadence-column4803_32d2fe-f3 > .kt-inside-inner-col{flex-direction:column;justify-content:center;}}@media all and (max-width: 767px){.kadence-column4803_32d2fe-f3 > .kt-inside-inner-col{flex-direction:column;justify-content:center;}}<\/style>\n<div class=\"wp-block-kadence-column kadence-column4803_32d2fe-f3\"><div class=\"kt-inside-inner-col\">\n<h3 class=\"wp-block-heading\">Inbetriebnahme und Start-up<\/h3>\n\n\n\n<p>Die Maschinen werden vorkonfiguriert und betriebsbereit geliefert. Der K\u00e4ufer kann die Inbetriebnahme selbst\u00e4ndig durchf\u00fchren, indem er die Anweisungen im Benutzerhandbuch befolgt. <\/p>\n\n\n\n<p>Auf Wunsch kann die VTM Group die Inbetriebnahme vor Ort als separaten Service anbieten. Dies ist nicht im Preis der Anlage enthalten und wird individuell berechnet. Der Service umfasst eine vollst\u00e4ndige Systempr\u00fcfung, Testl\u00e4ufe und eine Grundschulung f\u00fcr den Bediener. Dieser Service wird separat angeboten und ist mit zus\u00e4tzlichen Kosten verbunden.   <\/p>\n<\/div><\/div>\n\n<\/div><\/div>","protected":false},"excerpt":{"rendered":"<p>Bezahlung Die Lieferung von Ausr\u00fcstung erfolgt im Rahmen eines zwischen dem K\u00e4ufer und der VTM-Gruppe geschlossenen Vertrags. Alle Bedingungen, einschlie\u00dflich der technischen Spezifikationen, der Bereitstellungsfristen und der Versandbedingungen, sind in diesem Vertrag festgelegt. Die Zahlung erfolgt per Bank\u00fcberweisung auf das offizielle Konto der VTM Group. Der Zahlungsvorgang besteht aus zwei Phasen: Vor der Auslieferung organisieren&#8230;<\/p>\n","protected":false},"author":1,"featured_media":6631,"parent":0,"menu_order":0,"comment_status":"closed","ping_status":"closed","template":"","meta":{"_acf_changed":false,"_kb_optimizer_status":0,"_kad_blocks_custom_css":"","_kad_blocks_head_custom_js":"","_kad_blocks_body_custom_js":"","_kad_blocks_footer_custom_js":"","_kadence_starter_templates_imported_post":false,"_kad_post_transparent":"","_kad_post_title":"","_kad_post_layout":"","_kad_post_sidebar_id":"","_kad_post_content_style":"","_kad_post_vertical_padding":"","_kad_post_feature":"","_kad_post_feature_position":"","_kad_post_header":false,"_kad_post_footer":false,"_kad_post_classname":"","footnotes":""},"class_list":["post-5995","page","type-page","status-publish","has-post-thumbnail","hentry"],"acf":[],"yoast_head":"<!-- This site is optimized with the Yoast SEO plugin v27.4 - https:\/\/yoast.com\/product\/yoast-seo-wordpress\/ -->\n<title>Zahlung &amp; Lieferung - VTM Group<\/title>\n<meta name=\"description\" content=\"Die Lieferung der Ger\u00e4te erfolgt im Rahmen eines zwischen dem K\u00e4ufer und der VTM-Gruppe geschlossenen Vertrags.\" \/>\n<meta name=\"robots\" content=\"index, follow, max-snippet:-1, max-image-preview:large, max-video-preview:-1\" \/>\n<link rel=\"canonical\" href=\"https:\/\/vtm.group\/de\/zahlung-lieferung\/\" \/>\n<meta property=\"og:locale\" content=\"de_DE\" \/>\n<meta property=\"og:type\" content=\"article\" \/>\n<meta property=\"og:title\" content=\"Zahlung &amp; Lieferung - VTM Group\" \/>\n<meta property=\"og:description\" content=\"Die Lieferung der Ger\u00e4te erfolgt im Rahmen eines zwischen dem K\u00e4ufer und der VTM-Gruppe geschlossenen Vertrags.\" \/>\n<meta property=\"og:url\" content=\"https:\/\/vtm.group\/de\/zahlung-lieferung\/\" \/>\n<meta property=\"og:site_name\" content=\"VTM Group\" \/>\n<meta property=\"article:publisher\" content=\"https:\/\/www.facebook.com\/vtmgroup1\/\" \/>\n<meta property=\"article:modified_time\" content=\"2025-10-09T13:13:53+00:00\" \/>\n<meta property=\"og:image\" content=\"https:\/\/vtm.group\/wp-content\/uploads\/2025\/10\/person-paying-with-nfc-technology-restaurant-scaled.jpg\" \/>\n\t<meta property=\"og:image:width\" content=\"2560\" \/>\n\t<meta property=\"og:image:height\" content=\"1707\" \/>\n\t<meta property=\"og:image:type\" content=\"image\/jpeg\" \/>\n<meta name=\"twitter:card\" content=\"summary_large_image\" \/>\n<meta name=\"twitter:label1\" content=\"Gesch\u00e4tzte Lesezeit\" \/>\n\t<meta name=\"twitter:data1\" content=\"1\u00a0Minute\" \/>\n<script type=\"application\/ld+json\" class=\"yoast-schema-graph\">{\"@context\":\"https:\\\/\\\/schema.org\",\"@graph\":[{\"@type\":[\"WebPage\",\"AboutPage\"],\"@id\":\"https:\\\/\\\/vtm.group\\\/de\\\/zahlung-lieferung\\\/\",\"url\":\"https:\\\/\\\/vtm.group\\\/de\\\/zahlung-lieferung\\\/\",\"name\":\"Zahlung &amp; Lieferung - VTM Group\",\"isPartOf\":{\"@id\":\"https:\\\/\\\/vtm.group\\\/de\\\/#website\"},\"primaryImageOfPage\":{\"@id\":\"https:\\\/\\\/vtm.group\\\/de\\\/zahlung-lieferung\\\/#primaryimage\"},\"image\":{\"@id\":\"https:\\\/\\\/vtm.group\\\/de\\\/zahlung-lieferung\\\/#primaryimage\"},\"thumbnailUrl\":\"https:\\\/\\\/vtm.group\\\/wp-content\\\/uploads\\\/2025\\\/10\\\/person-paying-with-nfc-technology-restaurant-scaled.jpg\",\"datePublished\":\"2025-08-25T10:23:28+00:00\",\"dateModified\":\"2025-10-09T13:13:53+00:00\",\"description\":\"Die Lieferung der Ger\u00e4te erfolgt im Rahmen eines zwischen dem K\u00e4ufer und der VTM-Gruppe geschlossenen Vertrags.\",\"breadcrumb\":{\"@id\":\"https:\\\/\\\/vtm.group\\\/de\\\/zahlung-lieferung\\\/#breadcrumb\"},\"inLanguage\":\"de\",\"potentialAction\":[{\"@type\":\"ReadAction\",\"target\":[\"https:\\\/\\\/vtm.group\\\/de\\\/zahlung-lieferung\\\/\"]}]},{\"@type\":\"ImageObject\",\"inLanguage\":\"de\",\"@id\":\"https:\\\/\\\/vtm.group\\\/de\\\/zahlung-lieferung\\\/#primaryimage\",\"url\":\"https:\\\/\\\/vtm.group\\\/wp-content\\\/uploads\\\/2025\\\/10\\\/person-paying-with-nfc-technology-restaurant-scaled.jpg\",\"contentUrl\":\"https:\\\/\\\/vtm.group\\\/wp-content\\\/uploads\\\/2025\\\/10\\\/person-paying-with-nfc-technology-restaurant-scaled.jpg\",\"width\":2560,\"height\":1707},{\"@type\":\"BreadcrumbList\",\"@id\":\"https:\\\/\\\/vtm.group\\\/de\\\/zahlung-lieferung\\\/#breadcrumb\",\"itemListElement\":[{\"@type\":\"ListItem\",\"position\":1,\"name\":\"Startseite\",\"item\":\"https:\\\/\\\/vtm.group\\\/de\\\/\"},{\"@type\":\"ListItem\",\"position\":2,\"name\":\"Zahlung &amp; Lieferung\"}]},{\"@type\":\"WebSite\",\"@id\":\"https:\\\/\\\/vtm.group\\\/de\\\/#website\",\"url\":\"https:\\\/\\\/vtm.group\\\/de\\\/\",\"name\":\"VTM Group\",\"description\":\"Herstellung von Auswuchtmaschinen seit 1973\",\"publisher\":{\"@id\":\"https:\\\/\\\/vtm.group\\\/de\\\/#organization\"},\"potentialAction\":[{\"@type\":\"SearchAction\",\"target\":{\"@type\":\"EntryPoint\",\"urlTemplate\":\"https:\\\/\\\/vtm.group\\\/de\\\/?s={search_term_string}\"},\"query-input\":{\"@type\":\"PropertyValueSpecification\",\"valueRequired\":true,\"valueName\":\"search_term_string\"}}],\"inLanguage\":\"de\"},{\"@type\":\"Organization\",\"@id\":\"https:\\\/\\\/vtm.group\\\/de\\\/#organization\",\"name\":\"VTM Group\",\"url\":\"https:\\\/\\\/vtm.group\\\/de\\\/\",\"logo\":{\"@type\":\"ImageObject\",\"inLanguage\":\"de\",\"@id\":\"https:\\\/\\\/vtm.group\\\/de\\\/#\\\/schema\\\/logo\\\/image\\\/\",\"url\":\"https:\\\/\\\/vtm.group\\\/wp-content\\\/uploads\\\/2026\\\/01\\\/Logo-VTM.svg\",\"contentUrl\":\"https:\\\/\\\/vtm.group\\\/wp-content\\\/uploads\\\/2026\\\/01\\\/Logo-VTM.svg\",\"caption\":\"VTM Group\"},\"image\":{\"@id\":\"https:\\\/\\\/vtm.group\\\/de\\\/#\\\/schema\\\/logo\\\/image\\\/\"},\"sameAs\":[\"https:\\\/\\\/www.facebook.com\\\/vtmgroup1\\\/\",\"https:\\\/\\\/www.youtube.com\\\/@VTM.balancing\\\/\",\"https:\\\/\\\/www.linkedin.com\\\/company\\\/vtm.group\"]}]}<\/script>\n<!-- \/ Yoast SEO plugin. -->","yoast_head_json":{"title":"Zahlung &amp; Lieferung - VTM Group","description":"Die Lieferung der Ger\u00e4te erfolgt im Rahmen eines zwischen dem K\u00e4ufer und der VTM-Gruppe geschlossenen Vertrags.","robots":{"index":"index","follow":"follow","max-snippet":"max-snippet:-1","max-image-preview":"max-image-preview:large","max-video-preview":"max-video-preview:-1"},"canonical":"https:\/\/vtm.group\/de\/zahlung-lieferung\/","og_locale":"de_DE","og_type":"article","og_title":"Zahlung &amp; Lieferung - VTM Group","og_description":"Die Lieferung der Ger\u00e4te erfolgt im Rahmen eines zwischen dem K\u00e4ufer und der VTM-Gruppe geschlossenen Vertrags.","og_url":"https:\/\/vtm.group\/de\/zahlung-lieferung\/","og_site_name":"VTM Group","article_publisher":"https:\/\/www.facebook.com\/vtmgroup1\/","article_modified_time":"2025-10-09T13:13:53+00:00","og_image":[{"width":2560,"height":1707,"url":"https:\/\/vtm.group\/wp-content\/uploads\/2025\/10\/person-paying-with-nfc-technology-restaurant-scaled.jpg","type":"image\/jpeg"}],"twitter_card":"summary_large_image","twitter_misc":{"Gesch\u00e4tzte Lesezeit":"1\u00a0Minute"},"schema":{"@context":"https:\/\/schema.org","@graph":[{"@type":["WebPage","AboutPage"],"@id":"https:\/\/vtm.group\/de\/zahlung-lieferung\/","url":"https:\/\/vtm.group\/de\/zahlung-lieferung\/","name":"Zahlung &amp; Lieferung - VTM Group","isPartOf":{"@id":"https:\/\/vtm.group\/de\/#website"},"primaryImageOfPage":{"@id":"https:\/\/vtm.group\/de\/zahlung-lieferung\/#primaryimage"},"image":{"@id":"https:\/\/vtm.group\/de\/zahlung-lieferung\/#primaryimage"},"thumbnailUrl":"https:\/\/vtm.group\/wp-content\/uploads\/2025\/10\/person-paying-with-nfc-technology-restaurant-scaled.jpg","datePublished":"2025-08-25T10:23:28+00:00","dateModified":"2025-10-09T13:13:53+00:00","description":"Die Lieferung der Ger\u00e4te erfolgt im Rahmen eines zwischen dem K\u00e4ufer und der VTM-Gruppe geschlossenen Vertrags.","breadcrumb":{"@id":"https:\/\/vtm.group\/de\/zahlung-lieferung\/#breadcrumb"},"inLanguage":"de","potentialAction":[{"@type":"ReadAction","target":["https:\/\/vtm.group\/de\/zahlung-lieferung\/"]}]},{"@type":"ImageObject","inLanguage":"de","@id":"https:\/\/vtm.group\/de\/zahlung-lieferung\/#primaryimage","url":"https:\/\/vtm.group\/wp-content\/uploads\/2025\/10\/person-paying-with-nfc-technology-restaurant-scaled.jpg","contentUrl":"https:\/\/vtm.group\/wp-content\/uploads\/2025\/10\/person-paying-with-nfc-technology-restaurant-scaled.jpg","width":2560,"height":1707},{"@type":"BreadcrumbList","@id":"https:\/\/vtm.group\/de\/zahlung-lieferung\/#breadcrumb","itemListElement":[{"@type":"ListItem","position":1,"name":"Startseite","item":"https:\/\/vtm.group\/de\/"},{"@type":"ListItem","position":2,"name":"Zahlung &amp; Lieferung"}]},{"@type":"WebSite","@id":"https:\/\/vtm.group\/de\/#website","url":"https:\/\/vtm.group\/de\/","name":"VTM Group","description":"Herstellung von Auswuchtmaschinen seit 1973","publisher":{"@id":"https:\/\/vtm.group\/de\/#organization"},"potentialAction":[{"@type":"SearchAction","target":{"@type":"EntryPoint","urlTemplate":"https:\/\/vtm.group\/de\/?s={search_term_string}"},"query-input":{"@type":"PropertyValueSpecification","valueRequired":true,"valueName":"search_term_string"}}],"inLanguage":"de"},{"@type":"Organization","@id":"https:\/\/vtm.group\/de\/#organization","name":"VTM Group","url":"https:\/\/vtm.group\/de\/","logo":{"@type":"ImageObject","inLanguage":"de","@id":"https:\/\/vtm.group\/de\/#\/schema\/logo\/image\/","url":"https:\/\/vtm.group\/wp-content\/uploads\/2026\/01\/Logo-VTM.svg","contentUrl":"https:\/\/vtm.group\/wp-content\/uploads\/2026\/01\/Logo-VTM.svg","caption":"VTM Group"},"image":{"@id":"https:\/\/vtm.group\/de\/#\/schema\/logo\/image\/"},"sameAs":["https:\/\/www.facebook.com\/vtmgroup1\/","https:\/\/www.youtube.com\/@VTM.balancing\/","https:\/\/www.linkedin.com\/company\/vtm.group"]}]}},"taxonomy_info":[],"featured_image_src_large":["https:\/\/vtm.group\/wp-content\/uploads\/2025\/10\/person-paying-with-nfc-technology-restaurant-1024x683.jpg",1024,683,true],"author_info":{"display_name":"admin","author_link":"https:\/\/vtm.group\/de\/author\/admin\/"},"comment_info":0,"_links":{"self":[{"href":"https:\/\/vtm.group\/de\/wp-json\/wp\/v2\/pages\/5995","targetHints":{"allow":["GET"]}}],"collection":[{"href":"https:\/\/vtm.group\/de\/wp-json\/wp\/v2\/pages"}],"about":[{"href":"https:\/\/vtm.group\/de\/wp-json\/wp\/v2\/types\/page"}],"author":[{"embeddable":true,"href":"https:\/\/vtm.group\/de\/wp-json\/wp\/v2\/users\/1"}],"replies":[{"embeddable":true,"href":"https:\/\/vtm.group\/de\/wp-json\/wp\/v2\/comments?post=5995"}],"version-history":[{"count":1,"href":"https:\/\/vtm.group\/de\/wp-json\/wp\/v2\/pages\/5995\/revisions"}],"predecessor-version":[{"id":5996,"href":"https:\/\/vtm.group\/de\/wp-json\/wp\/v2\/pages\/5995\/revisions\/5996"}],"wp:featuredmedia":[{"embeddable":true,"href":"https:\/\/vtm.group\/de\/wp-json\/wp\/v2\/media\/6631"}],"wp:attachment":[{"href":"https:\/\/vtm.group\/de\/wp-json\/wp\/v2\/media?parent=5995"}],"curies":[{"name":"wp","href":"https:\/\/api.w.org\/{rel}","templated":true}]}}